{"id":55618,"date":"2021-02-21T17:56:57","date_gmt":"2021-02-21T17:56:57","guid":{"rendered":"https:\/\/www.autonvaraosahaku.fi\/?product=thermotec-dac006tt-valijaahdytin"},"modified":"2021-02-21T17:57:02","modified_gmt":"2021-02-21T17:57:02","slug":"thermotec-dac006tt-valijaahdytin","status":"publish","type":"product","link":"https:\/\/www.autonvaraosahaku.fi\/?product=thermotec-dac006tt-valijaahdytin","title":{"rendered":"THERMOTEC DAC006TT V\u00e4lij\u00e4\u00e4hdytin"},"content":{"rendered":"<p>Kennon mitat: 300-156-80; Valmistusvuoteen: 12\/2009; LANCIA: PHEDRA 179; TOYOTA: PROACE Kasten\/Kombi; FIAT: SCUDO 270_,SCUDO Kasten 270_,SCUDO Pritsche\/Fahrgestell 270_; CITRO\u00cbN: C8 EA_, EB_,JUMPY,JUMPY Kasten,JUMPY Pritsche\/Fahrgestell; PEUGEOT: 807 E,EXPERT Tepee VF3V_,EXPERT Kasten VF3A_, VF3U_, VF3X_,EXPERT Pritsche\/Fahrgestell; 0384J9, 0384N6, 0384P1, 1440068680, 1440094280, 1498985080, 0384J9, 0384N6, 0384P1, 1440068680, 1440094280, 1498985080, 0384J9, 0384N6, 0384P1, 1440068680, 1440094280, 1498985080, 0384J9, 0384N6, 0384P1, 1440068680, 1440094280, 1498985080, 0384J9, 0384N6, 0384P1, 1440068680, 1440094280, 1498985080<\/p>\n","protected":false},"excerpt":{"rendered":"<p>THERMOTEC V\u00e4lij\u00e4\u00e4hdytin DAC006TT  LANCIA,TOYOTA,FIAT,PHEDRA 179,PROACE Kasten\/Kombi,SCUDO 270_,SCUDO Kasten 270_,SCUDO Pritsche\/Fahrgestell 270_<\/p>\n","protected":false},"featured_media":0,"template":"","meta":{"site-sidebar-layout":"default","site-content-layout":"default","ast-global-header-display":"","ast-main-header-display":"","ast-hfb-above-header-display":"","ast-hfb-below-header-display":"","ast-hfb-mobile-header-display":"","site-post-title":"","ast-breadcrumbs-content":"","ast-featured-img":"","footer-sml-layout":"","theme-transparent-header-meta":"","adv-header-id-meta":"","stick-header-meta":"","header-above-stick-meta":"","header-main-stick-meta":"","header-below-stick-meta":""},"pwb-brand":[427],"product_cat":[234],"product_tag":[],"class_list":{"0":"post-55618","1":"product","2":"type-product","3":"status-publish","5":"pwb-brand-thermotec","6":"product_cat-valijaahdytin","7":"desktop-align-left","8":"tablet-align-left","9":"mobile-align-left","11":"first","12":"instock","13":"product-type-external"},"brands":[{"id":427,"name":"THERMOTEC","slug":"thermotec"}],"_links":{"self":[{"href":"https:\/\/www.autonvaraosahaku.fi\/index.php?rest_route=\/wp\/v2\/product\/55618","targetHints":{"allow":["GET"]}}],"collection":[{"href":"https:\/\/www.autonvaraosahaku.fi\/index.php?rest_route=\/wp\/v2\/product"}],"about":[{"href":"https:\/\/www.autonvaraosahaku.fi\/index.php?rest_route=\/wp\/v2\/types\/product"}],"wp:attachment":[{"href":"https:\/\/www.autonvaraosahaku.fi\/index.php?rest_route=%2Fwp%2Fv2%2Fmedia&parent=55618"}],"wp:term":[{"taxonomy":"pwb-brand","embeddable":true,"href":"https:\/\/www.autonvaraosahaku.fi\/index.php?rest_route=%2Fwp%2Fv2%2Fpwb-brand&post=55618"},{"taxonomy":"product_cat","embeddable":true,"href":"https:\/\/www.autonvaraosahaku.fi\/index.php?rest_route=%2Fwp%2Fv2%2Fproduct_cat&post=55618"},{"taxonomy":"product_tag","embeddable":true,"href":"https:\/\/www.autonvaraosahaku.fi\/index.php?rest_route=%2Fwp%2Fv2%2Fproduct_tag&post=55618"}],"curies":[{"name":"wp","href":"https:\/\/api.w.org\/{rel}","templated":true}]}}