{"id":55619,"date":"2021-02-21T17:56:57","date_gmt":"2021-02-21T17:56:57","guid":{"rendered":"https:\/\/www.autonvaraosahaku.fi\/?product=topran-115-261-tiivisteet"},"modified":"2021-02-21T17:57:02","modified_gmt":"2021-02-21T17:57:02","slug":"topran-115-261-tiivisteet","status":"publish","type":"product","link":"https:\/\/www.autonvaraosahaku.fi\/?product=topran-115-261-tiivisteet","title":{"rendered":"TOPRAN 115 261 Tiivisteet"},"content":{"rendered":"<p>Materiaali: MVQ (silikooni\/kautsu); Asennuspuoli: \u00d6ljynsuodattimen kotelo; Moottorinumero: BLR; VW: GOLF V 1K1,GOLF VI 5K1,PASSAT Variant 3C5,PASSAT 3C2,POLO 6R, 6C,GOLF V Variant 1K5,EOS 1F7, 1F8,SCIROCCO 137, 138,JETTA III 1K2; AUDI: A6 Avant 4F5, C6,A3 8P1,A4 Avant 8ED, B7,A4 8EC, B7,TT 8J3,A1 8X1, 8XF,TT Roadster 8J9; SKODA: OCTAVIA Combi 1Z5,OCTAVIA 1Z3; SEAT: LEON 1P1,ALTEA 5P1,ALTEA XL 5P5, 5P8,EXEO ST 3R5,EXEO 3R2,TOLEDO III 5P2; 06D115070, 06D117070, 06D115070, 06D117070, 06D115070, 06D117070, 06D115070, 06D117070; Tiivisterengas \u00d6ljynj\u00e4\u00e4hdytin,Tiivistesarja \u00d6ljynj\u00e4\u00e4hdytin<\/p>\n","protected":false},"excerpt":{"rendered":"<p>TOPRAN Tiiviste \u00d6ljynj\u00e4\u00e4hdytin 115 261 Tiivisterengas \u00d6ljynj\u00e4\u00e4hdytin,Tiivistesarja \u00d6ljynj\u00e4\u00e4hdytin VW,AUDI,SKODA,GOLF V 1K1,GOLF VI 5K1<\/p>\n","protected":false},"featured_media":0,"template":"","meta":{"site-sidebar-layout":"default","site-content-layout":"default","ast-global-header-display":"","ast-main-header-display":"","ast-hfb-above-header-display":"","ast-hfb-below-header-display":"","ast-hfb-mobile-header-display":"","site-post-title":"","ast-breadcrumbs-content":"","ast-featured-img":"","footer-sml-layout":"","theme-transparent-header-meta":"","adv-header-id-meta":"","stick-header-meta":"","header-above-stick-meta":"","header-main-stick-meta":"","header-below-stick-meta":""},"pwb-brand":[18],"product_cat":[27],"product_tag":[],"class_list":{"0":"post-55619","1":"product","2":"type-product","3":"status-publish","5":"pwb-brand-topran","6":"product_cat-tiivisteet","7":"desktop-align-left","8":"tablet-align-left","9":"mobile-align-left","11":"first","12":"instock","13":"product-type-external"},"brands":[{"id":18,"name":"TOPRAN","slug":"topran"}],"_links":{"self":[{"href":"https:\/\/www.autonvaraosahaku.fi\/index.php?rest_route=\/wp\/v2\/product\/55619","targetHints":{"allow":["GET"]}}],"collection":[{"href":"https:\/\/www.autonvaraosahaku.fi\/index.php?rest_route=\/wp\/v2\/product"}],"about":[{"href":"https:\/\/www.autonvaraosahaku.fi\/index.php?rest_route=\/wp\/v2\/types\/product"}],"wp:attachment":[{"href":"https:\/\/www.autonvaraosahaku.fi\/index.php?rest_route=%2Fwp%2Fv2%2Fmedia&parent=55619"}],"wp:term":[{"taxonomy":"pwb-brand","embeddable":true,"href":"https:\/\/www.autonvaraosahaku.fi\/index.php?rest_route=%2Fwp%2Fv2%2Fpwb-brand&post=55619"},{"taxonomy":"product_cat","embeddable":true,"href":"https:\/\/www.autonvaraosahaku.fi\/index.php?rest_route=%2Fwp%2Fv2%2Fproduct_cat&post=55619"},{"taxonomy":"product_tag","embeddable":true,"href":"https:\/\/www.autonvaraosahaku.fi\/index.php?rest_route=%2Fwp%2Fv2%2Fproduct_tag&post=55619"}],"curies":[{"name":"wp","href":"https:\/\/api.w.org\/{rel}","templated":true}]}}