{"id":55631,"date":"2021-02-21T17:57:03","date_gmt":"2021-02-21T17:57:03","guid":{"rendered":"https:\/\/www.autonvaraosahaku.fi\/?product=vemo-v52-92-0008-abs-keha"},"modified":"2021-02-21T17:57:06","modified_gmt":"2021-02-21T17:57:06","slug":"vemo-v52-92-0008-abs-keha","status":"publish","type":"product","link":"https:\/\/www.autonvaraosahaku.fi\/?product=vemo-v52-92-0008-abs-keha","title":{"rendered":"VEMO V52-92-0008 ABS keh\u00e4"},"content":{"rendered":"<p>Ulkol\u00e4pimitta [mm]: 75; Asennuspuoli: etuakseli molemminpuoleinen; Hammasluku, ABS-keh\u00e4: 44; Sis\u00e4l\u00e4pimitta [mm]: 62; Paino [kg]: 0,069; Pakkausleveys [cm]: 7,48; Pakkauskorkeus [mm]: 0,8; lis\u00e4tieto: Original VEMO Quality; KIA: CERATO LD,CERATO II Stufenheck TD; HYUNDAI: MATRIX FC,COUPE GK,COUPE RD,ELANTRA XD,ELANTRA Stufenheck XD,LANTRA II Wagon J-2,LANTRA II J-2; VOLVO: 480 E,440 K 445,460 L 464; 4950825B00part; ABS Hammaskeh\u00e4,ABS Rengas,Anturirengas, ABS<\/p>\n","protected":false},"excerpt":{"rendered":"<p>VEMO ABS Keh\u00e4 V52-92-0008 ABS Hammaskeh\u00e4,ABS Rengas KIA,HYUNDAI,VOLVO,CERATO LD,CERATO II Stufenheck TD,MATRIX FC,COUPE GK,COUPE RD,ELANTRA XD<\/p>\n","protected":false},"featured_media":0,"template":"","meta":{"site-sidebar-layout":"default","site-content-layout":"default","ast-global-header-display":"","ast-main-header-display":"","ast-hfb-above-header-display":"","ast-hfb-below-header-display":"","ast-hfb-mobile-header-display":"","site-post-title":"","ast-breadcrumbs-content":"","ast-featured-img":"","footer-sml-layout":"","theme-transparent-header-meta":"","adv-header-id-meta":"","stick-header-meta":"","header-above-stick-meta":"","header-main-stick-meta":"","header-below-stick-meta":""},"pwb-brand":[168],"product_cat":[273],"product_tag":[],"class_list":{"0":"post-55631","1":"product","2":"type-product","3":"status-publish","5":"pwb-brand-vemo","6":"product_cat-abs-keha","7":"desktop-align-left","8":"tablet-align-left","9":"mobile-align-left","11":"first","12":"instock","13":"product-type-external"},"brands":[{"id":168,"name":"VEMO","slug":"vemo"}],"_links":{"self":[{"href":"https:\/\/www.autonvaraosahaku.fi\/index.php?rest_route=\/wp\/v2\/product\/55631","targetHints":{"allow":["GET"]}}],"collection":[{"href":"https:\/\/www.autonvaraosahaku.fi\/index.php?rest_route=\/wp\/v2\/product"}],"about":[{"href":"https:\/\/www.autonvaraosahaku.fi\/index.php?rest_route=\/wp\/v2\/types\/product"}],"wp:attachment":[{"href":"https:\/\/www.autonvaraosahaku.fi\/index.php?rest_route=%2Fwp%2Fv2%2Fmedia&parent=55631"}],"wp:term":[{"taxonomy":"pwb-brand","embeddable":true,"href":"https:\/\/www.autonvaraosahaku.fi\/index.php?rest_route=%2Fwp%2Fv2%2Fpwb-brand&post=55631"},{"taxonomy":"product_cat","embeddable":true,"href":"https:\/\/www.autonvaraosahaku.fi\/index.php?rest_route=%2Fwp%2Fv2%2Fproduct_cat&post=55631"},{"taxonomy":"product_tag","embeddable":true,"href":"https:\/\/www.autonvaraosahaku.fi\/index.php?rest_route=%2Fwp%2Fv2%2Fproduct_tag&post=55631"}],"curies":[{"name":"wp","href":"https:\/\/api.w.org\/{rel}","templated":true}]}}