{"id":55635,"date":"2021-02-21T17:57:03","date_gmt":"2021-02-21T17:57:03","guid":{"rendered":"https:\/\/www.autonvaraosahaku.fi\/?product=vemo-v46-92-0085-abs-keha"},"modified":"2021-02-21T17:57:07","modified_gmt":"2021-02-21T17:57:07","slug":"vemo-v46-92-0085-abs-keha","status":"publish","type":"product","link":"https:\/\/www.autonvaraosahaku.fi\/?product=vemo-v46-92-0085-abs-keha","title":{"rendered":"VEMO V46-92-0085 ABS keh\u00e4"},"content":{"rendered":"<p>Asennuspuoli: Taka-akseli, molemminpuolinen; Leveys (mm): 6,6; Hammasluku, ABS-keh\u00e4: 96; Sis\u00e4l\u00e4pimitta [mm]: 70,5; Ulkol\u00e4pimitta [mm]: 85,2; lis\u00e4tieto: Original VEMO Quality; Moottorinumero: G9T; RENAULT: SC\u00c9NIC II JM0\/1_,ESPACE IV JK0\/1_,LAGUNA II Grandtour KG0\/1_,LAGUNA II BG0\/1_,GRAND SC\u00c9NIC II JM0\/1_,VEL SATIS BJ0_; 8200367094part; ABS Hammaskeh\u00e4,ABS Rengas,Anturirengas, ABS<\/p>\n","protected":false},"excerpt":{"rendered":"<p>VEMO ABS Keh\u00e4 V46-92-0085 ABS Hammaskeh\u00e4,ABS Rengas RENAULT,SC\u00c9NIC II JM0\/1_,ESPACE IV JK0\/1_,LAGUNA II Grandtour KG0\/1_,LAGUNA II BG0\/1_<\/p>\n","protected":false},"featured_media":0,"template":"","meta":{"site-sidebar-layout":"default","site-content-layout":"default","ast-global-header-display":"","ast-main-header-display":"","ast-hfb-above-header-display":"","ast-hfb-below-header-display":"","ast-hfb-mobile-header-display":"","site-post-title":"","ast-breadcrumbs-content":"","ast-featured-img":"","footer-sml-layout":"","theme-transparent-header-meta":"","adv-header-id-meta":"","stick-header-meta":"","header-above-stick-meta":"","header-main-stick-meta":"","header-below-stick-meta":""},"pwb-brand":[168],"product_cat":[273],"product_tag":[],"class_list":{"0":"post-55635","1":"product","2":"type-product","3":"status-publish","5":"pwb-brand-vemo","6":"product_cat-abs-keha","7":"desktop-align-left","8":"tablet-align-left","9":"mobile-align-left","11":"first","12":"instock","13":"product-type-external"},"brands":[{"id":168,"name":"VEMO","slug":"vemo"}],"_links":{"self":[{"href":"https:\/\/www.autonvaraosahaku.fi\/index.php?rest_route=\/wp\/v2\/product\/55635","targetHints":{"allow":["GET"]}}],"collection":[{"href":"https:\/\/www.autonvaraosahaku.fi\/index.php?rest_route=\/wp\/v2\/product"}],"about":[{"href":"https:\/\/www.autonvaraosahaku.fi\/index.php?rest_route=\/wp\/v2\/types\/product"}],"wp:attachment":[{"href":"https:\/\/www.autonvaraosahaku.fi\/index.php?rest_route=%2Fwp%2Fv2%2Fmedia&parent=55635"}],"wp:term":[{"taxonomy":"pwb-brand","embeddable":true,"href":"https:\/\/www.autonvaraosahaku.fi\/index.php?rest_route=%2Fwp%2Fv2%2Fpwb-brand&post=55635"},{"taxonomy":"product_cat","embeddable":true,"href":"https:\/\/www.autonvaraosahaku.fi\/index.php?rest_route=%2Fwp%2Fv2%2Fproduct_cat&post=55635"},{"taxonomy":"product_tag","embeddable":true,"href":"https:\/\/www.autonvaraosahaku.fi\/index.php?rest_route=%2Fwp%2Fv2%2Fproduct_tag&post=55635"}],"curies":[{"name":"wp","href":"https:\/\/api.w.org\/{rel}","templated":true}]}}