{"id":55638,"date":"2021-02-21T17:57:03","date_gmt":"2021-02-21T17:57:03","guid":{"rendered":"https:\/\/www.autonvaraosahaku.fi\/?product=vemo-v30-73-0274-valokatkaisin"},"modified":"2021-02-21T17:57:08","modified_gmt":"2021-02-21T17:57:08","slug":"vemo-v30-73-0274-valokatkaisin","status":"publish","type":"product","link":"https:\/\/www.autonvaraosahaku.fi\/?product=vemo-v30-73-0274-valokatkaisin","title":{"rendered":"VEMO V30-73-0274 Valokatkaisin"},"content":{"rendered":"<p>Yhdistelm\u00e4kytkintoiminto: Valonvaihtajalla; Liittimi\u00e4: 11; K\u00e4ytt\u00f6tapa: K\u00e4\u00e4nt\u00f6kytkin; Paino [kg]: 0,157; Pakkausleveys [cm]: 8,7; Pakkauskorkeus [mm]: 7,6; Pakkaussyvyys [cm]: 9,3; lis\u00e4tieto: Q+, original equipment manufacturer quality; MERCEDES-BENZ: C-CLASS W202,SL R129,C-CLASS Kombi S202,G-CLASS W463,G-CLASS Cabrio W463; 0005456004, A0005456004; Ajovalokytkin,Kytkin, Ajovalo<\/p>\n","protected":false},"excerpt":{"rendered":"<p>VEMO Valokatkaisin V30-73-0274 Ajovalokytkin,Kytkin, Ajovalo MERCEDES-BENZ,C-CLASS W202,SL R129,C-CLASS Kombi S202,G-CLASS W463,G-CLASS Cabrio W463<\/p>\n","protected":false},"featured_media":0,"template":"","meta":{"site-sidebar-layout":"default","site-content-layout":"default","ast-global-header-display":"","ast-main-header-display":"","ast-hfb-above-header-display":"","ast-hfb-below-header-display":"","ast-hfb-mobile-header-display":"","site-post-title":"","ast-breadcrumbs-content":"","ast-featured-img":"","footer-sml-layout":"","theme-transparent-header-meta":"","adv-header-id-meta":"","stick-header-meta":"","header-above-stick-meta":"","header-main-stick-meta":"","header-below-stick-meta":""},"pwb-brand":[168],"product_cat":[136],"product_tag":[],"class_list":{"0":"post-55638","1":"product","2":"type-product","3":"status-publish","5":"pwb-brand-vemo","6":"product_cat-valokatkaisin","7":"desktop-align-left","8":"tablet-align-left","9":"mobile-align-left","11":"first","12":"instock","13":"product-type-external"},"brands":[{"id":168,"name":"VEMO","slug":"vemo"}],"_links":{"self":[{"href":"https:\/\/www.autonvaraosahaku.fi\/index.php?rest_route=\/wp\/v2\/product\/55638","targetHints":{"allow":["GET"]}}],"collection":[{"href":"https:\/\/www.autonvaraosahaku.fi\/index.php?rest_route=\/wp\/v2\/product"}],"about":[{"href":"https:\/\/www.autonvaraosahaku.fi\/index.php?rest_route=\/wp\/v2\/types\/product"}],"wp:attachment":[{"href":"https:\/\/www.autonvaraosahaku.fi\/index.php?rest_route=%2Fwp%2Fv2%2Fmedia&parent=55638"}],"wp:term":[{"taxonomy":"pwb-brand","embeddable":true,"href":"https:\/\/www.autonvaraosahaku.fi\/index.php?rest_route=%2Fwp%2Fv2%2Fpwb-brand&post=55638"},{"taxonomy":"product_cat","embeddable":true,"href":"https:\/\/www.autonvaraosahaku.fi\/index.php?rest_route=%2Fwp%2Fv2%2Fproduct_cat&post=55638"},{"taxonomy":"product_tag","embeddable":true,"href":"https:\/\/www.autonvaraosahaku.fi\/index.php?rest_route=%2Fwp%2Fv2%2Fproduct_tag&post=55638"}],"curies":[{"name":"wp","href":"https:\/\/api.w.org\/{rel}","templated":true}]}}