{"id":55641,"date":"2021-02-21T17:57:03","date_gmt":"2021-02-21T17:57:03","guid":{"rendered":"https:\/\/www.autonvaraosahaku.fi\/?product=vemo-v25-72-0200-anturit-sensorit"},"modified":"2021-02-21T17:57:09","modified_gmt":"2021-02-21T17:57:09","slug":"vemo-v25-72-0200-anturit-sensorit","status":"publish","type":"product","link":"https:\/\/www.autonvaraosahaku.fi\/?product=vemo-v25-72-0200-anturit-sensorit","title":{"rendered":"VEMO V25-72-0200 Anturit (sensorit)"},"content":{"rendered":"<p>Vaihteistomalli: K\u00e4sivaihteisto; Pistokkeen kotelon muoto: Kolmikulmainen; Pituus (mm): 315; Napojen m\u00e4\u00e4r\u00e4: 3; Liittimi\u00e4: 3; Paino [kg]: 0,053; Pakkausleveys [cm]: 4,9; Pakkauskorkeus [mm]: 9,2; Pakkaussyvyys [cm]: 9; lis\u00e4tieto: Original VEMO Quality; Moottorinumero: FXDA; FORD: FOCUS Kombi DNW,FOCUS DAW, DBW,KA RB_,FOCUS Stufenheck DFW,TRANSIT CONNECT P65_, P70_, P80_,TOURNEO CONNECT,KA Van RB; 1068171, 1197901, 98AB9E731BA, 98AB9E731BB<\/p>\n","protected":false},"excerpt":{"rendered":"<p>VEMO Tunnistin Nopeus V25-72-0200  FORD,FOCUS Kombi DNW,FOCUS DAW, DBW,KA RB_,FOCUS Stufenheck DFW,TRANSIT CONNECT P65_, P70_, P80_,TOURNEO CONNECT<\/p>\n","protected":false},"featured_media":0,"template":"","meta":{"site-sidebar-layout":"default","site-content-layout":"default","ast-global-header-display":"","ast-main-header-display":"","ast-hfb-above-header-display":"","ast-hfb-below-header-display":"","ast-hfb-mobile-header-display":"","site-post-title":"","ast-breadcrumbs-content":"","ast-featured-img":"","footer-sml-layout":"","theme-transparent-header-meta":"","adv-header-id-meta":"","stick-header-meta":"","header-above-stick-meta":"","header-main-stick-meta":"","header-below-stick-meta":""},"pwb-brand":[168],"product_cat":[98],"product_tag":[],"class_list":{"0":"post-55641","1":"product","2":"type-product","3":"status-publish","5":"pwb-brand-vemo","6":"product_cat-anturit-sensorit","7":"desktop-align-left","8":"tablet-align-left","9":"mobile-align-left","11":"first","12":"instock","13":"product-type-external"},"brands":[{"id":168,"name":"VEMO","slug":"vemo"}],"_links":{"self":[{"href":"https:\/\/www.autonvaraosahaku.fi\/index.php?rest_route=\/wp\/v2\/product\/55641","targetHints":{"allow":["GET"]}}],"collection":[{"href":"https:\/\/www.autonvaraosahaku.fi\/index.php?rest_route=\/wp\/v2\/product"}],"about":[{"href":"https:\/\/www.autonvaraosahaku.fi\/index.php?rest_route=\/wp\/v2\/types\/product"}],"wp:attachment":[{"href":"https:\/\/www.autonvaraosahaku.fi\/index.php?rest_route=%2Fwp%2Fv2%2Fmedia&parent=55641"}],"wp:term":[{"taxonomy":"pwb-brand","embeddable":true,"href":"https:\/\/www.autonvaraosahaku.fi\/index.php?rest_route=%2Fwp%2Fv2%2Fpwb-brand&post=55641"},{"taxonomy":"product_cat","embeddable":true,"href":"https:\/\/www.autonvaraosahaku.fi\/index.php?rest_route=%2Fwp%2Fv2%2Fproduct_cat&post=55641"},{"taxonomy":"product_tag","embeddable":true,"href":"https:\/\/www.autonvaraosahaku.fi\/index.php?rest_route=%2Fwp%2Fv2%2Fproduct_tag&post=55641"}],"curies":[{"name":"wp","href":"https:\/\/api.w.org\/{rel}","templated":true}]}}