{"id":55647,"date":"2021-02-21T17:57:10","date_gmt":"2021-02-21T17:57:10","guid":{"rendered":"https:\/\/www.autonvaraosahaku.fi\/?product=trw-jtc1885-alatukivarsi"},"modified":"2021-02-21T17:57:12","modified_gmt":"2021-02-21T17:57:12","slug":"trw-jtc1885-alatukivarsi","status":"publish","type":"product","link":"https:\/\/www.autonvaraosahaku.fi\/?product=trw-jtc1885-alatukivarsi","title":{"rendered":"TRW JTC1885 Alatukivarsi"},"content":{"rendered":"<p>Ohjausmalli: Poikittaistukivarsi; Pituus (mm): 440; L\u00e4pimitta [mm]: 12,25; Asennuspuoli: Hinterachse beidseitig; PEUGEOT: 407 SW 6E_,508 SW,407 6D_,508,407 Coupe 6C_; CITRO\u00cbN: C5 III Break TD_,C5 III RD_,C6 TD_; 5175CF, 5175CF; Tukivarsi,Tukivarsi, Py\u00f6r\u00e4ntuenta<\/p>\n","protected":false},"excerpt":{"rendered":"<p>TRW Alatukivarsi JTC1885 Tukivarsi,Tukivarsi, Py\u00f6r\u00e4ntuenta PEUGEOT,CITRO\u00cbN,407 SW 6E_,508 SW,407 6D_,508,407 Coupe 6C_,C5 III Break TD_,C5 III RD_<\/p>\n","protected":false},"featured_media":0,"template":"","meta":{"site-sidebar-layout":"default","site-content-layout":"default","ast-global-header-display":"","ast-main-header-display":"","ast-hfb-above-header-display":"","ast-hfb-below-header-display":"","ast-hfb-mobile-header-display":"","site-post-title":"","ast-breadcrumbs-content":"","ast-featured-img":"","footer-sml-layout":"","theme-transparent-header-meta":"","adv-header-id-meta":"","stick-header-meta":"","header-above-stick-meta":"","header-main-stick-meta":"","header-below-stick-meta":""},"pwb-brand":[332],"product_cat":[62],"product_tag":[],"class_list":{"0":"post-55647","1":"product","2":"type-product","3":"status-publish","5":"pwb-brand-trw","6":"product_cat-alatukivarsi","7":"desktop-align-left","8":"tablet-align-left","9":"mobile-align-left","11":"first","12":"instock","13":"product-type-external"},"brands":[{"id":332,"name":"TRW","slug":"trw"}],"_links":{"self":[{"href":"https:\/\/www.autonvaraosahaku.fi\/index.php?rest_route=\/wp\/v2\/product\/55647","targetHints":{"allow":["GET"]}}],"collection":[{"href":"https:\/\/www.autonvaraosahaku.fi\/index.php?rest_route=\/wp\/v2\/product"}],"about":[{"href":"https:\/\/www.autonvaraosahaku.fi\/index.php?rest_route=\/wp\/v2\/types\/product"}],"wp:attachment":[{"href":"https:\/\/www.autonvaraosahaku.fi\/index.php?rest_route=%2Fwp%2Fv2%2Fmedia&parent=55647"}],"wp:term":[{"taxonomy":"pwb-brand","embeddable":true,"href":"https:\/\/www.autonvaraosahaku.fi\/index.php?rest_route=%2Fwp%2Fv2%2Fpwb-brand&post=55647"},{"taxonomy":"product_cat","embeddable":true,"href":"https:\/\/www.autonvaraosahaku.fi\/index.php?rest_route=%2Fwp%2Fv2%2Fproduct_cat&post=55647"},{"taxonomy":"product_tag","embeddable":true,"href":"https:\/\/www.autonvaraosahaku.fi\/index.php?rest_route=%2Fwp%2Fv2%2Fproduct_tag&post=55647"}],"curies":[{"name":"wp","href":"https:\/\/api.w.org\/{rel}","templated":true}]}}