{"id":55649,"date":"2021-02-21T17:57:10","date_gmt":"2021-02-21T17:57:10","guid":{"rendered":"https:\/\/www.autonvaraosahaku.fi\/?product=jp-group-4141301510-pyoranlaakerit"},"modified":"2021-02-21T17:57:12","modified_gmt":"2021-02-21T17:57:12","slug":"jp-group-4141301510-pyoranlaakerit","status":"publish","type":"product","link":"https:\/\/www.autonvaraosahaku.fi\/?product=jp-group-4141301510-pyoranlaakerit","title":{"rendered":"JP GROUP 4141301510 Py\u00f6r\u00e4nlaakerit"},"content":{"rendered":"<p>Asennuspuoli: etuakseli molemminpuoleinen, Vorderachse; Ulkol\u00e4pimitta [mm]: 83; Sis\u00e4l\u00e4pimitta [mm]: 45; Leveys (mm): 44; CITRO\u00cbN: C5 III Break TD_,C5 III RD_,C4 II B7,C6 TD_,DS4,DS5; PEUGEOT: 407 SW 6E_,308 4A_, 4C_,508 SW,607 9D, 9U,407 6D_,3008,RCZ,308 CC,508,407 Coupe 6C_; 1607704180, 335082, 3646C0, 3647C0, 335085, 335098, 3646A6, 3647A6; Py\u00f6r\u00e4nlaakerisarja<\/p>\n","protected":false},"excerpt":{"rendered":"<p>JP GROUP Py\u00f6r\u00e4nlaakerit JP Group 4141301510 Py\u00f6r\u00e4nlaakerisarja CITRO\u00cbN,PEUGEOT,C5 III Break TD_,C5 III RD_,C4 II B7,C6 TD_,DS4,DS5,407 SW 6E_<\/p>\n","protected":false},"featured_media":0,"template":"","meta":{"site-sidebar-layout":"default","site-content-layout":"default","ast-global-header-display":"","ast-main-header-display":"","ast-hfb-above-header-display":"","ast-hfb-below-header-display":"","ast-hfb-mobile-header-display":"","site-post-title":"","ast-breadcrumbs-content":"","ast-featured-img":"","footer-sml-layout":"","theme-transparent-header-meta":"","adv-header-id-meta":"","stick-header-meta":"","header-above-stick-meta":"","header-main-stick-meta":"","header-below-stick-meta":""},"pwb-brand":[131],"product_cat":[83],"product_tag":[],"class_list":{"0":"post-55649","1":"product","2":"type-product","3":"status-publish","5":"pwb-brand-jp-group","6":"product_cat-pyoranlaakerit","7":"desktop-align-left","8":"tablet-align-left","9":"mobile-align-left","11":"first","12":"instock","13":"product-type-external"},"brands":[{"id":131,"name":"JP GROUP","slug":"jp-group"}],"_links":{"self":[{"href":"https:\/\/www.autonvaraosahaku.fi\/index.php?rest_route=\/wp\/v2\/product\/55649","targetHints":{"allow":["GET"]}}],"collection":[{"href":"https:\/\/www.autonvaraosahaku.fi\/index.php?rest_route=\/wp\/v2\/product"}],"about":[{"href":"https:\/\/www.autonvaraosahaku.fi\/index.php?rest_route=\/wp\/v2\/types\/product"}],"wp:attachment":[{"href":"https:\/\/www.autonvaraosahaku.fi\/index.php?rest_route=%2Fwp%2Fv2%2Fmedia&parent=55649"}],"wp:term":[{"taxonomy":"pwb-brand","embeddable":true,"href":"https:\/\/www.autonvaraosahaku.fi\/index.php?rest_route=%2Fwp%2Fv2%2Fpwb-brand&post=55649"},{"taxonomy":"product_cat","embeddable":true,"href":"https:\/\/www.autonvaraosahaku.fi\/index.php?rest_route=%2Fwp%2Fv2%2Fproduct_cat&post=55649"},{"taxonomy":"product_tag","embeddable":true,"href":"https:\/\/www.autonvaraosahaku.fi\/index.php?rest_route=%2Fwp%2Fv2%2Fproduct_tag&post=55649"}],"curies":[{"name":"wp","href":"https:\/\/api.w.org\/{rel}","templated":true}]}}