{"id":55671,"date":"2021-02-21T17:57:16","date_gmt":"2021-02-21T17:57:16","guid":{"rendered":"https:\/\/www.autonvaraosahaku.fi\/?product=ridex-592o0050-oljypohja"},"modified":"2021-02-21T17:57:19","modified_gmt":"2021-02-21T17:57:19","slug":"ridex-592o0050-oljypohja","status":"publish","type":"product","link":"https:\/\/www.autonvaraosahaku.fi\/?product=ridex-592o0050-oljypohja","title":{"rendered":"RIDEX 592O0050 \u00d6ljypohja"},"content":{"rendered":"<p>Leveys (mm): 205; Lis\u00e4tarvike\/lis\u00e4tieto: Ilman tiivisteit\u00e4, \u00d6ljynp\u00e4\u00e4st\u00f6ruuvilla; Pituus (mm): 321; \u00d6ljypohjan materiaali: Ter\u00e4slevy; Osa: Ala osa; Korvaava tuote\/korvaava tiedote 2: Tiivisterenkaalla, ilman \u00f6ljypohjan tiivistett\u00e4; Huomioi j\u00e4rjestelm\u00e4-t\u00e4ytt\u00f6m\u00e4\u00e4r\u00e4: ; Korkeus (mm): 159; Paino [kg]: 2,12; Pakkaussyvyys [cm]: 25,4; CHEVROLET: MATIZ M200, M250; DAEWOO: MATIZ KLYA,TICO KLY3; 115S178B01, 94580107<\/p>\n","protected":false},"excerpt":{"rendered":"<p>RIDEX \u00d6ljypohja 592O0050  CHEVROLET,DAEWOO,MATIZ M200, M250,MATIZ KLYA,TICO KLY3<\/p>\n","protected":false},"featured_media":0,"template":"","meta":{"site-sidebar-layout":"default","site-content-layout":"default","ast-global-header-display":"","ast-main-header-display":"","ast-hfb-above-header-display":"","ast-hfb-below-header-display":"","ast-hfb-mobile-header-display":"","site-post-title":"","ast-breadcrumbs-content":"","ast-featured-img":"","footer-sml-layout":"","theme-transparent-header-meta":"","adv-header-id-meta":"","stick-header-meta":"","header-above-stick-meta":"","header-main-stick-meta":"","header-below-stick-meta":""},"pwb-brand":[157],"product_cat":[225],"product_tag":[],"class_list":{"0":"post-55671","1":"product","2":"type-product","3":"status-publish","5":"pwb-brand-ridex","6":"product_cat-oljypohja","7":"desktop-align-left","8":"tablet-align-left","9":"mobile-align-left","11":"first","12":"instock","13":"product-type-external"},"brands":[{"id":157,"name":"RIDEX","slug":"ridex"}],"_links":{"self":[{"href":"https:\/\/www.autonvaraosahaku.fi\/index.php?rest_route=\/wp\/v2\/product\/55671","targetHints":{"allow":["GET"]}}],"collection":[{"href":"https:\/\/www.autonvaraosahaku.fi\/index.php?rest_route=\/wp\/v2\/product"}],"about":[{"href":"https:\/\/www.autonvaraosahaku.fi\/index.php?rest_route=\/wp\/v2\/types\/product"}],"wp:attachment":[{"href":"https:\/\/www.autonvaraosahaku.fi\/index.php?rest_route=%2Fwp%2Fv2%2Fmedia&parent=55671"}],"wp:term":[{"taxonomy":"pwb-brand","embeddable":true,"href":"https:\/\/www.autonvaraosahaku.fi\/index.php?rest_route=%2Fwp%2Fv2%2Fpwb-brand&post=55671"},{"taxonomy":"product_cat","embeddable":true,"href":"https:\/\/www.autonvaraosahaku.fi\/index.php?rest_route=%2Fwp%2Fv2%2Fproduct_cat&post=55671"},{"taxonomy":"product_tag","embeddable":true,"href":"https:\/\/www.autonvaraosahaku.fi\/index.php?rest_route=%2Fwp%2Fv2%2Fproduct_tag&post=55671"}],"curies":[{"name":"wp","href":"https:\/\/api.w.org\/{rel}","templated":true}]}}