{"id":55700,"date":"2021-02-21T17:57:22","date_gmt":"2021-02-21T17:57:22","guid":{"rendered":"https:\/\/www.autonvaraosahaku.fi\/?product=vemo-v46-92-0082-abs-keha"},"modified":"2021-02-21T17:57:27","modified_gmt":"2021-02-21T17:57:27","slug":"vemo-v46-92-0082-abs-keha","status":"publish","type":"product","link":"https:\/\/www.autonvaraosahaku.fi\/?product=vemo-v46-92-0082-abs-keha","title":{"rendered":"VEMO V46-92-0082 ABS keh\u00e4"},"content":{"rendered":"<p>Ulkol\u00e4pimitta [mm]: 84,8; Vaihteistomalli: JH1; Hammasluku: 38; Asennuspuoli: etuakseli molemminpuoleinen; Leveys (mm): 7,5; Hammasluku, ABS-keh\u00e4: 38; Sis\u00e4l\u00e4pimitta [mm]: 74,95; Paino [kg]: 0,052; Pakkausleveys [cm]: 8,5; Pakkauskorkeus [mm]: 0,75; lis\u00e4tieto: Original VEMO Quality; Moottorinumero: D7F; RENAULT: TWINGO I C06_,TWINGO I Kasten S06_; 7700103314, 7700103314; ABS Hammaskeh\u00e4,ABS Rengas,Anturirengas, ABS<\/p>\n","protected":false},"excerpt":{"rendered":"<p>VEMO ABS Keh\u00e4 V46-92-0082 ABS Hammaskeh\u00e4,ABS Rengas RENAULT,TWINGO I C06_,TWINGO I Kasten S06_<\/p>\n","protected":false},"featured_media":0,"template":"","meta":{"site-sidebar-layout":"default","site-content-layout":"default","ast-global-header-display":"","ast-main-header-display":"","ast-hfb-above-header-display":"","ast-hfb-below-header-display":"","ast-hfb-mobile-header-display":"","site-post-title":"","ast-breadcrumbs-content":"","ast-featured-img":"","footer-sml-layout":"","theme-transparent-header-meta":"","adv-header-id-meta":"","stick-header-meta":"","header-above-stick-meta":"","header-main-stick-meta":"","header-below-stick-meta":""},"pwb-brand":[168],"product_cat":[273],"product_tag":[],"class_list":{"0":"post-55700","1":"product","2":"type-product","3":"status-publish","5":"pwb-brand-vemo","6":"product_cat-abs-keha","7":"desktop-align-left","8":"tablet-align-left","9":"mobile-align-left","11":"first","12":"instock","13":"product-type-external"},"brands":[{"id":168,"name":"VEMO","slug":"vemo"}],"_links":{"self":[{"href":"https:\/\/www.autonvaraosahaku.fi\/index.php?rest_route=\/wp\/v2\/product\/55700","targetHints":{"allow":["GET"]}}],"collection":[{"href":"https:\/\/www.autonvaraosahaku.fi\/index.php?rest_route=\/wp\/v2\/product"}],"about":[{"href":"https:\/\/www.autonvaraosahaku.fi\/index.php?rest_route=\/wp\/v2\/types\/product"}],"wp:attachment":[{"href":"https:\/\/www.autonvaraosahaku.fi\/index.php?rest_route=%2Fwp%2Fv2%2Fmedia&parent=55700"}],"wp:term":[{"taxonomy":"pwb-brand","embeddable":true,"href":"https:\/\/www.autonvaraosahaku.fi\/index.php?rest_route=%2Fwp%2Fv2%2Fpwb-brand&post=55700"},{"taxonomy":"product_cat","embeddable":true,"href":"https:\/\/www.autonvaraosahaku.fi\/index.php?rest_route=%2Fwp%2Fv2%2Fproduct_cat&post=55700"},{"taxonomy":"product_tag","embeddable":true,"href":"https:\/\/www.autonvaraosahaku.fi\/index.php?rest_route=%2Fwp%2Fv2%2Fproduct_tag&post=55700"}],"curies":[{"name":"wp","href":"https:\/\/api.w.org\/{rel}","templated":true}]}}