{"id":55712,"date":"2021-02-21T17:57:28","date_gmt":"2021-02-21T17:57:28","guid":{"rendered":"https:\/\/www.autonvaraosahaku.fi\/?product=mapco-47811hps-jarrulevyt"},"modified":"2021-02-21T17:57:31","modified_gmt":"2021-02-21T17:57:31","slug":"mapco-47811hps-jarrulevyt","status":"publish","type":"product","link":"https:\/\/www.autonvaraosahaku.fi\/?product=mapco-47811hps-jarrulevyt","title":{"rendered":"MAPCO 47811HPS Jarrulevyt"},"content":{"rendered":"<p>Laatu: HPS standard; Asennuspuoli: Taka-akseli; Pinta: pinnoitettu; Jarrulevytyyppi: Vakiomalli; Ulkol\u00e4pimitta [mm]: 300; Jarrulevyn paksuus (mm): 10, 16,7; V\u00e4himm\u00e4ispaksuus (mm): 8,3; Korkeus (mm): 68; Sis\u00e4l\u00e4pimitta [mm]: 180; Reik\u00e4-\u00d8 [mm]: 15,3; Reikien m\u00e4\u00e4r\u00e4: 5; Reik\u00e4ympyr\u00e4-\u00d8 [mm]: 112; keskitt\u00e4misl\u00e4pimitta [mm]: 67; Jarruj\u00e4rjestelm\u00e4: ATE; Leveys 1 (mm): 141,1; Korkeus 1 (mm): 59,6; Leveys 2 (mm): 139,8; Korkeus 2 (mm): 57,5; Kulumisenilmaisimen liitos: Kulumisenilmaisemelle, Sis. kulumisenilmaisimen; Varusteet: f\u00fcr Fahrzeuge ohne Sportpaket; MERCEDES-BENZ: E-CLASS W211,E-CLASS T-Model S211,E-CLASS W212,E-CLASS T-Model S212,CLS C218,CLS Shooting Brake X218<\/p>\n","protected":false},"excerpt":{"rendered":"<p>MAPCO Jarrupalasarja Levyjarru 47811HPS  MERCEDES-BENZ,E-CLASS W211,E-CLASS T-Model S211,E-CLASS W212,E-CLASS T-Model S212,CLS C218<\/p>\n","protected":false},"featured_media":0,"template":"","meta":{"site-sidebar-layout":"default","site-content-layout":"default","ast-global-header-display":"","ast-main-header-display":"","ast-hfb-above-header-display":"","ast-hfb-below-header-display":"","ast-hfb-mobile-header-display":"","site-post-title":"","ast-breadcrumbs-content":"","ast-featured-img":"","footer-sml-layout":"","theme-transparent-header-meta":"","adv-header-id-meta":"","stick-header-meta":"","header-above-stick-meta":"","header-main-stick-meta":"","header-below-stick-meta":""},"pwb-brand":[36],"product_cat":[66],"product_tag":[],"class_list":{"0":"post-55712","1":"product","2":"type-product","3":"status-publish","5":"pwb-brand-mapco","6":"product_cat-jarrulevyt","7":"desktop-align-left","8":"tablet-align-left","9":"mobile-align-left","11":"first","12":"instock","13":"product-type-external"},"brands":[{"id":36,"name":"MAPCO","slug":"mapco"}],"_links":{"self":[{"href":"https:\/\/www.autonvaraosahaku.fi\/index.php?rest_route=\/wp\/v2\/product\/55712","targetHints":{"allow":["GET"]}}],"collection":[{"href":"https:\/\/www.autonvaraosahaku.fi\/index.php?rest_route=\/wp\/v2\/product"}],"about":[{"href":"https:\/\/www.autonvaraosahaku.fi\/index.php?rest_route=\/wp\/v2\/types\/product"}],"wp:attachment":[{"href":"https:\/\/www.autonvaraosahaku.fi\/index.php?rest_route=%2Fwp%2Fv2%2Fmedia&parent=55712"}],"wp:term":[{"taxonomy":"pwb-brand","embeddable":true,"href":"https:\/\/www.autonvaraosahaku.fi\/index.php?rest_route=%2Fwp%2Fv2%2Fpwb-brand&post=55712"},{"taxonomy":"product_cat","embeddable":true,"href":"https:\/\/www.autonvaraosahaku.fi\/index.php?rest_route=%2Fwp%2Fv2%2Fproduct_cat&post=55712"},{"taxonomy":"product_tag","embeddable":true,"href":"https:\/\/www.autonvaraosahaku.fi\/index.php?rest_route=%2Fwp%2Fv2%2Fproduct_tag&post=55712"}],"curies":[{"name":"wp","href":"https:\/\/api.w.org\/{rel}","templated":true}]}}