{"id":55719,"date":"2021-02-21T17:57:28","date_gmt":"2021-02-21T17:57:28","guid":{"rendered":"https:\/\/www.autonvaraosahaku.fi\/?product=vaico-v60-0346-automaattivaihteistooljy"},"modified":"2021-02-21T17:57:32","modified_gmt":"2021-02-21T17:57:32","slug":"vaico-v60-0346-automaattivaihteistooljy","status":"publish","type":"product","link":"https:\/\/www.autonvaraosahaku.fi\/?product=vaico-v60-0346-automaattivaihteistooljy","title":{"rendered":"VAICO V60-0346 Automaattivaihteisto\u00f6ljy"},"content":{"rendered":"<p>Erittely: Mercedes Benz 236,16, MB 002 989 06 03, MB 001 989 92 03, Mercedes Benz 236,17; Vaihteistomalli: 725,0XX, 9 Gang NAG3, 722.9; Leveys (mm): 115; Kemialliset ominaisuudet: synteettinen; Huomioi ajoneuvovalmistajan vaatimukset: ; Korkeus (mm): 230; Paino [kg]: 4,59; Tilavuus (litra): 5; V\u00e4ri: Keltainen; Viskositeettiluokka SAE: ATF MB17; Huomioi j\u00e4rjestelm\u00e4-t\u00e4ytt\u00f6m\u00e4\u00e4r\u00e4: ; Vaihteistomalli: Automaattivaihteisto, 9-vaiht.; Pituus (mm): 300; Pakkaustyyppi: Kanisteri; Suositeltu vaihtov\u00e4li [km]: 125000; Suositeltu vaihtov\u00e4li [vuotta]: 5; lis\u00e4tieto: CST97; MERCEDES-BENZ: C-CLASS W204,C-CLASS T-Model S204,E-CLASS T-Model S211,E-CLASS W212,M-CLASS W164,E-CLASS T-Model S212,GLK-CLASS X204,SLK R171,CLK C209,SPRINTER 3,5-t Kasten 906,S-CLASS W221,CLS C219,SL R230,R-CLASS W251, V251,M-CLASS W166,G-CLASS W463,E-CLASS Coupe C207,CLK Cabriolet A209,C-CLASS Coupe C204,SPRINTER 3,5-t Bus 906,SPRINTER 3-t Kasten 906,SLK R172,E-CLASS Cabriolet A207,CLC-CLASS CL203,GL-CLASS X164,CLS C218,SPRINTER 3,5-t Pritsche\/Fahrgestell 906,S-CLASS Coupe C216,SPRINTER 3-t Bus 906,CLS Shooting Brake X218,S-CLASS W222, V222, X222,SPRINTER CLASSIC 3,5-t Kasten 909,SPRINTER 5-t Kasten 906,SPRINTER 5-t Pritsche\/Fahrgestell 906,GL-CLASS X166,SL R231,G-CLASS Cabrio W463,SPRINTER 3-t Pritsche\/Fahrgestell 906,SPRINTER 4,6-t Pritsche\/Fahrgestell 906,SPRINTER CLASSIC 4,6-t Bus 909,C-CLASS T-Model S205,SPRINTER 4,6-t Kasten 906,C-CLASS W205,V-CLASS W447,E-CLASS W213,VITO Tourer W447,GLC X253,E-CLASS T-Model S213,VITO Kasten W447,GLE W166,C-CLASS Coupe C205,VITO Mix; 0019899203, 0029890603, 23616, 23617, A0019899203, A0029890603<\/p>\n","protected":false},"excerpt":{"rendered":"<p>VAICO Automaattivaihteisto\u00f6ljy V60-0346  MERCEDES-BENZ,C-CLASS W204,C-CLASS T-Model S204,E-CLASS T-Model S211,E-CLASS W212,M-CLASS W164<\/p>\n","protected":false},"featured_media":0,"template":"","meta":{"site-sidebar-layout":"default","site-content-layout":"default","ast-global-header-display":"","ast-main-header-display":"","ast-hfb-above-header-display":"","ast-hfb-below-header-display":"","ast-hfb-mobile-header-display":"","site-post-title":"","ast-breadcrumbs-content":"","ast-featured-img":"","footer-sml-layout":"","theme-transparent-header-meta":"","adv-header-id-meta":"","stick-header-meta":"","header-above-stick-meta":"","header-main-stick-meta":"","header-below-stick-meta":""},"pwb-brand":[330],"product_cat":[143],"product_tag":[],"class_list":{"0":"post-55719","1":"product","2":"type-product","3":"status-publish","5":"pwb-brand-vaico","6":"product_cat-automaattivaihteistooljy","7":"desktop-align-left","8":"tablet-align-left","9":"mobile-align-left","11":"first","12":"instock","13":"product-type-external"},"brands":[{"id":330,"name":"VAICO","slug":"vaico"}],"_links":{"self":[{"href":"https:\/\/www.autonvaraosahaku.fi\/index.php?rest_route=\/wp\/v2\/product\/55719","targetHints":{"allow":["GET"]}}],"collection":[{"href":"https:\/\/www.autonvaraosahaku.fi\/index.php?rest_route=\/wp\/v2\/product"}],"about":[{"href":"https:\/\/www.autonvaraosahaku.fi\/index.php?rest_route=\/wp\/v2\/types\/product"}],"wp:attachment":[{"href":"https:\/\/www.autonvaraosahaku.fi\/index.php?rest_route=%2Fwp%2Fv2%2Fmedia&parent=55719"}],"wp:term":[{"taxonomy":"pwb-brand","embeddable":true,"href":"https:\/\/www.autonvaraosahaku.fi\/index.php?rest_route=%2Fwp%2Fv2%2Fpwb-brand&post=55719"},{"taxonomy":"product_cat","embeddable":true,"href":"https:\/\/www.autonvaraosahaku.fi\/index.php?rest_route=%2Fwp%2Fv2%2Fproduct_cat&post=55719"},{"taxonomy":"product_tag","embeddable":true,"href":"https:\/\/www.autonvaraosahaku.fi\/index.php?rest_route=%2Fwp%2Fv2%2Fproduct_tag&post=55719"}],"curies":[{"name":"wp","href":"https:\/\/api.w.org\/{rel}","templated":true}]}}