{"id":55725,"date":"2021-02-21T17:57:34","date_gmt":"2021-02-21T17:57:34","guid":{"rendered":"https:\/\/www.autonvaraosahaku.fi\/?product=hella-8ak-355-701-981-kytkinvaijeri"},"modified":"2021-02-21T17:57:35","modified_gmt":"2021-02-21T17:57:35","slug":"hella-8ak-355-701-981-kytkinvaijeri","status":"publish","type":"product","link":"https:\/\/www.autonvaraosahaku.fi\/?product=hella-8ak-355-701-981-kytkinvaijeri","title":{"rendered":"HELLA 8AK 355 701-981 Kytkinvaijeri"},"content":{"rendered":"<p>Pituus 2 (mm): 700; Pituus 1 (mm): 895; J\u00e4lkis\u00e4\u00e4t\u00f6: Manuaalisella s\u00e4\u00e4d\u00f6ll\u00e4; Paino [kg]: 0,519; Teknisten tietojen numero: AK0198; Valmistusvuosi alkaen: 09\/2000; CITRO\u00cbN: BERLINGO MF,BERLINGO Kasten M_,XSARA N1,XSARA Break N2,XSARA Coupe N0,XSARA Kasten,XSARA Kasten\/Schr\u00e4gheck; PEUGEOT: PARTNER Tepee,PARTNER Combispace 5F,PARTNER Kasten 5,PARTNER Kasten,PARTNER Pritsche\/Fahrgestell; 2150AH, 2150AR, 2150CF, 2150CS, 2150CX, 2150Z6, 9638424680, 9646122580, 9648780380R, 9661239180, 966139180, 2150AH, 2150AR, 2150CF, 2150CS, 2150CX, 2150Z6, 9638424680, 9646122580, 9648780380R, 9661239180, 966139180; Vaijeri, Kytkimen K\u00e4ytt\u00f6<\/p>\n","protected":false},"excerpt":{"rendered":"<p>HELLA Kytkinvaijeri 8AK 355 701-981 Vaijeri, Kytkimen K\u00e4ytt\u00f6 CITRO\u00cbN,PEUGEOT,BERLINGO MF,BERLINGO Kasten M_,XSARA N1,XSARA Break N2,XSARA Coupe N0<\/p>\n","protected":false},"featured_media":0,"template":"","meta":{"site-sidebar-layout":"default","site-content-layout":"default","ast-global-header-display":"","ast-main-header-display":"","ast-hfb-above-header-display":"","ast-hfb-below-header-display":"","ast-hfb-mobile-header-display":"","site-post-title":"","ast-breadcrumbs-content":"","ast-featured-img":"","footer-sml-layout":"","theme-transparent-header-meta":"","adv-header-id-meta":"","stick-header-meta":"","header-above-stick-meta":"","header-main-stick-meta":"","header-below-stick-meta":""},"pwb-brand":[24],"product_cat":[192],"product_tag":[],"class_list":{"0":"post-55725","1":"product","2":"type-product","3":"status-publish","5":"pwb-brand-hella","6":"product_cat-kytkinvaijeri","7":"desktop-align-left","8":"tablet-align-left","9":"mobile-align-left","11":"first","12":"instock","13":"product-type-external"},"brands":[{"id":24,"name":"HELLA","slug":"hella"}],"_links":{"self":[{"href":"https:\/\/www.autonvaraosahaku.fi\/index.php?rest_route=\/wp\/v2\/product\/55725","targetHints":{"allow":["GET"]}}],"collection":[{"href":"https:\/\/www.autonvaraosahaku.fi\/index.php?rest_route=\/wp\/v2\/product"}],"about":[{"href":"https:\/\/www.autonvaraosahaku.fi\/index.php?rest_route=\/wp\/v2\/types\/product"}],"wp:attachment":[{"href":"https:\/\/www.autonvaraosahaku.fi\/index.php?rest_route=%2Fwp%2Fv2%2Fmedia&parent=55725"}],"wp:term":[{"taxonomy":"pwb-brand","embeddable":true,"href":"https:\/\/www.autonvaraosahaku.fi\/index.php?rest_route=%2Fwp%2Fv2%2Fpwb-brand&post=55725"},{"taxonomy":"product_cat","embeddable":true,"href":"https:\/\/www.autonvaraosahaku.fi\/index.php?rest_route=%2Fwp%2Fv2%2Fproduct_cat&post=55725"},{"taxonomy":"product_tag","embeddable":true,"href":"https:\/\/www.autonvaraosahaku.fi\/index.php?rest_route=%2Fwp%2Fv2%2Fproduct_tag&post=55725"}],"curies":[{"name":"wp","href":"https:\/\/api.w.org\/{rel}","templated":true}]}}