{"id":55738,"date":"2021-02-21T17:57:34","date_gmt":"2021-02-21T17:57:34","guid":{"rendered":"https:\/\/www.autonvaraosahaku.fi\/?product=vaico-v30-2377-muut-luokat"},"modified":"2021-02-21T17:57:38","modified_gmt":"2021-02-21T17:57:38","slug":"vaico-v30-2377-muut-luokat","status":"publish","type":"product","link":"https:\/\/www.autonvaraosahaku.fi\/?product=vaico-v30-2377-muut-luokat","title":{"rendered":"VAICO V30-2377 Muut luokat"},"content":{"rendered":"<p>Korvaava tuote\/korvaava tiedote 2: \u00f6ljypohjan tiivisteell\u00e4, Ruuveilla, Tiivisterenkaalla, \u00f6ljym\u00e4\u00e4r\u00e4 vakio\u00f6ljynvaihtov\u00e4lille; Suositeltu vaihtov\u00e4li [vuotta]: 5; Suositeltu vaihtov\u00e4li [km]: 80000; Vaihteistomalli: 9G-Tronic, 725,0; Tilavuus (litra): 10; Lis\u00e4tarvike\/lis\u00e4tieto: Tarvikkeilla; M\u00e4\u00e4r\u00e4yksikk\u00f6: Sarja; Lis\u00e4ksi tarvittavat tuotteet ks. tarvikeluettelo: ; Vaihteistomalli: Automaattivaihteisto, 9-vaiht.; Paino [kg]: 13,141; Pakkausleveys [cm]: 35,2; Pakkauskorkeus [mm]: 24,8; Pakkaussyvyys [cm]: 54,6; lis\u00e4tieto: CST98; Vaihdelaatikon numero: 725.011; MERCEDES-BENZ: E-CLASS W212,E-CLASS T-Model S212,M-CLASS W166,E-CLASS Coupe C207,SLK R172,E-CLASS Cabriolet A207,CLS C218,CLS Shooting Brake X218,S-CLASS W222, V222, X222,GL-CLASS X166,SL R231,C-CLASS T-Model S205,C-CLASS W205,V-CLASS W447,E-CLASS W213,VITO Tourer W447,GLC X253,E-CLASS T-Model S213,VITO Kasten W447,GLE W166,C-CLASS Coupe C205,VITO Mixto W447,GLC Coupe C253,GLE Coupe C292,SLC R172,GLS X166,C-CLASS Cabriolet A205,S-CLASS Coupe C217,E-CLASS Coupe C238,E-CLASS Cabriolet A238,S-CLASS Cabriolet A217,CLS C257,E-CLASS All-Terrain S213; 7252703203, 7252703707, 7252703707kit1, 7252707702, 7252708704, 7252708804, A7252703203, A7252703707, A7252703707kit1, A7252707702, A7252708704, A7252708804<\/p>\n","protected":false},"excerpt":{"rendered":"<p>VAICO Tarvikesarja, \u00d6ljynvaihto-Automaattivaihteisto V30-2377  MERCEDES-BENZ,E-CLASS W212,E-CLASS T-Model S212,M-CLASS W166,E-CLASS Coupe C207<\/p>\n","protected":false},"featured_media":0,"template":"","meta":{"site-sidebar-layout":"default","site-content-layout":"default","ast-global-header-display":"","ast-main-header-display":"","ast-hfb-above-header-display":"","ast-hfb-below-header-display":"","ast-hfb-mobile-header-display":"","site-post-title":"","ast-breadcrumbs-content":"","ast-featured-img":"","footer-sml-layout":"","theme-transparent-header-meta":"","adv-header-id-meta":"","stick-header-meta":"","header-above-stick-meta":"","header-main-stick-meta":"","header-below-stick-meta":""},"pwb-brand":[330],"product_cat":[37],"product_tag":[],"class_list":{"0":"post-55738","1":"product","2":"type-product","3":"status-publish","5":"pwb-brand-vaico","6":"product_cat-muut-luokat","7":"desktop-align-left","8":"tablet-align-left","9":"mobile-align-left","11":"first","12":"instock","13":"product-type-external"},"brands":[{"id":330,"name":"VAICO","slug":"vaico"}],"_links":{"self":[{"href":"https:\/\/www.autonvaraosahaku.fi\/index.php?rest_route=\/wp\/v2\/product\/55738","targetHints":{"allow":["GET"]}}],"collection":[{"href":"https:\/\/www.autonvaraosahaku.fi\/index.php?rest_route=\/wp\/v2\/product"}],"about":[{"href":"https:\/\/www.autonvaraosahaku.fi\/index.php?rest_route=\/wp\/v2\/types\/product"}],"wp:attachment":[{"href":"https:\/\/www.autonvaraosahaku.fi\/index.php?rest_route=%2Fwp%2Fv2%2Fmedia&parent=55738"}],"wp:term":[{"taxonomy":"pwb-brand","embeddable":true,"href":"https:\/\/www.autonvaraosahaku.fi\/index.php?rest_route=%2Fwp%2Fv2%2Fpwb-brand&post=55738"},{"taxonomy":"product_cat","embeddable":true,"href":"https:\/\/www.autonvaraosahaku.fi\/index.php?rest_route=%2Fwp%2Fv2%2Fproduct_cat&post=55738"},{"taxonomy":"product_tag","embeddable":true,"href":"https:\/\/www.autonvaraosahaku.fi\/index.php?rest_route=%2Fwp%2Fv2%2Fproduct_tag&post=55738"}],"curies":[{"name":"wp","href":"https:\/\/api.w.org\/{rel}","templated":true}]}}