{"id":55740,"date":"2021-02-21T17:57:34","date_gmt":"2021-02-21T17:57:34","guid":{"rendered":"https:\/\/www.autonvaraosahaku.fi\/?product=triscan-8815-29106-peruutustutka-anturit"},"modified":"2021-02-21T17:57:39","modified_gmt":"2021-02-21T17:57:39","slug":"triscan-8815-29106-peruutustutka-anturit","status":"publish","type":"product","link":"https:\/\/www.autonvaraosahaku.fi\/?product=triscan-8815-29106-peruutustutka-anturit","title":{"rendered":"TRISCAN 8815 29106 Peruutustutka anturit"},"content":{"rendered":"<p>Lis\u00e4tarvike\/lis\u00e4tieto: ilman tiivisteit\u00e4; L\u00e4pimitta [mm]: 23,1; Kemialliset ominaisuudet: maalattavissa; Rakennemalli: Caravelle; VW: TRANSPORTER V Bus 7HB, 7HJ, 7EB, 7EJ, 7EF,MULTIVAN V 7HM, 7HN, 7HF, 7EF, 7EM, 7EN,TRANSPORTER V Kasten 7HA, 7HH, 7EA, 7EH; AUDI: A6 Avant 4F5, C6,A6 Avant 4B5, C5,A6 4F2, C6,A6 4B2, C5,A6 Allroad 4FH, C6; 7H0919275E, 7H0919275EGRU, 7H0919275E, 7H0919275EGRU; Tunnistin, Et\u00e4isyystunnistin<\/p>\n","protected":false},"excerpt":{"rendered":"<p>TRISCAN Peruutustutka Anturit 8815 29106 Tunnistin, Et\u00e4isyystunnistin VW,AUDI,TRANSPORTER V Bus 7HB, 7HJ, 7EB, 7EJ, 7EF<\/p>\n","protected":false},"featured_media":0,"template":"","meta":{"site-sidebar-layout":"default","site-content-layout":"default","ast-global-header-display":"","ast-main-header-display":"","ast-hfb-above-header-display":"","ast-hfb-below-header-display":"","ast-hfb-mobile-header-display":"","site-post-title":"","ast-breadcrumbs-content":"","ast-featured-img":"","footer-sml-layout":"","theme-transparent-header-meta":"","adv-header-id-meta":"","stick-header-meta":"","header-above-stick-meta":"","header-main-stick-meta":"","header-below-stick-meta":""},"pwb-brand":[337],"product_cat":[217],"product_tag":[],"class_list":{"0":"post-55740","1":"product","2":"type-product","3":"status-publish","5":"pwb-brand-triscan","6":"product_cat-peruutustutka-anturit","7":"desktop-align-left","8":"tablet-align-left","9":"mobile-align-left","11":"first","12":"instock","13":"product-type-external"},"brands":[{"id":337,"name":"TRISCAN","slug":"triscan"}],"_links":{"self":[{"href":"https:\/\/www.autonvaraosahaku.fi\/index.php?rest_route=\/wp\/v2\/product\/55740","targetHints":{"allow":["GET"]}}],"collection":[{"href":"https:\/\/www.autonvaraosahaku.fi\/index.php?rest_route=\/wp\/v2\/product"}],"about":[{"href":"https:\/\/www.autonvaraosahaku.fi\/index.php?rest_route=\/wp\/v2\/types\/product"}],"wp:attachment":[{"href":"https:\/\/www.autonvaraosahaku.fi\/index.php?rest_route=%2Fwp%2Fv2%2Fmedia&parent=55740"}],"wp:term":[{"taxonomy":"pwb-brand","embeddable":true,"href":"https:\/\/www.autonvaraosahaku.fi\/index.php?rest_route=%2Fwp%2Fv2%2Fpwb-brand&post=55740"},{"taxonomy":"product_cat","embeddable":true,"href":"https:\/\/www.autonvaraosahaku.fi\/index.php?rest_route=%2Fwp%2Fv2%2Fproduct_cat&post=55740"},{"taxonomy":"product_tag","embeddable":true,"href":"https:\/\/www.autonvaraosahaku.fi\/index.php?rest_route=%2Fwp%2Fv2%2Fproduct_tag&post=55740"}],"curies":[{"name":"wp","href":"https:\/\/api.w.org\/{rel}","templated":true}]}}