{"id":55752,"date":"2021-02-21T17:57:40","date_gmt":"2021-02-21T17:57:40","guid":{"rendered":"https:\/\/www.autonvaraosahaku.fi\/?product=metzger-0899113-hammaspyora"},"modified":"2021-02-21T17:57:42","modified_gmt":"2021-02-21T17:57:42","slug":"metzger-0899113-hammaspyora","status":"publish","type":"product","link":"https:\/\/www.autonvaraosahaku.fi\/?product=metzger-0899113-hammaspyora","title":{"rendered":"METZGER 0899113 Hammaspy\u00f6r\u00e4"},"content":{"rendered":"<p>Asennuspuoli: Imupuoli; K\u00e4ytt\u00f6: Hydraulinen; Korvaava tuote\/korvaava tiedote 2: Ruuvilla; Hammasluku: 40; Tarvittava kappalem\u00e4\u00e4r\u00e4: 1; BMW: 1 F20,3 Touring F31,3 F30, F35, F80,1 F21; MINI: MINI R56,MINI CLUBMAN R55,MINI Cabriolet R57,MINI COUNTRYMAN R60,MINI Coupe R58,MINI Roadster R59,MINI PACEMAN R61,MINI CLUBVAN R55; CITRO\u00cbN: BERLINGO B9,C5 III Break TD_,C4 Picasso I UD_,C4 Grand Picasso I UA_,C4 I LC_,DS3,C3 Picasso,C5 III RD_,C3 II,C4 Coupe LA_,C4 II B7,BERLINGO Kasten B9,C4 Grand Picasso II,C4 Picasso II,DS4,DS5,DS3 Cabriolet,C4 Stufenheck N; PEUGEOT: 207 WA_, WC_,207 CC WD_,207 SW WK_,308 SW,208,308 4A_, 4C_,5008,508 SW,3008,PARTNER Tepee,RCZ,308 CC,2008,508,PARTNER Kasten,308 II,308 SW II,3008 SUV,5008 II; DS: DS 3,DS5,DS7 Crossback,DS 4 \/ DS 4 CROSSBACK,DS 3 Cabriolet; 11367536087, 11367545862, 0805H5, 0805K1, 0805H5, 0805K1, 11367536087, 11367545862, 0805H5, 0805K1; Nokka-Akselin Ajoituss\u00e4\u00e4din<\/p>\n","protected":false},"excerpt":{"rendered":"<p>METZGER Nokka-Akselin Hammaspy\u00f6r\u00e4 ORIGINAL ERSATZTEIL GREENPARTS 0899113 Nokka-Akselin Ajoituss\u00e4\u00e4din BMW,MINI,CITRO\u00cbN,1 F20,3 Touring F31<\/p>\n","protected":false},"featured_media":0,"template":"","meta":{"site-sidebar-layout":"default","site-content-layout":"default","ast-global-header-display":"","ast-main-header-display":"","ast-hfb-above-header-display":"","ast-hfb-below-header-display":"","ast-hfb-mobile-header-display":"","site-post-title":"","ast-breadcrumbs-content":"","ast-featured-img":"","footer-sml-layout":"","theme-transparent-header-meta":"","adv-header-id-meta":"","stick-header-meta":"","header-above-stick-meta":"","header-main-stick-meta":"","header-below-stick-meta":""},"pwb-brand":[69],"product_cat":[261],"product_tag":[],"class_list":{"0":"post-55752","1":"product","2":"type-product","3":"status-publish","5":"pwb-brand-metzger","6":"product_cat-hammaspyora","7":"desktop-align-left","8":"tablet-align-left","9":"mobile-align-left","11":"first","12":"instock","13":"product-type-external"},"brands":[{"id":69,"name":"METZGER","slug":"metzger"}],"_links":{"self":[{"href":"https:\/\/www.autonvaraosahaku.fi\/index.php?rest_route=\/wp\/v2\/product\/55752","targetHints":{"allow":["GET"]}}],"collection":[{"href":"https:\/\/www.autonvaraosahaku.fi\/index.php?rest_route=\/wp\/v2\/product"}],"about":[{"href":"https:\/\/www.autonvaraosahaku.fi\/index.php?rest_route=\/wp\/v2\/types\/product"}],"wp:attachment":[{"href":"https:\/\/www.autonvaraosahaku.fi\/index.php?rest_route=%2Fwp%2Fv2%2Fmedia&parent=55752"}],"wp:term":[{"taxonomy":"pwb-brand","embeddable":true,"href":"https:\/\/www.autonvaraosahaku.fi\/index.php?rest_route=%2Fwp%2Fv2%2Fpwb-brand&post=55752"},{"taxonomy":"product_cat","embeddable":true,"href":"https:\/\/www.autonvaraosahaku.fi\/index.php?rest_route=%2Fwp%2Fv2%2Fproduct_cat&post=55752"},{"taxonomy":"product_tag","embeddable":true,"href":"https:\/\/www.autonvaraosahaku.fi\/index.php?rest_route=%2Fwp%2Fv2%2Fproduct_tag&post=55752"}],"curies":[{"name":"wp","href":"https:\/\/api.w.org\/{rel}","templated":true}]}}