{"id":55755,"date":"2021-02-21T17:57:40","date_gmt":"2021-02-21T17:57:40","guid":{"rendered":"https:\/\/www.autonvaraosahaku.fi\/?product=mapco-26501-pyorannapa"},"modified":"2021-02-21T17:57:43","modified_gmt":"2021-02-21T17:57:43","slug":"mapco-26501-pyorannapa","status":"publish","type":"product","link":"https:\/\/www.autonvaraosahaku.fi\/?product=mapco-26501-pyorannapa","title":{"rendered":"MAPCO 26501 Py\u00f6r\u00e4nnapa"},"content":{"rendered":"<p>Vanne, aukkoja: 4; Asennuspuoli: etuakseli molemminpuoleinen; Hammasluku: 26; Leveys (mm): 66,2; Kierremitta: M12x1.5; Reik\u00e4ympyr\u00e4-\u00d8 [mm]: 100; Ulkol\u00e4pimitta 1 [mm]: 43; Ulkol\u00e4pimitta 2 [mm]: 139,2; HONDA: CIVIC VI Hatchback EJ, EK,CIVIC VI Fastback MA, MB,CIVIC VI Aerodeck MB, MC,CIVIC V Hatchback EG,CIVIC VI Stufenheck EJ, EK,CIVIC V Coupe EJ,CIVIC V Stufenheck EG, EH; ROVER: 400 RT,400 Hatchback RT; 44600ST3E00, RUB101250; Py\u00f6r\u00e4n Napa<\/p>\n","protected":false},"excerpt":{"rendered":"<p>MAPCO Py\u00f6r\u00e4nnapa 26501 Py\u00f6r\u00e4n Napa HONDA,ROVER,CIVIC VI Hatchback EJ, EK,CIVIC VI Fastback MA, MB,CIVIC VI Aerodeck MB, MC,CIVIC V Hatchback EG<\/p>\n","protected":false},"featured_media":0,"template":"","meta":{"site-sidebar-layout":"default","site-content-layout":"default","ast-global-header-display":"","ast-main-header-display":"","ast-hfb-above-header-display":"","ast-hfb-below-header-display":"","ast-hfb-mobile-header-display":"","site-post-title":"","ast-breadcrumbs-content":"","ast-featured-img":"","footer-sml-layout":"","theme-transparent-header-meta":"","adv-header-id-meta":"","stick-header-meta":"","header-above-stick-meta":"","header-main-stick-meta":"","header-below-stick-meta":""},"pwb-brand":[36],"product_cat":[257],"product_tag":[],"class_list":{"0":"post-55755","1":"product","2":"type-product","3":"status-publish","5":"pwb-brand-mapco","6":"product_cat-pyorannapa","7":"desktop-align-left","8":"tablet-align-left","9":"mobile-align-left","11":"first","12":"instock","13":"product-type-external"},"brands":[{"id":36,"name":"MAPCO","slug":"mapco"}],"_links":{"self":[{"href":"https:\/\/www.autonvaraosahaku.fi\/index.php?rest_route=\/wp\/v2\/product\/55755","targetHints":{"allow":["GET"]}}],"collection":[{"href":"https:\/\/www.autonvaraosahaku.fi\/index.php?rest_route=\/wp\/v2\/product"}],"about":[{"href":"https:\/\/www.autonvaraosahaku.fi\/index.php?rest_route=\/wp\/v2\/types\/product"}],"wp:attachment":[{"href":"https:\/\/www.autonvaraosahaku.fi\/index.php?rest_route=%2Fwp%2Fv2%2Fmedia&parent=55755"}],"wp:term":[{"taxonomy":"pwb-brand","embeddable":true,"href":"https:\/\/www.autonvaraosahaku.fi\/index.php?rest_route=%2Fwp%2Fv2%2Fpwb-brand&post=55755"},{"taxonomy":"product_cat","embeddable":true,"href":"https:\/\/www.autonvaraosahaku.fi\/index.php?rest_route=%2Fwp%2Fv2%2Fproduct_cat&post=55755"},{"taxonomy":"product_tag","embeddable":true,"href":"https:\/\/www.autonvaraosahaku.fi\/index.php?rest_route=%2Fwp%2Fv2%2Fproduct_tag&post=55755"}],"curies":[{"name":"wp","href":"https:\/\/api.w.org\/{rel}","templated":true}]}}