{"id":55767,"date":"2021-02-21T17:57:46","date_gmt":"2021-02-21T17:57:46","guid":{"rendered":"https:\/\/www.autonvaraosahaku.fi\/?product=era-350041a-termostaatti"},"modified":"2021-02-21T17:57:47","modified_gmt":"2021-02-21T17:57:47","slug":"era-350041a-termostaatti","status":"publish","type":"product","link":"https:\/\/www.autonvaraosahaku.fi\/?product=era-350041a-termostaatti","title":{"rendered":"ERA 350041A Termostaatti"},"content":{"rendered":"<p>Avausl\u00e4mp\u00f6tila [\u00b0C]: 89; Reikien m\u00e4\u00e4r\u00e4: 2; Kiinnityrreikien et\u00e4isyys [mm]: 61; VW: GOLF II 19E, 1G1,POLO 86C, 80,POLO Coupe 86C, 80,JETTA II 19E, 1G2, 165,POLO CLASSIC 86C, 80,POLO Kasten 86CF; FIAT: ULYSSE 179AX,QUBO 225,ULYSSE 220,SCUDO Kasten 220L,FIORINO Kasten\/Kombi 225,SCUDO Combinato 220P; PEUGEOT: 206 Schr\u00e4gheck 2A\/C,206 CC 2D,307 SW 3H,307 CC 3B,307 3A\/C,206 SW 2E\/K,807 E,106 II 1,206+ T3E,307 Break 3E,306 Schr\u00e4gheck 7A, 7C, N3, N5,306 Cabriolet 7D, N3, N5,1007 KM_,PARTNER Combispace 5F,PARTNER Kasten 5,306 Break 7E, N3, N5,806 221,EXPERT Tepee VF3V_,EXPERT Kasten VF3A_, VF3U_, VF3X_,306 7B, N3, N5,EXPERT Kasten 222,206 Stufenheck,BIPPER AA_,206 Van,EXPERT 224,EXPERT Pritsche\/Fahrgestell; SEAT: IBIZA II 6K1; CITRO\u00cbN: BERLINGO MF,XSARA PICASSO N68,C3 I FC_,C8 EA_, EB_,C4 I LC_,SAXO S0, S1,BERLINGO Kasten M_,XSARA N1,C4 Coupe LA_,XSARA Break N2,XSARA Coupe N0,EVASION 22, U6,C4 Stufenheck L,JUMPY U6U,JUMPY Kasten BS_, BT_, BY_, BZ_,JUMPY Pritsche\/Fahrgestell BU_, BV_, BW_, BX_,XSARA Kasten\/Schr\u00e4gheck; LANCIA: ZETA 220; 1336N5, 1336Q1, 9630066780, 9630066780, 1336N5, 1336Q1, 9630066780, 030121117M; Termostaatti, J\u00e4\u00e4hdytysneste<\/p>\n","protected":false},"excerpt":{"rendered":"<p>ERA Termostaatti 350041A Termostaatti, J\u00e4\u00e4hdytysneste VW,FIAT,PEUGEOT,GOLF II 19E, 1G1,POLO 86C, 80,POLO Coupe 86C, 80,JETTA II 19E, 1G2, 165<\/p>\n","protected":false},"featured_media":0,"template":"","meta":{"site-sidebar-layout":"default","site-content-layout":"default","ast-global-header-display":"","ast-main-header-display":"","ast-hfb-above-header-display":"","ast-hfb-below-header-display":"","ast-hfb-mobile-header-display":"","site-post-title":"","ast-breadcrumbs-content":"","ast-featured-img":"","footer-sml-layout":"","theme-transparent-header-meta":"","adv-header-id-meta":"","stick-header-meta":"","header-above-stick-meta":"","header-main-stick-meta":"","header-below-stick-meta":""},"pwb-brand":[64],"product_cat":[174],"product_tag":[],"class_list":{"0":"post-55767","1":"product","2":"type-product","3":"status-publish","5":"pwb-brand-era","6":"product_cat-termostaatti","7":"desktop-align-left","8":"tablet-align-left","9":"mobile-align-left","11":"first","12":"instock","13":"product-type-external"},"brands":[{"id":64,"name":"ERA","slug":"era"}],"_links":{"self":[{"href":"https:\/\/www.autonvaraosahaku.fi\/index.php?rest_route=\/wp\/v2\/product\/55767","targetHints":{"allow":["GET"]}}],"collection":[{"href":"https:\/\/www.autonvaraosahaku.fi\/index.php?rest_route=\/wp\/v2\/product"}],"about":[{"href":"https:\/\/www.autonvaraosahaku.fi\/index.php?rest_route=\/wp\/v2\/types\/product"}],"wp:attachment":[{"href":"https:\/\/www.autonvaraosahaku.fi\/index.php?rest_route=%2Fwp%2Fv2%2Fmedia&parent=55767"}],"wp:term":[{"taxonomy":"pwb-brand","embeddable":true,"href":"https:\/\/www.autonvaraosahaku.fi\/index.php?rest_route=%2Fwp%2Fv2%2Fpwb-brand&post=55767"},{"taxonomy":"product_cat","embeddable":true,"href":"https:\/\/www.autonvaraosahaku.fi\/index.php?rest_route=%2Fwp%2Fv2%2Fproduct_cat&post=55767"},{"taxonomy":"product_tag","embeddable":true,"href":"https:\/\/www.autonvaraosahaku.fi\/index.php?rest_route=%2Fwp%2Fv2%2Fproduct_tag&post=55767"}],"curies":[{"name":"wp","href":"https:\/\/api.w.org\/{rel}","templated":true}]}}