{"id":55784,"date":"2021-02-21T17:57:52","date_gmt":"2021-02-21T17:57:52","guid":{"rendered":"https:\/\/www.autonvaraosahaku.fi\/?product=gates-th04182g1-termostaatti"},"modified":"2021-02-21T17:57:53","modified_gmt":"2021-02-21T17:57:53","slug":"gates-th04182g1-termostaatti","status":"publish","type":"product","link":"https:\/\/www.autonvaraosahaku.fi\/?product=gates-th04182g1-termostaatti","title":{"rendered":"GATES TH04182G1 Termostaatti"},"content":{"rendered":"<p>Kotelomalli: Ilman koppaa; Avausl\u00e4mp\u00f6tila [\u00b0C]: 82; Ilmastovy\u00f6hykkeet: f\u00fcr hei\u00dfe Klimazonen; NISSAN: URVAN Kasten E23; HONDA: ACTY TN; DAIHATSU: CUORE I L55, L60,CHARMANT A; SUZUKI: SAMURAI SJ,VITARA ET, TA,VITARA Cabrio ET, TA,SJ 413,LJ 80,SJ 410 Cabrio,SJ 410,X-90 EL,SUPER CARRY Bus ED,CARRY Kasten ST90V,CARRY Pick-up,SAMURAI Gel\u00e4ndewagen offen SJ,CARRY Kasten,SUPER CARRY Kasten ED; TOYOTA: LITEACE Kasten CM3_V, KM3_V; SANTANA: SAMURAI; BEDFORD: RASCAL Kasten; 9004833020, 19300679812, 9091603016, 9091603054, 9091603016, 9091603054, 1757074001, 17570A74001, 1760060810, 1760060811, 1760060812, 1760060813, 1760083810, 1760083820, 1760083821, 1760083822, 1760085830, 1760085831, 1767056B00, 1767073000, 1767073020, 1767073021, 1767074001, 1767083000, 1767083010, 1767083020, 1767085C00, 9091603016, 9091603054; Termostaatti, J\u00e4\u00e4hdytysneste<\/p>\n","protected":false},"excerpt":{"rendered":"<p>GATES Termostaatti TH04182G1 Termostaatti, J\u00e4\u00e4hdytysneste NISSAN,HONDA,DAIHATSU,URVAN Kasten E23,ACTY TN,CUORE I L55, L60,CHARMANT A,SAMURAI SJ<\/p>\n","protected":false},"featured_media":0,"template":"","meta":{"site-sidebar-layout":"default","site-content-layout":"default","ast-global-header-display":"","ast-main-header-display":"","ast-hfb-above-header-display":"","ast-hfb-below-header-display":"","ast-hfb-mobile-header-display":"","site-post-title":"","ast-breadcrumbs-content":"","ast-featured-img":"","footer-sml-layout":"","theme-transparent-header-meta":"","adv-header-id-meta":"","stick-header-meta":"","header-above-stick-meta":"","header-main-stick-meta":"","header-below-stick-meta":""},"pwb-brand":[22],"product_cat":[174],"product_tag":[],"class_list":{"0":"post-55784","1":"product","2":"type-product","3":"status-publish","5":"pwb-brand-gates","6":"product_cat-termostaatti","7":"desktop-align-left","8":"tablet-align-left","9":"mobile-align-left","11":"first","12":"instock","13":"product-type-external"},"brands":[{"id":22,"name":"GATES","slug":"gates"}],"_links":{"self":[{"href":"https:\/\/www.autonvaraosahaku.fi\/index.php?rest_route=\/wp\/v2\/product\/55784","targetHints":{"allow":["GET"]}}],"collection":[{"href":"https:\/\/www.autonvaraosahaku.fi\/index.php?rest_route=\/wp\/v2\/product"}],"about":[{"href":"https:\/\/www.autonvaraosahaku.fi\/index.php?rest_route=\/wp\/v2\/types\/product"}],"wp:attachment":[{"href":"https:\/\/www.autonvaraosahaku.fi\/index.php?rest_route=%2Fwp%2Fv2%2Fmedia&parent=55784"}],"wp:term":[{"taxonomy":"pwb-brand","embeddable":true,"href":"https:\/\/www.autonvaraosahaku.fi\/index.php?rest_route=%2Fwp%2Fv2%2Fpwb-brand&post=55784"},{"taxonomy":"product_cat","embeddable":true,"href":"https:\/\/www.autonvaraosahaku.fi\/index.php?rest_route=%2Fwp%2Fv2%2Fproduct_cat&post=55784"},{"taxonomy":"product_tag","embeddable":true,"href":"https:\/\/www.autonvaraosahaku.fi\/index.php?rest_route=%2Fwp%2Fv2%2Fproduct_tag&post=55784"}],"curies":[{"name":"wp","href":"https:\/\/api.w.org\/{rel}","templated":true}]}}