{"id":55803,"date":"2021-02-21T17:57:58","date_gmt":"2021-02-21T17:57:58","guid":{"rendered":"https:\/\/www.autonvaraosahaku.fi\/?product=vemo-v99-84-0077-lamput-hehkulamppu"},"modified":"2021-02-21T17:57:58","modified_gmt":"2021-02-21T17:57:58","slug":"vemo-v99-84-0077-lamput-hehkulamppu","status":"publish","type":"product","link":"https:\/\/www.autonvaraosahaku.fi\/?product=vemo-v99-84-0077-lamput-hehkulamppu","title":{"rendered":"VEMO V99-84-0077 Lamput (hehkulamppu)"},"content":{"rendered":"<p>J\u00e4nnite (V): 12; Nimellisteho (W): 55; Lamppumalli: H11; Lyhdyn muoto: Halogeeni; Kantamalli: PGJ 19-2; lis\u00e4tieto: Original VEMO Quality; Vuosimalliin: 2012; MERCEDES-BENZ: S-CLASS W221,S-CLASS Coupe C216; OPEL: ASTRA J Sports Tourer,ASTRA J,ASTRA J Stufenheck,GT Cabriolet; FORD: MAVERICK,C-MAX II,C-MAX II Van,B-MAX Van; FIAT: FREEMONT JF_; TOYOTA: AURIS NRE15_, ZZE15_, ADE15_, ZRE15_, NDE15_,RAV 4 III ACA3_, ACE_, ALA3_, GSA3_, ZSA3_,AVENSIS Station Wagon ZRT27, ADT27,VERSO _AUR2_, _ZGR2_,PRIUS ZVW3_,AVENSIS Stufenheck ZRT27, ADT27,PRIUS PLUS ZVW4_,LAND CRUISER 150 KDJ15_, GRJ15_,LAND CRUISER VDJ20_, UZJ20_; CITRO\u00cbN: C-CROSSER EP_,C-CROSSER ENTERPRISE,C-ZERO; NISSAN: JUKE F15,X-TRAIL T32,PULSAR Schr\u00e4gheck C13,PATHFINDER R52; MAZDA: CX-5 KE, GH,6 Kombi GH,3 BL,3 BM,6 Kombi GJ, GH,6 Schr\u00e4gheck GH,6 GH,6 Stufenheck GJ, GH,3 Stufenheck BL,3 Stufenheck BM,CX-9 TB; HONDA: CR-V IV RE,ACCORD VIII CU,ACCORD VIII Kombi,INSIGHT ZE_,CR-Z ZF1,CIVIC X Schr\u00e4gheck FC_, FK,ACCORD IX Stufenheck; VOLVO: C70 II Cabriolet,XC90 II<\/p>\n","protected":false},"excerpt":{"rendered":"<p>VEMO Polttimo, Kaukovalo V99-84-0077  MERCEDES-BENZ,OPEL,FORD,S-CLASS W221,S-CLASS Coupe C216,ASTRA J Sports Tourer,ASTRA J,ASTRA J Stufenheck<\/p>\n","protected":false},"featured_media":0,"template":"","meta":{"site-sidebar-layout":"default","site-content-layout":"default","ast-global-header-display":"","ast-main-header-display":"","ast-hfb-above-header-display":"","ast-hfb-below-header-display":"","ast-hfb-mobile-header-display":"","site-post-title":"","ast-breadcrumbs-content":"","ast-featured-img":"","footer-sml-layout":"","theme-transparent-header-meta":"","adv-header-id-meta":"","stick-header-meta":"","header-above-stick-meta":"","header-main-stick-meta":"","header-below-stick-meta":""},"pwb-brand":[168],"product_cat":[151],"product_tag":[],"class_list":{"0":"post-55803","1":"product","2":"type-product","3":"status-publish","5":"pwb-brand-vemo","6":"product_cat-lamput-hehkulamppu","7":"desktop-align-left","8":"tablet-align-left","9":"mobile-align-left","11":"first","12":"instock","13":"product-type-external"},"brands":[{"id":168,"name":"VEMO","slug":"vemo"}],"_links":{"self":[{"href":"https:\/\/www.autonvaraosahaku.fi\/index.php?rest_route=\/wp\/v2\/product\/55803","targetHints":{"allow":["GET"]}}],"collection":[{"href":"https:\/\/www.autonvaraosahaku.fi\/index.php?rest_route=\/wp\/v2\/product"}],"about":[{"href":"https:\/\/www.autonvaraosahaku.fi\/index.php?rest_route=\/wp\/v2\/types\/product"}],"wp:attachment":[{"href":"https:\/\/www.autonvaraosahaku.fi\/index.php?rest_route=%2Fwp%2Fv2%2Fmedia&parent=55803"}],"wp:term":[{"taxonomy":"pwb-brand","embeddable":true,"href":"https:\/\/www.autonvaraosahaku.fi\/index.php?rest_route=%2Fwp%2Fv2%2Fpwb-brand&post=55803"},{"taxonomy":"product_cat","embeddable":true,"href":"https:\/\/www.autonvaraosahaku.fi\/index.php?rest_route=%2Fwp%2Fv2%2Fproduct_cat&post=55803"},{"taxonomy":"product_tag","embeddable":true,"href":"https:\/\/www.autonvaraosahaku.fi\/index.php?rest_route=%2Fwp%2Fv2%2Fproduct_tag&post=55803"}],"curies":[{"name":"wp","href":"https:\/\/api.w.org\/{rel}","templated":true}]}}