{"id":55818,"date":"2021-02-21T17:57:58","date_gmt":"2021-02-21T17:57:58","guid":{"rendered":"https:\/\/www.autonvaraosahaku.fi\/?product=era-465097-pissapojan-pumppu"},"modified":"2021-02-21T17:58:02","modified_gmt":"2021-02-21T17:58:02","slug":"era-465097-pissapojan-pumppu","status":"publish","type":"product","link":"https:\/\/www.autonvaraosahaku.fi\/?product=era-465097-pissapojan-pumppu","title":{"rendered":"ERA 465097 Pissapojan pumppu"},"content":{"rendered":"<p>J\u00e4nnite (V): 12; Lis\u00e4tarvike\/lis\u00e4tieto: Tiivisteill\u00e4; Liittimi\u00e4: 2; NISSAN: NAVARA D40,NV200 EVALIA,PATROL GR II Wagon Y61,NV200 Kasten,370 Z Z34,GT-R R35,370 Z Roadster Z34,NP300; SUBARU: FORESTER SJ,XV,OUTBACK BS; ISUZU: D-MAX TFR, TFS; 8973143500, 28920AR000; Pesurin Pumppu,Lasinpesurin Pumppu,Pesunestepumppu, Lasinpesu<\/p>\n","protected":false},"excerpt":{"rendered":"<p>ERA Pissapojan Pumppu 465097 Pesurin Pumppu,Lasinpesurin Pumppu NISSAN,SUBARU,ISUZU,NAVARA D40,NV200 EVALIA,PATROL GR II Wagon Y61,NV200 Kasten<\/p>\n","protected":false},"featured_media":0,"template":"","meta":{"site-sidebar-layout":"default","site-content-layout":"default","ast-global-header-display":"","ast-main-header-display":"","ast-hfb-above-header-display":"","ast-hfb-below-header-display":"","ast-hfb-mobile-header-display":"","site-post-title":"","ast-breadcrumbs-content":"","ast-featured-img":"","footer-sml-layout":"","theme-transparent-header-meta":"","adv-header-id-meta":"","stick-header-meta":"","header-above-stick-meta":"","header-main-stick-meta":"","header-below-stick-meta":""},"pwb-brand":[64],"product_cat":[182],"product_tag":[],"class_list":{"0":"post-55818","1":"product","2":"type-product","3":"status-publish","5":"pwb-brand-era","6":"product_cat-pissapojan-pumppu","7":"desktop-align-left","8":"tablet-align-left","9":"mobile-align-left","11":"first","12":"instock","13":"product-type-external"},"brands":[{"id":64,"name":"ERA","slug":"era"}],"_links":{"self":[{"href":"https:\/\/www.autonvaraosahaku.fi\/index.php?rest_route=\/wp\/v2\/product\/55818","targetHints":{"allow":["GET"]}}],"collection":[{"href":"https:\/\/www.autonvaraosahaku.fi\/index.php?rest_route=\/wp\/v2\/product"}],"about":[{"href":"https:\/\/www.autonvaraosahaku.fi\/index.php?rest_route=\/wp\/v2\/types\/product"}],"wp:attachment":[{"href":"https:\/\/www.autonvaraosahaku.fi\/index.php?rest_route=%2Fwp%2Fv2%2Fmedia&parent=55818"}],"wp:term":[{"taxonomy":"pwb-brand","embeddable":true,"href":"https:\/\/www.autonvaraosahaku.fi\/index.php?rest_route=%2Fwp%2Fv2%2Fpwb-brand&post=55818"},{"taxonomy":"product_cat","embeddable":true,"href":"https:\/\/www.autonvaraosahaku.fi\/index.php?rest_route=%2Fwp%2Fv2%2Fproduct_cat&post=55818"},{"taxonomy":"product_tag","embeddable":true,"href":"https:\/\/www.autonvaraosahaku.fi\/index.php?rest_route=%2Fwp%2Fv2%2Fproduct_tag&post=55818"}],"curies":[{"name":"wp","href":"https:\/\/api.w.org\/{rel}","templated":true}]}}