{"id":55819,"date":"2021-02-21T17:57:58","date_gmt":"2021-02-21T17:57:58","guid":{"rendered":"https:\/\/www.autonvaraosahaku.fi\/?product=kamei-04711507-muut-luokat"},"modified":"2021-02-21T17:58:02","modified_gmt":"2021-02-21T17:58:02","slug":"kamei-04711507-muut-luokat","status":"publish","type":"product","link":"https:\/\/www.autonvaraosahaku.fi\/?product=kamei-04711507-muut-luokat","title":{"rendered":"KAMEI 04711507 Muut luokat"},"content":{"rendered":"<p>Pituus (cm): 115; Leveys (cm): 6.8; Hy\u00f6tykuorma korkeintaan [kg]: 100; Materiaali: Alumiini; M\u00e4\u00e4r\u00e4: 1; M\u00e4\u00e4r\u00e4yksikk\u00f6: Pari; Versio: Type 2; Varusteet: ajoneuvoille perinteisell\u00e4 kattokiskolla; Ominaisuudet: avoimille kattokaiteille; VW: PASSAT Variant 3C5,GOLF PLUS 5M1, 521,PASSAT Variant 3B6,TIGUAN 5N_,PASSAT Variant 365,CADDY III Kombi 2KB, 2KJ, 2CB, 2CJ,PASSAT Variant 3B5,GOLF VI Variant AJ5,GOLF V Variant 1K5,GOLF VII Kombi BA5,PASSAT ALLTRACK 365,PASSAT Variant 3G5,GOLF SPORTSVAN AM1,PASSAT ALLTRACK 3G5,GOLF ALLTRACK BA5; AUDI: A6 Avant 4B5, C5,A4 Avant 8D5, B5,A6 Allroad 4FH, C6,A4 Avant 8W5, B9; MAZDA: 5 CR19; SKODA: OCTAVIA Combi 1Z5,OCTAVIA Combi 5E5,ROOMSTER 5J,SUPERB Kombi 3T5,ROOMSTER Praktik 5J,SUPERB Kombi 3V5; BMW: 5 Touring E61,3 Touring E46,5 Touring F11,X1 E84; SEAT: IBIZA V ST 6J8, 6P8,ATECA KH7; CHEVROLET: CRUZE Station Wagon J308; KIA: SPORTAGE SL,CEE&#8217;D SW ED; HONDA: HR-V RU; VOLVO: V50 MW<\/p>\n","protected":false},"excerpt":{"rendered":"<p>KAMEI Kattotelineet 04711507  VW,AUDI,MAZDA,PASSAT Variant 3C5,GOLF PLUS 5M1, 521,PASSAT Variant 3B6,TIGUAN 5N_,PASSAT Variant 365<\/p>\n","protected":false},"featured_media":0,"template":"","meta":{"site-sidebar-layout":"default","site-content-layout":"default","ast-global-header-display":"","ast-main-header-display":"","ast-hfb-above-header-display":"","ast-hfb-below-header-display":"","ast-hfb-mobile-header-display":"","site-post-title":"","ast-breadcrumbs-content":"","ast-featured-img":"","footer-sml-layout":"","theme-transparent-header-meta":"","adv-header-id-meta":"","stick-header-meta":"","header-above-stick-meta":"","header-main-stick-meta":"","header-below-stick-meta":""},"pwb-brand":[525],"product_cat":[37],"product_tag":[],"class_list":{"0":"post-55819","1":"product","2":"type-product","3":"status-publish","5":"pwb-brand-kamei","6":"product_cat-muut-luokat","7":"desktop-align-left","8":"tablet-align-left","9":"mobile-align-left","11":"first","12":"instock","13":"product-type-external"},"brands":[{"id":525,"name":"KAMEI","slug":"kamei"}],"_links":{"self":[{"href":"https:\/\/www.autonvaraosahaku.fi\/index.php?rest_route=\/wp\/v2\/product\/55819","targetHints":{"allow":["GET"]}}],"collection":[{"href":"https:\/\/www.autonvaraosahaku.fi\/index.php?rest_route=\/wp\/v2\/product"}],"about":[{"href":"https:\/\/www.autonvaraosahaku.fi\/index.php?rest_route=\/wp\/v2\/types\/product"}],"wp:attachment":[{"href":"https:\/\/www.autonvaraosahaku.fi\/index.php?rest_route=%2Fwp%2Fv2%2Fmedia&parent=55819"}],"wp:term":[{"taxonomy":"pwb-brand","embeddable":true,"href":"https:\/\/www.autonvaraosahaku.fi\/index.php?rest_route=%2Fwp%2Fv2%2Fpwb-brand&post=55819"},{"taxonomy":"product_cat","embeddable":true,"href":"https:\/\/www.autonvaraosahaku.fi\/index.php?rest_route=%2Fwp%2Fv2%2Fproduct_cat&post=55819"},{"taxonomy":"product_tag","embeddable":true,"href":"https:\/\/www.autonvaraosahaku.fi\/index.php?rest_route=%2Fwp%2Fv2%2Fproduct_tag&post=55819"}],"curies":[{"name":"wp","href":"https:\/\/api.w.org\/{rel}","templated":true}]}}