{"id":55827,"date":"2021-02-21T17:58:03","date_gmt":"2021-02-21T17:58:03","guid":{"rendered":"https:\/\/www.autonvaraosahaku.fi\/?product=ridex-161b0027-ahtopaine-anturi"},"modified":"2021-02-21T17:58:05","modified_gmt":"2021-02-21T17:58:05","slug":"ridex-161b0027-ahtopaine-anturi","status":"publish","type":"product","link":"https:\/\/www.autonvaraosahaku.fi\/?product=ridex-161b0027-ahtopaine-anturi","title":{"rendered":"RIDEX 161B0027 Ahtopaine anturi"},"content":{"rendered":"<p>Napojen m\u00e4\u00e4r\u00e4: 4; Pistokkeen kotelon muoto: suorakulmainen (rectangular); Kiinnitysreikien lukum\u00e4\u00e4r\u00e4: 1; Korvaava tuote\/korvaava tiedote 2: Sis\u00e4\u00e4nrakennetulla ilmal\u00e4mp\u00f6tilasensorilla; Paine alkaen [kPA]: 10; Paine korkeintaan [kPa]: 120; MAZDA: 2 DY; LAND ROVER: RANGE ROVER III LM; JAGUAR: S-TYPE CCX,XF _J05_, CC9,XJ X350, X358; VOLVO: V50 MW,C30,S40 II MS; FORD: FIESTA V JH_, JD_,FOCUS II Kombi DA_,FIESTA VI,FOCUS II DA_,FOCUS III Turnier,FOCUS C-MAX,FUSION JU_,KA RB_,C-MAX DM2,FOCUS III,C-MAX II,STREET KA RL2,FOCUS II Stufenheck DA_,FOCUS II Cabriolet,FOCUS III Stufenheck,FIESTA V Van; 1141598, 1490907, 1923995, 2S6A9F479BA, 2S6A9F479BB, 2S6A9F479BC, AJ812337, AJ85329, LR008935, C20118211, C20118211A, C20118211Z01, 1141598, 30711659, 31339551; Imusarjan Painetunnistin,Imusarjan Paineanturi,Tunnistin, Ahtopaine<\/p>\n","protected":false},"excerpt":{"rendered":"<p>RIDEX MAP Sensor 161B0027 Imusarjan Painetunnistin,Imusarjan Paineanturi MAZDA,LAND ROVER,JAGUAR,2 DY,RANGE ROVER III LM,S-TYPE CCX,XF _J05_, CC9<\/p>\n","protected":false},"featured_media":0,"template":"","meta":{"site-sidebar-layout":"default","site-content-layout":"default","ast-global-header-display":"","ast-main-header-display":"","ast-hfb-above-header-display":"","ast-hfb-below-header-display":"","ast-hfb-mobile-header-display":"","site-post-title":"","ast-breadcrumbs-content":"","ast-featured-img":"","footer-sml-layout":"","theme-transparent-header-meta":"","adv-header-id-meta":"","stick-header-meta":"","header-above-stick-meta":"","header-main-stick-meta":"","header-below-stick-meta":""},"pwb-brand":[157],"product_cat":[197],"product_tag":[],"class_list":{"0":"post-55827","1":"product","2":"type-product","3":"status-publish","5":"pwb-brand-ridex","6":"product_cat-ahtopaine-anturi","7":"desktop-align-left","8":"tablet-align-left","9":"mobile-align-left","11":"first","12":"instock","13":"product-type-external"},"brands":[{"id":157,"name":"RIDEX","slug":"ridex"}],"_links":{"self":[{"href":"https:\/\/www.autonvaraosahaku.fi\/index.php?rest_route=\/wp\/v2\/product\/55827","targetHints":{"allow":["GET"]}}],"collection":[{"href":"https:\/\/www.autonvaraosahaku.fi\/index.php?rest_route=\/wp\/v2\/product"}],"about":[{"href":"https:\/\/www.autonvaraosahaku.fi\/index.php?rest_route=\/wp\/v2\/types\/product"}],"wp:attachment":[{"href":"https:\/\/www.autonvaraosahaku.fi\/index.php?rest_route=%2Fwp%2Fv2%2Fmedia&parent=55827"}],"wp:term":[{"taxonomy":"pwb-brand","embeddable":true,"href":"https:\/\/www.autonvaraosahaku.fi\/index.php?rest_route=%2Fwp%2Fv2%2Fpwb-brand&post=55827"},{"taxonomy":"product_cat","embeddable":true,"href":"https:\/\/www.autonvaraosahaku.fi\/index.php?rest_route=%2Fwp%2Fv2%2Fproduct_cat&post=55827"},{"taxonomy":"product_tag","embeddable":true,"href":"https:\/\/www.autonvaraosahaku.fi\/index.php?rest_route=%2Fwp%2Fv2%2Fproduct_tag&post=55827"}],"curies":[{"name":"wp","href":"https:\/\/api.w.org\/{rel}","templated":true}]}}