{"id":55836,"date":"2021-02-21T17:58:03","date_gmt":"2021-02-21T17:58:03","guid":{"rendered":"https:\/\/www.autonvaraosahaku.fi\/?product=ridex-854s1557-iskunvaimennin"},"modified":"2021-02-21T17:58:07","modified_gmt":"2021-02-21T17:58:07","slug":"ridex-854s1557-iskunvaimennin","status":"publish","type":"product","link":"https:\/\/www.autonvaraosahaku.fi\/?product=ridex-854s1557-iskunvaimennin","title":{"rendered":"RIDEX 854S1557 Iskunvaimennin"},"content":{"rendered":"<p>Lukum\u00e4\u00e4r\u00e4 akselille: 1; Iskunvaimennin tyyppi: \u00d6ljypaine; Iskunvaimennin malli: Joustintukisarja; Asennuspuoli: Etuakseli; Iskunvaimennusj\u00e4rjestelm\u00e4: Kaksiputki; Alustarakenne: f\u00fcr Fahrzeuge mit Standard Fahrwerk; VW: PASSAT Variant 32B,PASSAT 32B,PASSAT 32,PASSAT Stufenheck 32B,PASSAT Variant 33,SANTANA 32B; AUDI: 80 8C, B4,80 89, 89Q, 8A, B3,CABRIOLET 8G7, B4,80 Avant 8C, B4,COUPE 89, 8B,80 81, 85, B2,90 89, 89Q, 8A, B3,COUPE 81, 85,QUATTRO 85,80 80, 82, B1,90 81, 85, B2; 321413503B, 811413503, 811413503A, 811413503B, 811413503C, 811413503D, 811413503E, 811413503G, 811413503H, 811413503K, 853413503, 855413503, 855413503A, 855413503B, 855413503C, 893413503, 893413503C, 893413503D, 893413503E, 893413503F, 893413503M, 893413503N, 893413503P, 893413503Q, 893413503R, 893413503S, 895413503C, 895413503D, 895413503E, 895413503F, 8A0413503, 8A0413503A, 8A0413503B, 8A0413503C, 8A0413503D, 8A0413503E, 8A0413503F, 8A0413503G, 8G0413503, 8G0413503B, 811413503B, 811413503C, 811413503D, 855413503, 855413503A, 893413503F, 893413503Q, 8G0413503, 811413503B, 811413503C, 811413503D, 855413503, 855413503A, 893413503F, 893413503Q, 8G0413503, 321413503B, 331413503, 811413503, 811413503A, 811413503B, 811413503C, 811413503D, 811413503E, 811413503F, 811413503G, 811413503H, 811413503K, 853413503, 855413503, 855413503A, 855413503B, 855413503C, 893413503C, 893413503D, 893413503E, 893413503F, 893413503M, 893413503N, 893413503P, 893413503Q, 893413503R, 893413503S, 895413503D, 8A04&#8230;; Iskarit,Iskunvaimennin<\/p>\n","protected":false},"excerpt":{"rendered":"<p>RIDEX Iskunvaimentimet 854S1557 Iskarit,Iskunvaimennin VW,AUDI,PASSAT Variant 32B,PASSAT 32B,PASSAT 32,PASSAT Stufenheck 32B,PASSAT Variant 33<\/p>\n","protected":false},"featured_media":0,"template":"","meta":{"site-sidebar-layout":"default","site-content-layout":"default","ast-global-header-display":"","ast-main-header-display":"","ast-hfb-above-header-display":"","ast-hfb-below-header-display":"","ast-hfb-mobile-header-display":"","site-post-title":"","ast-breadcrumbs-content":"","ast-featured-img":"","footer-sml-layout":"","theme-transparent-header-meta":"","adv-header-id-meta":"","stick-header-meta":"","header-above-stick-meta":"","header-main-stick-meta":"","header-below-stick-meta":""},"pwb-brand":[157],"product_cat":[80],"product_tag":[],"class_list":{"0":"post-55836","1":"product","2":"type-product","3":"status-publish","5":"pwb-brand-ridex","6":"product_cat-iskunvaimennin","7":"desktop-align-left","8":"tablet-align-left","9":"mobile-align-left","11":"first","12":"instock","13":"product-type-external"},"brands":[{"id":157,"name":"RIDEX","slug":"ridex"}],"_links":{"self":[{"href":"https:\/\/www.autonvaraosahaku.fi\/index.php?rest_route=\/wp\/v2\/product\/55836","targetHints":{"allow":["GET"]}}],"collection":[{"href":"https:\/\/www.autonvaraosahaku.fi\/index.php?rest_route=\/wp\/v2\/product"}],"about":[{"href":"https:\/\/www.autonvaraosahaku.fi\/index.php?rest_route=\/wp\/v2\/types\/product"}],"wp:attachment":[{"href":"https:\/\/www.autonvaraosahaku.fi\/index.php?rest_route=%2Fwp%2Fv2%2Fmedia&parent=55836"}],"wp:term":[{"taxonomy":"pwb-brand","embeddable":true,"href":"https:\/\/www.autonvaraosahaku.fi\/index.php?rest_route=%2Fwp%2Fv2%2Fpwb-brand&post=55836"},{"taxonomy":"product_cat","embeddable":true,"href":"https:\/\/www.autonvaraosahaku.fi\/index.php?rest_route=%2Fwp%2Fv2%2Fproduct_cat&post=55836"},{"taxonomy":"product_tag","embeddable":true,"href":"https:\/\/www.autonvaraosahaku.fi\/index.php?rest_route=%2Fwp%2Fv2%2Fproduct_tag&post=55836"}],"curies":[{"name":"wp","href":"https:\/\/api.w.org\/{rel}","templated":true}]}}