{"id":55849,"date":"2021-02-21T17:58:09","date_gmt":"2021-02-21T17:58:09","guid":{"rendered":"https:\/\/www.autonvaraosahaku.fi\/?product=maxgear-ac257817-jaahdytin"},"modified":"2021-02-21T17:58:11","modified_gmt":"2021-02-21T17:58:11","slug":"maxgear-ac257817-jaahdytin","status":"publish","type":"product","link":"https:\/\/www.autonvaraosahaku.fi\/?product=maxgear-ac257817-jaahdytin","title":{"rendered":"MAXGEAR AC257817 J\u00e4\u00e4hdytin"},"content":{"rendered":"<p>Leveys (mm): 405, 650; Korkeus (mm): 650, 414,5; Paksuus [mm]: 24, 34; Laatu \/ luokka: EASY FIT; Materiaali: Alumiini; Sis\u00e4\u00e4ntulol\u00e4pimitta [mm]: 32; Ulostulon l\u00e4pimitta [mm]: 32; Paino [kg]: 3,67; Moottorinumero: AEH,AKL,APF; VW: GOLF IV 1J1,GOLF IV Variant 1J5,BORA 1J2,BORA Kombi 1J6; AUDI: A3 8L1,TT 8N3,TT Roadster 8N9; SKODA: OCTAVIA Combi 1U5,OCTAVIA 1Z3,OCTAVIA 1U2; SEAT: LEON 1M1,TOLEDO II 1M2; 1212531J0AD, 1J0121253AB, 1J0121253AD, 1J0121253AH, 1J0121253AJ, 1J0121253AN, 1J0121253AP, 1J0121253AQ, 1J0121253H, 1J0121253J, 1J0121253L, 1J0121253M, 1J0121253N, 1J0121253P, 1J0121253Q, 1J0121253S, 1J0121253AB, 1J0121253AD, 1J0121253AF, 1J0121253AH, 1J0121253AJ, 1J0121253AN, 1J0121253AP, 1J0121253AQ, 1J0121253H, 1J0121253J, 1J0121253L, 1J0121253M, 1J0121253N, 1J0121253P, 1J0121253Q, 1J0121253S, 1J0121253AB, 1J0121253AD, 1J0121253AH, 1J0121253AJ, 1J0121253AN, 1J0121253AP, 1J0121253AQ, 1J0121253AT, 1J0121253H, 1J0121253J, 1J0121253L, 1J0121253M, 1J0121253N, 1J0121253P, 1J0121253Q, 1J0121253S, 1J0121253AB, 1J0121253AD, 1J0121253AH, 1J0121253AJ, 1J0121253AN, 1J0121253AP, 1J0121253AQ, 1J0121253AT, 1J0121253H, 1J0121253J, 1J0121253L, 1J0121253M, 1J0121253N, 1J0121253P, 1J0121253Q, 1J0121253S; Syyl\u00e4ri,J\u00e4\u00e4hdytin,Moottorin J\u00e4\u00e4hdytys<\/p>\n","protected":false},"excerpt":{"rendered":"<p>MAXGEAR J\u00e4\u00e4hdytin AC257817 Syyl\u00e4ri,J\u00e4\u00e4hdytin,Moottorin J\u00e4\u00e4hdytys VW,AUDI,SKODA,GOLF IV 1J1,GOLF IV Variant 1J5,BORA 1J2,BORA Kombi 1J6,A3 8L1,TT 8N3<\/p>\n","protected":false},"featured_media":0,"template":"","meta":{"site-sidebar-layout":"default","site-content-layout":"default","ast-global-header-display":"","ast-main-header-display":"","ast-hfb-above-header-display":"","ast-hfb-below-header-display":"","ast-hfb-mobile-header-display":"","site-post-title":"","ast-breadcrumbs-content":"","ast-featured-img":"","footer-sml-layout":"","theme-transparent-header-meta":"","adv-header-id-meta":"","stick-header-meta":"","header-above-stick-meta":"","header-main-stick-meta":"","header-below-stick-meta":""},"pwb-brand":[48],"product_cat":[421],"product_tag":[],"class_list":{"0":"post-55849","1":"product","2":"type-product","3":"status-publish","5":"pwb-brand-maxgear","6":"product_cat-jaahdytin","7":"desktop-align-left","8":"tablet-align-left","9":"mobile-align-left","11":"first","12":"instock","13":"product-type-external"},"brands":[{"id":48,"name":"MAXGEAR","slug":"maxgear"}],"_links":{"self":[{"href":"https:\/\/www.autonvaraosahaku.fi\/index.php?rest_route=\/wp\/v2\/product\/55849","targetHints":{"allow":["GET"]}}],"collection":[{"href":"https:\/\/www.autonvaraosahaku.fi\/index.php?rest_route=\/wp\/v2\/product"}],"about":[{"href":"https:\/\/www.autonvaraosahaku.fi\/index.php?rest_route=\/wp\/v2\/types\/product"}],"wp:attachment":[{"href":"https:\/\/www.autonvaraosahaku.fi\/index.php?rest_route=%2Fwp%2Fv2%2Fmedia&parent=55849"}],"wp:term":[{"taxonomy":"pwb-brand","embeddable":true,"href":"https:\/\/www.autonvaraosahaku.fi\/index.php?rest_route=%2Fwp%2Fv2%2Fpwb-brand&post=55849"},{"taxonomy":"product_cat","embeddable":true,"href":"https:\/\/www.autonvaraosahaku.fi\/index.php?rest_route=%2Fwp%2Fv2%2Fproduct_cat&post=55849"},{"taxonomy":"product_tag","embeddable":true,"href":"https:\/\/www.autonvaraosahaku.fi\/index.php?rest_route=%2Fwp%2Fv2%2Fproduct_tag&post=55849"}],"curies":[{"name":"wp","href":"https:\/\/api.w.org\/{rel}","templated":true}]}}