{"id":55851,"date":"2021-02-21T17:58:09","date_gmt":"2021-02-21T17:58:09","guid":{"rendered":"https:\/\/www.autonvaraosahaku.fi\/?product=ackoja-a52-0500-oljynsuodatin"},"modified":"2021-02-21T17:58:12","modified_gmt":"2021-02-21T17:58:12","slug":"ackoja-a52-0500-oljynsuodatin","status":"publish","type":"product","link":"https:\/\/www.autonvaraosahaku.fi\/?product=ackoja-a52-0500-oljynsuodatin","title":{"rendered":"ACKOJA A52-0500 \u00d6ljynsuodatin"},"content":{"rendered":"<p>Korkeus (mm): 131; Korkeus 1 (mm): 131; Sis\u00e4l\u00e4pimitta [mm]: 26; Ulkol\u00e4pimitta [mm]: 65; Suodatintyyppi: Suodatinpanos; Pakkausleveys [cm]: 8,8; Pakkauskorkeus [mm]: 8,2; Pakkaussyvyys [cm]: 14,1, 14,1; HYUNDAI: ix35 LM, EL, ELH,SANTA F\u00c9 II CM,SANTA F\u00c9 III DM,GRAND SANTA F\u00c9,TUCSON; KIA: SPORTAGE SL,SORENTO II XM,CARNIVAL \/ GRAND CARNIVAL III VQ,SPORTAGE QL,SORENTO III,STINGER CK; 263202F000, 263202F010, 263202F100<\/p>\n","protected":false},"excerpt":{"rendered":"<p>ACKOJA \u00d6ljynsuodatin Original Ersatzteil A52-0500  HYUNDAI,KIA,ix35 LM, EL, ELH,SANTA F\u00c9 II CM,SANTA F\u00c9 III DM,GRAND SANTA F\u00c9,TUCSON,SPORTAGE SL<\/p>\n","protected":false},"featured_media":0,"template":"","meta":{"site-sidebar-layout":"default","site-content-layout":"default","ast-global-header-display":"","ast-main-header-display":"","ast-hfb-above-header-display":"","ast-hfb-below-header-display":"","ast-hfb-mobile-header-display":"","site-post-title":"","ast-breadcrumbs-content":"","ast-featured-img":"","footer-sml-layout":"","theme-transparent-header-meta":"","adv-header-id-meta":"","stick-header-meta":"","header-above-stick-meta":"","header-main-stick-meta":"","header-below-stick-meta":""},"pwb-brand":[386],"product_cat":[30],"product_tag":[],"class_list":{"0":"post-55851","1":"product","2":"type-product","3":"status-publish","5":"pwb-brand-ackoja","6":"product_cat-oljynsuodatin","7":"desktop-align-left","8":"tablet-align-left","9":"mobile-align-left","11":"first","12":"instock","13":"product-type-external"},"brands":[{"id":386,"name":"ACKOJA","slug":"ackoja"}],"_links":{"self":[{"href":"https:\/\/www.autonvaraosahaku.fi\/index.php?rest_route=\/wp\/v2\/product\/55851","targetHints":{"allow":["GET"]}}],"collection":[{"href":"https:\/\/www.autonvaraosahaku.fi\/index.php?rest_route=\/wp\/v2\/product"}],"about":[{"href":"https:\/\/www.autonvaraosahaku.fi\/index.php?rest_route=\/wp\/v2\/types\/product"}],"wp:attachment":[{"href":"https:\/\/www.autonvaraosahaku.fi\/index.php?rest_route=%2Fwp%2Fv2%2Fmedia&parent=55851"}],"wp:term":[{"taxonomy":"pwb-brand","embeddable":true,"href":"https:\/\/www.autonvaraosahaku.fi\/index.php?rest_route=%2Fwp%2Fv2%2Fpwb-brand&post=55851"},{"taxonomy":"product_cat","embeddable":true,"href":"https:\/\/www.autonvaraosahaku.fi\/index.php?rest_route=%2Fwp%2Fv2%2Fproduct_cat&post=55851"},{"taxonomy":"product_tag","embeddable":true,"href":"https:\/\/www.autonvaraosahaku.fi\/index.php?rest_route=%2Fwp%2Fv2%2Fproduct_tag&post=55851"}],"curies":[{"name":"wp","href":"https:\/\/api.w.org\/{rel}","templated":true}]}}