{"id":55874,"date":"2021-02-21T17:58:15","date_gmt":"2021-02-21T17:58:15","guid":{"rendered":"https:\/\/www.autonvaraosahaku.fi\/?product=ridex-1103t0002-lampokytkin-jaahdyttimen-puhallin"},"modified":"2021-02-21T17:58:18","modified_gmt":"2021-02-21T17:58:18","slug":"ridex-1103t0002-lampokytkin-jaahdyttimen-puhallin","status":"publish","type":"product","link":"https:\/\/www.autonvaraosahaku.fi\/?product=ridex-1103t0002-lampokytkin-jaahdyttimen-puhallin","title":{"rendered":"RIDEX 1103T0002 L\u00e4mp\u00f6kytkin j\u00e4\u00e4hdyttimen puhallin"},"content":{"rendered":"<p>Kierremitta: M 10&#215;1,0; Avainv\u00e4li: 22 mm; Kiristysmomentti: 12; Liittimi\u00e4: 2; Asennussyvyys (mm): 8; Vaihtopiste alkaen [\u00b0C]: 65; Vaihtopiste enint. [\u00b0C]: 55; Valmistusvuosi alkaen: 01\/1980; VW: GOLF II 19E, 1G1,PASSAT Variant 3A5, 35I,GOLF I Cabriolet 155,TRANSPORTER III Bus,POLO 86C, 80,POLO Coupe 86C, 80,PASSAT 3A2, 35I,CORRADO 53I,SCIROCCO 53B,VENTO 1H2,LT 28-35 I Kasten 281-363,LT 28-35 I Bus 281-363,CADDY I 14,JETTA II 19E, 1G2, 165,PASSAT Variant 32B,TRANSPORTER III Kasten,POLO CLASSIC 86C, 80,LT 28-35 I Pritsche\/Fahrgestell 281-363,TRANSPORTER III Pritsche\/Fahrgestell,PASSAT 32B,JETTA I 16,DERBY 86C, 80,POLO Kasten 86CF,LT 40-55 I Kasten 291-512,PASSAT Stufenheck 32B,SANTANA 32B; AUDI: 80 89, 89Q, 8A, B3,100 44, 44Q, C3,80 81, 85, B2,90 89, 89Q, 8A, B3,100 Avant 44, 44Q, C3,COUPE 81, 85,90 81, 85, B2,100 43, C2,100 Avant 43, C2; SEAT: TOLEDO I 1L<\/p>\n","protected":false},"excerpt":{"rendered":"<p>RIDEX L\u00e4mp\u00f6kytkin J\u00e4\u00e4hdyttimen Puhallin 1103T0002  VW,AUDI,SEAT,GOLF II 19E, 1G1,PASSAT Variant 3A5, 35I,GOLF I Cabriolet 155,TRANSPORTER III Bus<\/p>\n","protected":false},"featured_media":0,"template":"","meta":{"site-sidebar-layout":"default","site-content-layout":"default","ast-global-header-display":"","ast-main-header-display":"","ast-hfb-above-header-display":"","ast-hfb-below-header-display":"","ast-hfb-mobile-header-display":"","site-post-title":"","ast-breadcrumbs-content":"","ast-featured-img":"","footer-sml-layout":"","theme-transparent-header-meta":"","adv-header-id-meta":"","stick-header-meta":"","header-above-stick-meta":"","header-main-stick-meta":"","header-below-stick-meta":""},"pwb-brand":[157],"product_cat":[290],"product_tag":[],"class_list":{"0":"post-55874","1":"product","2":"type-product","3":"status-publish","5":"pwb-brand-ridex","6":"product_cat-lampokytkin-jaahdyttimen-puhallin","7":"desktop-align-left","8":"tablet-align-left","9":"mobile-align-left","11":"first","12":"instock","13":"product-type-external"},"brands":[{"id":157,"name":"RIDEX","slug":"ridex"}],"_links":{"self":[{"href":"https:\/\/www.autonvaraosahaku.fi\/index.php?rest_route=\/wp\/v2\/product\/55874","targetHints":{"allow":["GET"]}}],"collection":[{"href":"https:\/\/www.autonvaraosahaku.fi\/index.php?rest_route=\/wp\/v2\/product"}],"about":[{"href":"https:\/\/www.autonvaraosahaku.fi\/index.php?rest_route=\/wp\/v2\/types\/product"}],"wp:attachment":[{"href":"https:\/\/www.autonvaraosahaku.fi\/index.php?rest_route=%2Fwp%2Fv2%2Fmedia&parent=55874"}],"wp:term":[{"taxonomy":"pwb-brand","embeddable":true,"href":"https:\/\/www.autonvaraosahaku.fi\/index.php?rest_route=%2Fwp%2Fv2%2Fpwb-brand&post=55874"},{"taxonomy":"product_cat","embeddable":true,"href":"https:\/\/www.autonvaraosahaku.fi\/index.php?rest_route=%2Fwp%2Fv2%2Fproduct_cat&post=55874"},{"taxonomy":"product_tag","embeddable":true,"href":"https:\/\/www.autonvaraosahaku.fi\/index.php?rest_route=%2Fwp%2Fv2%2Fproduct_tag&post=55874"}],"curies":[{"name":"wp","href":"https:\/\/api.w.org\/{rel}","templated":true}]}}