{"id":55899,"date":"2021-02-21T17:58:21","date_gmt":"2021-02-21T17:58:21","guid":{"rendered":"https:\/\/www.autonvaraosahaku.fi\/?product=ridex-1390f0026-laturin-vapaakytkin"},"modified":"2021-02-21T17:58:26","modified_gmt":"2021-02-21T17:58:26","slug":"ridex-1390f0026-laturin-vapaakytkin","status":"publish","type":"product","link":"https:\/\/www.autonvaraosahaku.fi\/?product=ridex-1390f0026-laturin-vapaakytkin","title":{"rendered":"RIDEX 1390F0026 Laturin vapaakytkin"},"content":{"rendered":"<p>Sis\u00e4l\u00e4pimitta [mm]: 17; Ulkol\u00e4pimitta [mm]: 58,67; Leveys (mm): 22,6; Rihloja (kpl): 6; Korkeus 1 (mm): 15,25; FORD: FOCUS Kombi DNW,FOCUS DAW, DBW,FOCUS Stufenheck DFW,FIESTA Kasten J5_, J3_,FIESTA Kasten JV_; 01477441, 1133969, 1151207, 1423796, 1477441, 1S4Q10C382AC, 5M5Q10D310AA, 5M5Q10D310AB, 5MQ10344AA; Laturin Hihnapy\u00f6r\u00e4,Vapaakytkin<\/p>\n","protected":false},"excerpt":{"rendered":"<p>RIDEX Laturin Vapaakytkin 1390F0026 Laturin Hihnapy\u00f6r\u00e4,Vapaakytkin FORD,FOCUS Kombi DNW,FOCUS DAW, DBW,FOCUS Stufenheck DFW,FIESTA Kasten J5_, J3_<\/p>\n","protected":false},"featured_media":0,"template":"","meta":{"site-sidebar-layout":"default","site-content-layout":"default","ast-global-header-display":"","ast-main-header-display":"","ast-hfb-above-header-display":"","ast-hfb-below-header-display":"","ast-hfb-mobile-header-display":"","site-post-title":"","ast-breadcrumbs-content":"","ast-featured-img":"","footer-sml-layout":"","theme-transparent-header-meta":"","adv-header-id-meta":"","stick-header-meta":"","header-above-stick-meta":"","header-main-stick-meta":"","header-below-stick-meta":""},"pwb-brand":[157],"product_cat":[443],"product_tag":[],"class_list":{"0":"post-55899","1":"product","2":"type-product","3":"status-publish","5":"pwb-brand-ridex","6":"product_cat-laturin-vapaakytkin","7":"desktop-align-left","8":"tablet-align-left","9":"mobile-align-left","11":"first","12":"instock","13":"product-type-external"},"brands":[{"id":157,"name":"RIDEX","slug":"ridex"}],"_links":{"self":[{"href":"https:\/\/www.autonvaraosahaku.fi\/index.php?rest_route=\/wp\/v2\/product\/55899","targetHints":{"allow":["GET"]}}],"collection":[{"href":"https:\/\/www.autonvaraosahaku.fi\/index.php?rest_route=\/wp\/v2\/product"}],"about":[{"href":"https:\/\/www.autonvaraosahaku.fi\/index.php?rest_route=\/wp\/v2\/types\/product"}],"wp:attachment":[{"href":"https:\/\/www.autonvaraosahaku.fi\/index.php?rest_route=%2Fwp%2Fv2%2Fmedia&parent=55899"}],"wp:term":[{"taxonomy":"pwb-brand","embeddable":true,"href":"https:\/\/www.autonvaraosahaku.fi\/index.php?rest_route=%2Fwp%2Fv2%2Fpwb-brand&post=55899"},{"taxonomy":"product_cat","embeddable":true,"href":"https:\/\/www.autonvaraosahaku.fi\/index.php?rest_route=%2Fwp%2Fv2%2Fproduct_cat&post=55899"},{"taxonomy":"product_tag","embeddable":true,"href":"https:\/\/www.autonvaraosahaku.fi\/index.php?rest_route=%2Fwp%2Fv2%2Fproduct_tag&post=55899"}],"curies":[{"name":"wp","href":"https:\/\/api.w.org\/{rel}","templated":true}]}}