{"id":55905,"date":"2021-02-21T17:58:27","date_gmt":"2021-02-21T17:58:27","guid":{"rendered":"https:\/\/www.autonvaraosahaku.fi\/?product=dys-20-00706-1-alatukivarsi"},"modified":"2021-02-21T17:58:28","modified_gmt":"2021-02-21T17:58:28","slug":"dys-20-00706-1-alatukivarsi","status":"publish","type":"product","link":"https:\/\/www.autonvaraosahaku.fi\/?product=dys-20-00706-1-alatukivarsi","title":{"rendered":"DYS 20-00706-1 Alatukivarsi"},"content":{"rendered":"<p>Asennuspuoli: Etuakseli, Oikea; Ohjausmalli: Poikittaistukivarsi; Materiaali: Harmaa valurauta; Paino [kg]: 3,744188; CITRO\u00cbN: SAXO S0, S1,AX ZA-_; PEUGEOT: 106 II 1,106 I 1A, 1C,106 Van 1_; 352079, 95658979, 352079, 95658979; Tukivarsi,Tukivarsi, Py\u00f6r\u00e4ntuenta<\/p>\n","protected":false},"excerpt":{"rendered":"<p>DYS Alatukivarsi 20-00706-1 Tukivarsi,Tukivarsi, Py\u00f6r\u00e4ntuenta CITRO\u00cbN,PEUGEOT,SAXO S0, S1,AX ZA-_,106 II 1,106 I 1A, 1C,106 Van 1_<\/p>\n","protected":false},"featured_media":0,"template":"","meta":{"site-sidebar-layout":"default","site-content-layout":"default","ast-global-header-display":"","ast-main-header-display":"","ast-hfb-above-header-display":"","ast-hfb-below-header-display":"","ast-hfb-mobile-header-display":"","site-post-title":"","ast-breadcrumbs-content":"","ast-featured-img":"","footer-sml-layout":"","theme-transparent-header-meta":"","adv-header-id-meta":"","stick-header-meta":"","header-above-stick-meta":"","header-main-stick-meta":"","header-below-stick-meta":""},"pwb-brand":[387],"product_cat":[62],"product_tag":[],"class_list":{"0":"post-55905","1":"product","2":"type-product","3":"status-publish","5":"pwb-brand-dys","6":"product_cat-alatukivarsi","7":"desktop-align-left","8":"tablet-align-left","9":"mobile-align-left","11":"first","12":"instock","13":"product-type-external"},"brands":[{"id":387,"name":"DYS","slug":"dys"}],"_links":{"self":[{"href":"https:\/\/www.autonvaraosahaku.fi\/index.php?rest_route=\/wp\/v2\/product\/55905","targetHints":{"allow":["GET"]}}],"collection":[{"href":"https:\/\/www.autonvaraosahaku.fi\/index.php?rest_route=\/wp\/v2\/product"}],"about":[{"href":"https:\/\/www.autonvaraosahaku.fi\/index.php?rest_route=\/wp\/v2\/types\/product"}],"wp:attachment":[{"href":"https:\/\/www.autonvaraosahaku.fi\/index.php?rest_route=%2Fwp%2Fv2%2Fmedia&parent=55905"}],"wp:term":[{"taxonomy":"pwb-brand","embeddable":true,"href":"https:\/\/www.autonvaraosahaku.fi\/index.php?rest_route=%2Fwp%2Fv2%2Fpwb-brand&post=55905"},{"taxonomy":"product_cat","embeddable":true,"href":"https:\/\/www.autonvaraosahaku.fi\/index.php?rest_route=%2Fwp%2Fv2%2Fproduct_cat&post=55905"},{"taxonomy":"product_tag","embeddable":true,"href":"https:\/\/www.autonvaraosahaku.fi\/index.php?rest_route=%2Fwp%2Fv2%2Fproduct_tag&post=55905"}],"curies":[{"name":"wp","href":"https:\/\/api.w.org\/{rel}","templated":true}]}}