{"id":55906,"date":"2021-02-21T17:58:27","date_gmt":"2021-02-21T17:58:27","guid":{"rendered":"https:\/\/www.autonvaraosahaku.fi\/?product=meyle-614-641-1007-jousijalan-tukilaakeri"},"modified":"2021-02-21T17:58:28","modified_gmt":"2021-02-21T17:58:28","slug":"meyle-614-641-1007-jousijalan-tukilaakeri","status":"publish","type":"product","link":"https:\/\/www.autonvaraosahaku.fi\/?product=meyle-614-641-1007-jousijalan-tukilaakeri","title":{"rendered":"MEYLE 614 641 1007 Jousijalan tukilaakeri"},"content":{"rendered":"<p>Asennuspuoli: etuakseli molemminpuoleinen; Korvaava tuote\/korvaava tiedote 2: Vierint\u00e4laakerilla; Kiinnitysmalli: Kumimetallilaakeri; M\u00e4\u00e4r\u00e4yksikk\u00f6: Sarja; lis\u00e4tieto: ORIGINAL Quality; OPEL: CORSA C F08, F68,MERIVA,ZAFIRA A F75_,ASTRA G CC F48_, F08_,ASTRA G Caravan F35_,VECTRA B 36_,TIGRA TwinTop,VECTRA B Caravan 31_,ASTRA G Cabriolet F67,ASTRA G Coupe F07_,COMBO Kasten\/Kombi,ASTRA G Stufenheck F69_,VECTRA B CC 38_,COMBO Tour,CORSA C Kasten F08, W5L,ASTRA G Kasten F70; VAUXHALL: ZAFIRA Mk I A F75,CORSA Mk II C W5L, F08,ASTRA Mk IV G CC,ASTRA Mk IV G Sedan,TIGRA Convertible,VECTRA B CC,VECTRA B Estate,VECTRA B,ASTRAVAN Mk IV G,ASTRA Mk IV G Coupe F67,COMBO Mk II C Kasten\/Kombi F25,ASTRA Mk IV G Convertible,ASTRA Mk IV G Estate; 0312510, 312510, 344523, 344525<\/p>\n","protected":false},"excerpt":{"rendered":"<p>MEYLE Korjaussarja, Jousijalan Tukilaakeri 614 641 1007  OPEL,VAUXHALL,CORSA C F08, F68,MERIVA,ZAFIRA A F75_,ASTRA G CC F48_, F08_<\/p>\n","protected":false},"featured_media":0,"template":"","meta":{"site-sidebar-layout":"default","site-content-layout":"default","ast-global-header-display":"","ast-main-header-display":"","ast-hfb-above-header-display":"","ast-hfb-below-header-display":"","ast-hfb-mobile-header-display":"","site-post-title":"","ast-breadcrumbs-content":"","ast-featured-img":"","footer-sml-layout":"","theme-transparent-header-meta":"","adv-header-id-meta":"","stick-header-meta":"","header-above-stick-meta":"","header-main-stick-meta":"","header-below-stick-meta":""},"pwb-brand":[84],"product_cat":[45],"product_tag":[],"class_list":{"0":"post-55906","1":"product","2":"type-product","3":"status-publish","5":"pwb-brand-meyle","6":"product_cat-jousijalan-tukilaakeri","7":"desktop-align-left","8":"tablet-align-left","9":"mobile-align-left","11":"first","12":"instock","13":"product-type-external"},"brands":[{"id":84,"name":"MEYLE","slug":"meyle"}],"_links":{"self":[{"href":"https:\/\/www.autonvaraosahaku.fi\/index.php?rest_route=\/wp\/v2\/product\/55906","targetHints":{"allow":["GET"]}}],"collection":[{"href":"https:\/\/www.autonvaraosahaku.fi\/index.php?rest_route=\/wp\/v2\/product"}],"about":[{"href":"https:\/\/www.autonvaraosahaku.fi\/index.php?rest_route=\/wp\/v2\/types\/product"}],"wp:attachment":[{"href":"https:\/\/www.autonvaraosahaku.fi\/index.php?rest_route=%2Fwp%2Fv2%2Fmedia&parent=55906"}],"wp:term":[{"taxonomy":"pwb-brand","embeddable":true,"href":"https:\/\/www.autonvaraosahaku.fi\/index.php?rest_route=%2Fwp%2Fv2%2Fpwb-brand&post=55906"},{"taxonomy":"product_cat","embeddable":true,"href":"https:\/\/www.autonvaraosahaku.fi\/index.php?rest_route=%2Fwp%2Fv2%2Fproduct_cat&post=55906"},{"taxonomy":"product_tag","embeddable":true,"href":"https:\/\/www.autonvaraosahaku.fi\/index.php?rest_route=%2Fwp%2Fv2%2Fproduct_tag&post=55906"}],"curies":[{"name":"wp","href":"https:\/\/api.w.org\/{rel}","templated":true}]}}