{"id":55909,"date":"2021-02-21T17:58:27","date_gmt":"2021-02-21T17:58:27","guid":{"rendered":"https:\/\/www.autonvaraosahaku.fi\/?product=ridex-1390f0038-laturin-vapaakytkin"},"modified":"2021-02-21T17:58:29","modified_gmt":"2021-02-21T17:58:29","slug":"ridex-1390f0038-laturin-vapaakytkin","status":"publish","type":"product","link":"https:\/\/www.autonvaraosahaku.fi\/?product=ridex-1390f0038-laturin-vapaakytkin","title":{"rendered":"RIDEX 1390F0038 Laturin vapaakytkin"},"content":{"rendered":"<p>L\u00e4pimitta [mm]: 54; Leveys (mm): 39,5; Kierremitta: M17; kiiloja: 6; Syvyys (mm): 14,3; Reik\u00e4-\u00d8 [mm]: 17; Ruuvikanta\/mutteriprofiili: Torx; Py\u00f6rimissuunta: Py\u00f6rimissuunta my\u00f6t\u00e4p\u00e4iv\u00e4\u00e4n; Korvaava tuote\/korvaava tiedote 2: Erikoisty\u00f6kalu tarpeen asennuksessa; Paino [kg]: 0,5; Valmistusvuoteen: 02\/2013; OPEL: CORSA D,CORSA C F08, F68,ASTRA H Caravan L35,MERIVA,ASTRA G CC F48_, F08_,ASTRA H L48,ASTRA H GTC L08,MERIVA B,AGILA A H00,TIGRA TwinTop,COMBO Kasten\/Kombi,COMBO Tour,AGILA B H08,CORSA D Van,CORSA C Kasten F08, W5L,ASTRA H Stufenheck L69,COMBO Kasten\/Kombi X12,ASTRA H Kasten L70,COMBO Tour X12,ASTRA CLASSIC L48; LANCIA: YPSILON 843,MUSA 350,YPSILON 312, 846; FIAT: GRANDE PUNTO 199,PUNTO 188,PANDA 169,500 312,BRAVO II 198,PUNTO EVO 199,DOBLO Cargo 223,500 C 312,DOBLO 119,DOBLO Kasten\/Kombi 263,PANDA Van 169,PUNTO 199,IDEA,PANDA 312,QUBO 225,500L,DOBLO Gro\u00dfraumlimousine 152, 263,PUNTO Van 188AX,FIORINO Kasten\/Kombi 225,LINEA 323,PUNTO Van 199,DOBLO Pritsche\/Fahrgestell 263,TIPO Schr\u00e4gheck 356_,PANDA VAN 312,TIPO Kombi 356_,TIPO Stufenheck 356_,PUNTO EVO Van 199_; CITRO\u00cbN: NEMO Kasten AA_,NEMO Kombi; ALFA ROMEO: MITO 955; PEUGEOT: BIPPER AA_,BIPPER Tepee; VAUXHALL: CORSA Mk III D L_8,ASTRA Mk V H CC,CORSA Mk II C W5L, F08,ASTRA Mk V H Estate,ASTRA Mk IV G CC,AGILA Mk II B,MERIVA Mk I A,CORSAVAN Mk II C,ASTRA Mk IV G Sedan,CORSAVAN Mk III D,AGILA Mk I A,TIGRA Convertible,MERIVA Mk II B,ASTRAVAN Mk V H,COMBO TOUR Mk II C F25,COMBO Mk III D Kasten\/Kombi,COMBO Mk II C Kasten\/Kombi F25,ASTRA Mk IV G Estate; 77362377, 77362377, 77364723, 77362377, 77364723, 77362377, 77364723, 6204229, 6204286, 93185282, 93192215; Laturin Hihnapy\u00f6r\u00e4,Vapaakytkin<\/p>\n","protected":false},"excerpt":{"rendered":"<p>RIDEX Laturin Vapaakytkin 1390F0038 Laturin Hihnapy\u00f6r\u00e4,Vapaakytkin OPEL,LANCIA,FIAT,CORSA D,CORSA C F08, F68,ASTRA H Caravan L35,MERIVA<\/p>\n","protected":false},"featured_media":0,"template":"","meta":{"site-sidebar-layout":"default","site-content-layout":"default","ast-global-header-display":"","ast-main-header-display":"","ast-hfb-above-header-display":"","ast-hfb-below-header-display":"","ast-hfb-mobile-header-display":"","site-post-title":"","ast-breadcrumbs-content":"","ast-featured-img":"","footer-sml-layout":"","theme-transparent-header-meta":"","adv-header-id-meta":"","stick-header-meta":"","header-above-stick-meta":"","header-main-stick-meta":"","header-below-stick-meta":""},"pwb-brand":[157],"product_cat":[443],"product_tag":[],"class_list":{"0":"post-55909","1":"product","2":"type-product","3":"status-publish","5":"pwb-brand-ridex","6":"product_cat-laturin-vapaakytkin","7":"desktop-align-left","8":"tablet-align-left","9":"mobile-align-left","11":"first","12":"instock","13":"product-type-external"},"brands":[{"id":157,"name":"RIDEX","slug":"ridex"}],"_links":{"self":[{"href":"https:\/\/www.autonvaraosahaku.fi\/index.php?rest_route=\/wp\/v2\/product\/55909","targetHints":{"allow":["GET"]}}],"collection":[{"href":"https:\/\/www.autonvaraosahaku.fi\/index.php?rest_route=\/wp\/v2\/product"}],"about":[{"href":"https:\/\/www.autonvaraosahaku.fi\/index.php?rest_route=\/wp\/v2\/types\/product"}],"wp:attachment":[{"href":"https:\/\/www.autonvaraosahaku.fi\/index.php?rest_route=%2Fwp%2Fv2%2Fmedia&parent=55909"}],"wp:term":[{"taxonomy":"pwb-brand","embeddable":true,"href":"https:\/\/www.autonvaraosahaku.fi\/index.php?rest_route=%2Fwp%2Fv2%2Fpwb-brand&post=55909"},{"taxonomy":"product_cat","embeddable":true,"href":"https:\/\/www.autonvaraosahaku.fi\/index.php?rest_route=%2Fwp%2Fv2%2Fproduct_cat&post=55909"},{"taxonomy":"product_tag","embeddable":true,"href":"https:\/\/www.autonvaraosahaku.fi\/index.php?rest_route=%2Fwp%2Fv2%2Fproduct_tag&post=55909"}],"curies":[{"name":"wp","href":"https:\/\/api.w.org\/{rel}","templated":true}]}}