{"id":55917,"date":"2021-02-21T17:58:27","date_gmt":"2021-02-21T17:58:27","guid":{"rendered":"https:\/\/www.autonvaraosahaku.fi\/?product=ridex-4g0161-laturi"},"modified":"2021-02-21T17:58:31","modified_gmt":"2021-02-21T17:58:31","slug":"ridex-4g0161-laturi","status":"publish","type":"product","link":"https:\/\/www.autonvaraosahaku.fi\/?product=ridex-4g0161-laturi","title":{"rendered":"RIDEX 4G0161 Laturi"},"content":{"rendered":"<p>Rihloja (kpl): 5; L\u00e4pimitta [mm]: 56; Laturi varausvirta (A): 90; Hihnapy\u00f6r\u00e4t: Moniurahihnapy\u00f6r\u00e4ll\u00e4; J\u00e4nnite (V): 14; Pistokemallin tunnus: PL61; Valmistusvuosi alkaen: 08\/1997; VW: PASSAT Variant 3B6,PASSAT Variant 3B5,PASSAT 3B2,PASSAT 3B3; AUDI: A4 8D2, B5,A6 Avant 4B5, C5,A4 Avant 8D5, B5,A4 8E2, B6,A6 4B2, C5,A6 4A, C4; SKODA: SUPERB 3U4; 038903018E, 038903018EX, 059903015J, 06B903016A, 06B903016D, 071903016C, 078903016E, 078903016G, 038903018E, 038903018EX, 059903015J, 06B903016A, 06B903016D, 071903016C, 078903016E, 078903016G, 038903018E, 038903018EX, 059903015H, 059903015HX, 059903015J, 06B903016A, 06B903016D, 06B903018D, 071903016C, 078903016E, 078903016G; Generaattori<\/p>\n","protected":false},"excerpt":{"rendered":"<p>RIDEX Laturi 4G0161 Generaattori VW,AUDI,SKODA,PASSAT Variant 3B6,PASSAT Variant 3B5,PASSAT 3B2,PASSAT 3B3,A4 8D2, B5,A6 Avant 4B5, C5<\/p>\n","protected":false},"featured_media":0,"template":"","meta":{"site-sidebar-layout":"default","site-content-layout":"default","ast-global-header-display":"","ast-main-header-display":"","ast-hfb-above-header-display":"","ast-hfb-below-header-display":"","ast-hfb-mobile-header-display":"","site-post-title":"","ast-breadcrumbs-content":"","ast-featured-img":"","footer-sml-layout":"","theme-transparent-header-meta":"","adv-header-id-meta":"","stick-header-meta":"","header-above-stick-meta":"","header-main-stick-meta":"","header-below-stick-meta":""},"pwb-brand":[157],"product_cat":[357],"product_tag":[],"class_list":{"0":"post-55917","1":"product","2":"type-product","3":"status-publish","5":"pwb-brand-ridex","6":"product_cat-laturi","7":"desktop-align-left","8":"tablet-align-left","9":"mobile-align-left","11":"first","12":"instock","13":"product-type-external"},"brands":[{"id":157,"name":"RIDEX","slug":"ridex"}],"_links":{"self":[{"href":"https:\/\/www.autonvaraosahaku.fi\/index.php?rest_route=\/wp\/v2\/product\/55917","targetHints":{"allow":["GET"]}}],"collection":[{"href":"https:\/\/www.autonvaraosahaku.fi\/index.php?rest_route=\/wp\/v2\/product"}],"about":[{"href":"https:\/\/www.autonvaraosahaku.fi\/index.php?rest_route=\/wp\/v2\/types\/product"}],"wp:attachment":[{"href":"https:\/\/www.autonvaraosahaku.fi\/index.php?rest_route=%2Fwp%2Fv2%2Fmedia&parent=55917"}],"wp:term":[{"taxonomy":"pwb-brand","embeddable":true,"href":"https:\/\/www.autonvaraosahaku.fi\/index.php?rest_route=%2Fwp%2Fv2%2Fpwb-brand&post=55917"},{"taxonomy":"product_cat","embeddable":true,"href":"https:\/\/www.autonvaraosahaku.fi\/index.php?rest_route=%2Fwp%2Fv2%2Fproduct_cat&post=55917"},{"taxonomy":"product_tag","embeddable":true,"href":"https:\/\/www.autonvaraosahaku.fi\/index.php?rest_route=%2Fwp%2Fv2%2Fproduct_tag&post=55917"}],"curies":[{"name":"wp","href":"https:\/\/api.w.org\/{rel}","templated":true}]}}