{"id":55924,"date":"2021-02-21T17:58:33","date_gmt":"2021-02-21T17:58:33","guid":{"rendered":"https:\/\/www.autonvaraosahaku.fi\/?product=ridex-161b0031-ahtopaine-anturi"},"modified":"2021-02-21T17:58:34","modified_gmt":"2021-02-21T17:58:34","slug":"ridex-161b0031-ahtopaine-anturi","status":"publish","type":"product","link":"https:\/\/www.autonvaraosahaku.fi\/?product=ridex-161b0031-ahtopaine-anturi","title":{"rendered":"RIDEX 161B0031 Ahtopaine anturi"},"content":{"rendered":"<p>Napojen m\u00e4\u00e4r\u00e4: 4; Pistokkeen kotelon muoto: Soikea; Kiinnitysreikien lukum\u00e4\u00e4r\u00e4: 2; Korvaava tuote\/korvaava tiedote 2: Sis\u00e4\u00e4nrakennetulla ilmal\u00e4mp\u00f6tilasensorilla; Paine alkaen [kPA]: 14; Paine korkeintaan [kPa]: 104; LAND ROVER: FREELANDER LN,FREELANDER Soft Top; MINI: MINI R50, R53,MINI Cabriolet R52; ROVER: 75 RJ,75 Tourer RJ,25 RF,200 RF,45 Stufenheck RT,45 RT,400 RT,400 Hatchback RT,STREETWISE,COUPE; MG: MGF RD,MG TF,MG ZR,MG ZT- T,MG ZS,MG ZT,MG ZS Hatchback,EXPRESS Kasten; 0872648, 12140872648, MHK100820L, 0872648, 12140872648, MHK100820, MHK100820L; Imusarjan Painetunnistin,Imusarjan Paineanturi,Tunnistin, Ahtopaine<\/p>\n","protected":false},"excerpt":{"rendered":"<p>RIDEX MAP Sensor 161B0031 Imusarjan Painetunnistin,Imusarjan Paineanturi LAND ROVER,MINI,ROVER,FREELANDER LN,FREELANDER Soft Top,MINI R50, R53<\/p>\n","protected":false},"featured_media":0,"template":"","meta":{"site-sidebar-layout":"default","site-content-layout":"default","ast-global-header-display":"","ast-main-header-display":"","ast-hfb-above-header-display":"","ast-hfb-below-header-display":"","ast-hfb-mobile-header-display":"","site-post-title":"","ast-breadcrumbs-content":"","ast-featured-img":"","footer-sml-layout":"","theme-transparent-header-meta":"","adv-header-id-meta":"","stick-header-meta":"","header-above-stick-meta":"","header-main-stick-meta":"","header-below-stick-meta":""},"pwb-brand":[157],"product_cat":[197],"product_tag":[],"class_list":{"0":"post-55924","1":"product","2":"type-product","3":"status-publish","5":"pwb-brand-ridex","6":"product_cat-ahtopaine-anturi","7":"desktop-align-left","8":"tablet-align-left","9":"mobile-align-left","11":"first","12":"instock","13":"product-type-external"},"brands":[{"id":157,"name":"RIDEX","slug":"ridex"}],"_links":{"self":[{"href":"https:\/\/www.autonvaraosahaku.fi\/index.php?rest_route=\/wp\/v2\/product\/55924","targetHints":{"allow":["GET"]}}],"collection":[{"href":"https:\/\/www.autonvaraosahaku.fi\/index.php?rest_route=\/wp\/v2\/product"}],"about":[{"href":"https:\/\/www.autonvaraosahaku.fi\/index.php?rest_route=\/wp\/v2\/types\/product"}],"wp:attachment":[{"href":"https:\/\/www.autonvaraosahaku.fi\/index.php?rest_route=%2Fwp%2Fv2%2Fmedia&parent=55924"}],"wp:term":[{"taxonomy":"pwb-brand","embeddable":true,"href":"https:\/\/www.autonvaraosahaku.fi\/index.php?rest_route=%2Fwp%2Fv2%2Fpwb-brand&post=55924"},{"taxonomy":"product_cat","embeddable":true,"href":"https:\/\/www.autonvaraosahaku.fi\/index.php?rest_route=%2Fwp%2Fv2%2Fproduct_cat&post=55924"},{"taxonomy":"product_tag","embeddable":true,"href":"https:\/\/www.autonvaraosahaku.fi\/index.php?rest_route=%2Fwp%2Fv2%2Fproduct_tag&post=55924"}],"curies":[{"name":"wp","href":"https:\/\/api.w.org\/{rel}","templated":true}]}}