{"id":55928,"date":"2021-02-21T17:58:33","date_gmt":"2021-02-21T17:58:33","guid":{"rendered":"https:\/\/www.autonvaraosahaku.fi\/?product=ridex-2s0287-starttimoottori"},"modified":"2021-02-21T17:58:35","modified_gmt":"2021-02-21T17:58:35","slug":"ridex-2s0287-starttimoottori","status":"publish","type":"product","link":"https:\/\/www.autonvaraosahaku.fi\/?product=ridex-2s0287-starttimoottori","title":{"rendered":"RIDEX 2S0287 Starttimoottori"},"content":{"rendered":"<p>J\u00e4nnite (V): 12; Hammasluku: 8; K\u00e4ynnistinmoottori teho (kW): 1,2; Teho (kW): 1,2; Py\u00f6rimissuunta: Py\u00f6rimissuunta my\u00f6t\u00e4p\u00e4iv\u00e4\u00e4n; M\u00e4\u00e4r\u00e4yksikk\u00f6: Kappale; Laippa \u00d8(mm): 77; kierrereiki\u00e4 [kpl]: 0; Kiinnitysreikien lukum\u00e4\u00e4r\u00e4: 2; Valmistusvuosi alkaen: 10\/1995; MAZDA: FAMILIA V BG8; KIA: SORENTO I JC,MAGENTIS GD; HYUNDAI: SANTA F\u00c9 I SM,TRAJET FO,SONATA IV EF,H-1 Kasten,H-1 \/ STAREX,SONATA III Y-3,HIGHWAY VAN; CHRYSLER: SEBRING Cabriolet JR,SEBRING JR; TOYOTA: HIACE IV Bus LH1_,HIACE IV Kasten LXH1_, RZH1_, LH1_,HIACE III Wagon LH1_, RZH1_,HIACE III Kasten YH7_, LH6_, LH7_, LH5_, YH5_, YH6_; FIAT: PANDA 141A_,STRADA Pick-up 178E,UNO 146A\/E,PALIO Weekend 178DX,PALIO 178BX,SIENA 178_; CITRO\u00cbN: C-CROSSER EP_,C-CROSSER ENTERPRISE; RENAULT: 19 I Chamade L53_; MITSUBISHI: GRANDIS NA_W,OUTLANDER I CU_W,LANCER Kombi CS_W,GALANT VI Station Wagon EA_,GALANT VI EA_,SPACE WAGON N9_W, N8_W,LANCER Stufenheck CS_A, CT0,SPACE RUNNER N6_W,SPACE RUNNER N1_W, N2_W,GALANT Stufenheck DJ_, ED_, EF_; 3610038050, 3610038050, 3610038090, 3610039050, 1810A001, M000T20671, M000T20672, M000T81181, M001T84881, M001T84883, M001T84883ZC, M001T84884, M003T44481, M0T20671, M0T20672, M0T81181, M1T84881, M1T84883, M1T84883ZC, M1T84884, M3T44481, MD328235, MD348225, MD356178, MD362910, MN153444, MR984939; Startti,K\u00e4ynnistinmoottori<\/p>\n","protected":false},"excerpt":{"rendered":"<p>RIDEX Starttimoottori 2S0287 Startti,K\u00e4ynnistinmoottori MAZDA,KIA,HYUNDAI,FAMILIA V BG8,SORENTO I JC,MAGENTIS GD,SANTA F\u00c9 I SM,TRAJET FO,SONATA IV EF<\/p>\n","protected":false},"featured_media":0,"template":"","meta":{"site-sidebar-layout":"default","site-content-layout":"default","ast-global-header-display":"","ast-main-header-display":"","ast-hfb-above-header-display":"","ast-hfb-below-header-display":"","ast-hfb-mobile-header-display":"","site-post-title":"","ast-breadcrumbs-content":"","ast-featured-img":"","footer-sml-layout":"","theme-transparent-header-meta":"","adv-header-id-meta":"","stick-header-meta":"","header-above-stick-meta":"","header-main-stick-meta":"","header-below-stick-meta":""},"pwb-brand":[157],"product_cat":[295],"product_tag":[],"class_list":{"0":"post-55928","1":"product","2":"type-product","3":"status-publish","5":"pwb-brand-ridex","6":"product_cat-starttimoottori","7":"desktop-align-left","8":"tablet-align-left","9":"mobile-align-left","11":"first","12":"instock","13":"product-type-external"},"brands":[{"id":157,"name":"RIDEX","slug":"ridex"}],"_links":{"self":[{"href":"https:\/\/www.autonvaraosahaku.fi\/index.php?rest_route=\/wp\/v2\/product\/55928","targetHints":{"allow":["GET"]}}],"collection":[{"href":"https:\/\/www.autonvaraosahaku.fi\/index.php?rest_route=\/wp\/v2\/product"}],"about":[{"href":"https:\/\/www.autonvaraosahaku.fi\/index.php?rest_route=\/wp\/v2\/types\/product"}],"wp:attachment":[{"href":"https:\/\/www.autonvaraosahaku.fi\/index.php?rest_route=%2Fwp%2Fv2%2Fmedia&parent=55928"}],"wp:term":[{"taxonomy":"pwb-brand","embeddable":true,"href":"https:\/\/www.autonvaraosahaku.fi\/index.php?rest_route=%2Fwp%2Fv2%2Fpwb-brand&post=55928"},{"taxonomy":"product_cat","embeddable":true,"href":"https:\/\/www.autonvaraosahaku.fi\/index.php?rest_route=%2Fwp%2Fv2%2Fproduct_cat&post=55928"},{"taxonomy":"product_tag","embeddable":true,"href":"https:\/\/www.autonvaraosahaku.fi\/index.php?rest_route=%2Fwp%2Fv2%2Fproduct_tag&post=55928"}],"curies":[{"name":"wp","href":"https:\/\/api.w.org\/{rel}","templated":true}]}}