{"id":55929,"date":"2021-02-21T17:58:33","date_gmt":"2021-02-21T17:58:33","guid":{"rendered":"https:\/\/www.autonvaraosahaku.fi\/?product=ridex-2s0356-starttimoottori"},"modified":"2021-02-21T17:58:35","modified_gmt":"2021-02-21T17:58:35","slug":"ridex-2s0356-starttimoottori","status":"publish","type":"product","link":"https:\/\/www.autonvaraosahaku.fi\/?product=ridex-2s0356-starttimoottori","title":{"rendered":"RIDEX 2S0356 Starttimoottori"},"content":{"rendered":"<p>Pituus 2 (mm): 11; J\u00e4nnite (V): 12; Kiinnitysreikien lukum\u00e4\u00e4r\u00e4: 2; K\u00e4ynnistinmoottori teho (kW): 2,2; Py\u00f6rimissuunta: Py\u00f6rimissuunta vastap\u00e4iv\u00e4\u00e4n; Pituus 1 (mm): 95; Moottorinumero: TD27TI; NISSAN: TERRANO Van R20,TRADE Kasten\/Kombi,TRADE Pritsche\/Fahrgestell,TRADE Bus,CABSTAR Pick-up,ATLEON; 233000T600, 233001S900, 2330054T00, 2330090067, 2330090069; Startti,K\u00e4ynnistinmoottori<\/p>\n","protected":false},"excerpt":{"rendered":"<p>RIDEX Starttimoottori 2S0356 Startti,K\u00e4ynnistinmoottori NISSAN,TERRANO Van R20,TRADE Kasten\/Kombi,TRADE Pritsche\/Fahrgestell,TRADE Bus,CABSTAR Pick-up<\/p>\n","protected":false},"featured_media":0,"template":"","meta":{"site-sidebar-layout":"default","site-content-layout":"default","ast-global-header-display":"","ast-main-header-display":"","ast-hfb-above-header-display":"","ast-hfb-below-header-display":"","ast-hfb-mobile-header-display":"","site-post-title":"","ast-breadcrumbs-content":"","ast-featured-img":"","footer-sml-layout":"","theme-transparent-header-meta":"","adv-header-id-meta":"","stick-header-meta":"","header-above-stick-meta":"","header-main-stick-meta":"","header-below-stick-meta":""},"pwb-brand":[157],"product_cat":[295],"product_tag":[],"class_list":{"0":"post-55929","1":"product","2":"type-product","3":"status-publish","5":"pwb-brand-ridex","6":"product_cat-starttimoottori","7":"desktop-align-left","8":"tablet-align-left","9":"mobile-align-left","11":"first","12":"instock","13":"product-type-external"},"brands":[{"id":157,"name":"RIDEX","slug":"ridex"}],"_links":{"self":[{"href":"https:\/\/www.autonvaraosahaku.fi\/index.php?rest_route=\/wp\/v2\/product\/55929","targetHints":{"allow":["GET"]}}],"collection":[{"href":"https:\/\/www.autonvaraosahaku.fi\/index.php?rest_route=\/wp\/v2\/product"}],"about":[{"href":"https:\/\/www.autonvaraosahaku.fi\/index.php?rest_route=\/wp\/v2\/types\/product"}],"wp:attachment":[{"href":"https:\/\/www.autonvaraosahaku.fi\/index.php?rest_route=%2Fwp%2Fv2%2Fmedia&parent=55929"}],"wp:term":[{"taxonomy":"pwb-brand","embeddable":true,"href":"https:\/\/www.autonvaraosahaku.fi\/index.php?rest_route=%2Fwp%2Fv2%2Fpwb-brand&post=55929"},{"taxonomy":"product_cat","embeddable":true,"href":"https:\/\/www.autonvaraosahaku.fi\/index.php?rest_route=%2Fwp%2Fv2%2Fproduct_cat&post=55929"},{"taxonomy":"product_tag","embeddable":true,"href":"https:\/\/www.autonvaraosahaku.fi\/index.php?rest_route=%2Fwp%2Fv2%2Fproduct_tag&post=55929"}],"curies":[{"name":"wp","href":"https:\/\/api.w.org\/{rel}","templated":true}]}}