{"id":55934,"date":"2021-02-21T17:58:33","date_gmt":"2021-02-21T17:58:33","guid":{"rendered":"https:\/\/www.autonvaraosahaku.fi\/?product=ridex-2s0417-starttimoottori"},"modified":"2021-02-21T17:58:36","modified_gmt":"2021-02-21T17:58:36","slug":"ridex-2s0417-starttimoottori","status":"publish","type":"product","link":"https:\/\/www.autonvaraosahaku.fi\/?product=ridex-2s0417-starttimoottori","title":{"rendered":"RIDEX 2S0417 Starttimoottori"},"content":{"rendered":"<p>J\u00e4nnite (V): 12; Hammasluku: 9; K\u00e4ynnistinmoottori teho (kW): 1,4; Pistokemallin tunnus: Plug; Teho (kW): 1,4; Py\u00f6rimissuunta: Py\u00f6rimissuunta my\u00f6t\u00e4p\u00e4iv\u00e4\u00e4n; M\u00e4\u00e4r\u00e4yksikk\u00f6: Kappale; Laippa \u00d8(mm): 82,5; kierrereiki\u00e4 [kpl]: 2; Kiinnitysreikien lukum\u00e4\u00e4r\u00e4: 2; Valmistusvuoteen: 07\/1983; VOLVO: 940 II Kombi 945,940 Kombi 945,240 Kombi P245,740 Kombi 745,740 744,240 P242, P244,940 944,760 704, 764,340-360 343, 345,960 Kombi 965,140 142, 144,760 Kombi 704, 765,940 II 944,960 964,140 Kombi 145,340-360 Stufenheck 344; 1357199, 1346707, 1357199, 1357317, 204284, 3523301, 35233014, 3803074, 436854, 5001599, 5001613, 5001614, 5002046, 5003564, 5003617, 50038215, 5240360, 834339, 834976, 8408080, 870977; Startti,K\u00e4ynnistinmoottori<\/p>\n","protected":false},"excerpt":{"rendered":"<p>RIDEX Starttimoottori 2S0417 Startti,K\u00e4ynnistinmoottori VOLVO,940 II Kombi 945,940 Kombi 945,240 Kombi P245,740 Kombi 745,740 744,240 P242, P244<\/p>\n","protected":false},"featured_media":0,"template":"","meta":{"site-sidebar-layout":"default","site-content-layout":"default","ast-global-header-display":"","ast-main-header-display":"","ast-hfb-above-header-display":"","ast-hfb-below-header-display":"","ast-hfb-mobile-header-display":"","site-post-title":"","ast-breadcrumbs-content":"","ast-featured-img":"","footer-sml-layout":"","theme-transparent-header-meta":"","adv-header-id-meta":"","stick-header-meta":"","header-above-stick-meta":"","header-main-stick-meta":"","header-below-stick-meta":""},"pwb-brand":[157],"product_cat":[295],"product_tag":[],"class_list":{"0":"post-55934","1":"product","2":"type-product","3":"status-publish","5":"pwb-brand-ridex","6":"product_cat-starttimoottori","7":"desktop-align-left","8":"tablet-align-left","9":"mobile-align-left","11":"first","12":"instock","13":"product-type-external"},"brands":[{"id":157,"name":"RIDEX","slug":"ridex"}],"_links":{"self":[{"href":"https:\/\/www.autonvaraosahaku.fi\/index.php?rest_route=\/wp\/v2\/product\/55934","targetHints":{"allow":["GET"]}}],"collection":[{"href":"https:\/\/www.autonvaraosahaku.fi\/index.php?rest_route=\/wp\/v2\/product"}],"about":[{"href":"https:\/\/www.autonvaraosahaku.fi\/index.php?rest_route=\/wp\/v2\/types\/product"}],"wp:attachment":[{"href":"https:\/\/www.autonvaraosahaku.fi\/index.php?rest_route=%2Fwp%2Fv2%2Fmedia&parent=55934"}],"wp:term":[{"taxonomy":"pwb-brand","embeddable":true,"href":"https:\/\/www.autonvaraosahaku.fi\/index.php?rest_route=%2Fwp%2Fv2%2Fpwb-brand&post=55934"},{"taxonomy":"product_cat","embeddable":true,"href":"https:\/\/www.autonvaraosahaku.fi\/index.php?rest_route=%2Fwp%2Fv2%2Fproduct_cat&post=55934"},{"taxonomy":"product_tag","embeddable":true,"href":"https:\/\/www.autonvaraosahaku.fi\/index.php?rest_route=%2Fwp%2Fv2%2Fproduct_tag&post=55934"}],"curies":[{"name":"wp","href":"https:\/\/api.w.org\/{rel}","templated":true}]}}