{"id":55940,"date":"2021-02-21T17:58:33","date_gmt":"2021-02-21T17:58:33","guid":{"rendered":"https:\/\/www.autonvaraosahaku.fi\/?product=dys-20-00669-2-alatukivarsi"},"modified":"2021-02-21T17:58:38","modified_gmt":"2021-02-21T17:58:38","slug":"dys-20-00669-2-alatukivarsi","status":"publish","type":"product","link":"https:\/\/www.autonvaraosahaku.fi\/?product=dys-20-00669-2-alatukivarsi","title":{"rendered":"DYS 20-00669-2 Alatukivarsi"},"content":{"rendered":"<p>Asennuspuoli: Etuakseli, Vasen; Ohjausmalli: Poikittaistukivarsi; L\u00e4pimitta [mm]: 16; Materiaali: Ter\u00e4slevy; Paino [kg]: 3,378104; Organisaationumeroon: 7969; CITRO\u00cbN: BERLINGO MF,XSARA PICASSO N68,BERLINGO Kasten M_,XSARA N1,XSARA Break N2,BERLINGO Kasten B9,XSARA Coupe N0,ZX N2,ZX Break N2,XSARA Kasten; PEUGEOT: PARTNER Combispace 5F,PARTNER Kasten 5; 352088, 3520A1, 3520A2, 3520A8, 3520C4, 3520F6, 3520F8, 3520G3, 3520G4, 3520G5, 3520G6, 95658885, 352088, 3520A1, 3520A2, 3520A8, 3520C4, 3520F6, 3520F8, 3520G3, 3520G4, 3520G5, 3520G6, 95658885; Tukivarsi,Tukivarsi, Py\u00f6r\u00e4ntuenta<\/p>\n","protected":false},"excerpt":{"rendered":"<p>DYS Alatukivarsi 20-00669-2 Tukivarsi,Tukivarsi, Py\u00f6r\u00e4ntuenta CITRO\u00cbN,PEUGEOT,BERLINGO MF,XSARA PICASSO N68,BERLINGO Kasten M_,XSARA N1,XSARA Break N2<\/p>\n","protected":false},"featured_media":0,"template":"","meta":{"site-sidebar-layout":"default","site-content-layout":"default","ast-global-header-display":"","ast-main-header-display":"","ast-hfb-above-header-display":"","ast-hfb-below-header-display":"","ast-hfb-mobile-header-display":"","site-post-title":"","ast-breadcrumbs-content":"","ast-featured-img":"","footer-sml-layout":"","theme-transparent-header-meta":"","adv-header-id-meta":"","stick-header-meta":"","header-above-stick-meta":"","header-main-stick-meta":"","header-below-stick-meta":""},"pwb-brand":[387],"product_cat":[62],"product_tag":[],"class_list":{"0":"post-55940","1":"product","2":"type-product","3":"status-publish","5":"pwb-brand-dys","6":"product_cat-alatukivarsi","7":"desktop-align-left","8":"tablet-align-left","9":"mobile-align-left","11":"first","12":"instock","13":"product-type-external"},"brands":[{"id":387,"name":"DYS","slug":"dys"}],"_links":{"self":[{"href":"https:\/\/www.autonvaraosahaku.fi\/index.php?rest_route=\/wp\/v2\/product\/55940","targetHints":{"allow":["GET"]}}],"collection":[{"href":"https:\/\/www.autonvaraosahaku.fi\/index.php?rest_route=\/wp\/v2\/product"}],"about":[{"href":"https:\/\/www.autonvaraosahaku.fi\/index.php?rest_route=\/wp\/v2\/types\/product"}],"wp:attachment":[{"href":"https:\/\/www.autonvaraosahaku.fi\/index.php?rest_route=%2Fwp%2Fv2%2Fmedia&parent=55940"}],"wp:term":[{"taxonomy":"pwb-brand","embeddable":true,"href":"https:\/\/www.autonvaraosahaku.fi\/index.php?rest_route=%2Fwp%2Fv2%2Fpwb-brand&post=55940"},{"taxonomy":"product_cat","embeddable":true,"href":"https:\/\/www.autonvaraosahaku.fi\/index.php?rest_route=%2Fwp%2Fv2%2Fproduct_cat&post=55940"},{"taxonomy":"product_tag","embeddable":true,"href":"https:\/\/www.autonvaraosahaku.fi\/index.php?rest_route=%2Fwp%2Fv2%2Fproduct_tag&post=55940"}],"curies":[{"name":"wp","href":"https:\/\/api.w.org\/{rel}","templated":true}]}}