{"id":55942,"date":"2021-02-21T17:58:39","date_gmt":"2021-02-21T17:58:39","guid":{"rendered":"https:\/\/www.autonvaraosahaku.fi\/?product=ridex-1390f0076-laturin-vapaakytkin"},"modified":"2021-02-21T17:58:39","modified_gmt":"2021-02-21T17:58:39","slug":"ridex-1390f0076-laturin-vapaakytkin","status":"publish","type":"product","link":"https:\/\/www.autonvaraosahaku.fi\/?product=ridex-1390f0076-laturin-vapaakytkin","title":{"rendered":"RIDEX 1390F0076 Laturin vapaakytkin"},"content":{"rendered":"<p>L\u00e4pimitta [mm]: 53,8; Leveys (mm): 42,1; Kierremitta: M14; kiiloja: 6; Syvyys (mm): 12; Reik\u00e4-\u00d8 [mm]: 17; Ruuvikanta\/mutteriprofiili: Torx; Py\u00f6rimissuunta: Py\u00f6rimissuunta my\u00f6t\u00e4p\u00e4iv\u00e4\u00e4n; Korvaava tuote\/korvaava tiedote 2: Erikoisty\u00f6kalu tarpeen asennuksessa; Paino [kg]: 0,5; Valmistusvuosi alkaen: 11\/2007; OPEL: COMBO Kasten\/Kombi X12,COMBO Tour X12; FORD: FIESTA V JH_, JD_,FOCUS II Kombi DA_,FOCUS II DA_,FOCUS C-MAX,KUGA I,FUSION JU_,C-MAX DM2,FOCUS II Stufenheck DA_,FOCUS II Cabriolet; FIAT: DUCATO Kasten 250,DUCATO Pritsche\/Fahrgestell 250,DUCATO Bus 250,DOBLO Kasten\/Kombi 263,500L,DOBLO Gro\u00dfraumlimousine 152, 263,DOBLO Pritsche\/Fahrgestell 263; MAZDA: 3 BK,3 BL,3 Stufenheck BK,3 Stufenheck BL; VOLVO: V40 Kombi VW,V50 MW,V70 III BW,C30,S40 II MS,C70 II Cabriolet; ALFA ROMEO: GIULIETTA 940; VAUXHALL: COMBO Mk III D Kasten\/Kombi; 1229258, 1255712, 1477737, 1477741, 3M5T10300PA, 3M5T10300PB, 3M5T10300PC, 3M5T10300PD, 8666579, Y60118300, 30667067, 36000598, 8603182; Laturin Hihnapy\u00f6r\u00e4,Vapaakytkin<\/p>\n","protected":false},"excerpt":{"rendered":"<p>RIDEX Laturin Vapaakytkin 1390F0076 Laturin Hihnapy\u00f6r\u00e4,Vapaakytkin OPEL,FORD,FIAT,COMBO Kasten\/Kombi X12,COMBO Tour X12,FIESTA V JH_, JD_<\/p>\n","protected":false},"featured_media":0,"template":"","meta":{"site-sidebar-layout":"default","site-content-layout":"default","ast-global-header-display":"","ast-main-header-display":"","ast-hfb-above-header-display":"","ast-hfb-below-header-display":"","ast-hfb-mobile-header-display":"","site-post-title":"","ast-breadcrumbs-content":"","ast-featured-img":"","footer-sml-layout":"","theme-transparent-header-meta":"","adv-header-id-meta":"","stick-header-meta":"","header-above-stick-meta":"","header-main-stick-meta":"","header-below-stick-meta":""},"pwb-brand":[157],"product_cat":[443],"product_tag":[],"class_list":{"0":"post-55942","1":"product","2":"type-product","3":"status-publish","5":"pwb-brand-ridex","6":"product_cat-laturin-vapaakytkin","7":"desktop-align-left","8":"tablet-align-left","9":"mobile-align-left","11":"first","12":"instock","13":"product-type-external"},"brands":[{"id":157,"name":"RIDEX","slug":"ridex"}],"_links":{"self":[{"href":"https:\/\/www.autonvaraosahaku.fi\/index.php?rest_route=\/wp\/v2\/product\/55942","targetHints":{"allow":["GET"]}}],"collection":[{"href":"https:\/\/www.autonvaraosahaku.fi\/index.php?rest_route=\/wp\/v2\/product"}],"about":[{"href":"https:\/\/www.autonvaraosahaku.fi\/index.php?rest_route=\/wp\/v2\/types\/product"}],"wp:attachment":[{"href":"https:\/\/www.autonvaraosahaku.fi\/index.php?rest_route=%2Fwp%2Fv2%2Fmedia&parent=55942"}],"wp:term":[{"taxonomy":"pwb-brand","embeddable":true,"href":"https:\/\/www.autonvaraosahaku.fi\/index.php?rest_route=%2Fwp%2Fv2%2Fpwb-brand&post=55942"},{"taxonomy":"product_cat","embeddable":true,"href":"https:\/\/www.autonvaraosahaku.fi\/index.php?rest_route=%2Fwp%2Fv2%2Fproduct_cat&post=55942"},{"taxonomy":"product_tag","embeddable":true,"href":"https:\/\/www.autonvaraosahaku.fi\/index.php?rest_route=%2Fwp%2Fv2%2Fproduct_tag&post=55942"}],"curies":[{"name":"wp","href":"https:\/\/api.w.org\/{rel}","templated":true}]}}