{"id":55943,"date":"2021-02-21T17:58:39","date_gmt":"2021-02-21T17:58:39","guid":{"rendered":"https:\/\/www.autonvaraosahaku.fi\/?product=mapco-88113-peruutustutka-anturit"},"modified":"2021-02-21T17:58:40","modified_gmt":"2021-02-21T17:58:40","slug":"mapco-88113-peruutustutka-anturit","status":"publish","type":"product","link":"https:\/\/www.autonvaraosahaku.fi\/?product=mapco-88113-peruutustutka-anturit","title":{"rendered":"MAPCO 88113 Peruutustutka anturit"},"content":{"rendered":"<p>Tunnistinmalli: Ultra\u00e4\u00e4nitunnistin; Napojen m\u00e4\u00e4r\u00e4: 3; Kemialliset ominaisuudet: maalattavissa; Asennuspuoli: Takana, Edess\u00e4; Valmistusvuoteen: 07\/2012; NISSAN: QASHQAI J11, J11_; RENAULT: MEGANE III Grandtour KZ0\/1,SC\u00c9NIC III JZ0\/1_,CLIO IV,MEGANE III Schr\u00e4gheck BZ0_,GRAND SC\u00c9NIC III JZ0\/1_,MEGANE III Coupe DZ0\/1_,KANGOO \/ GRAND KANGOO KW0\/1_,KANGOO Express FW0\/1_,KANGOO BE BOP KW0\/1_,MEGANE CC EZ0\/1_; 284384EA0B, 284384EA0C, 284384EA0D, 284384EA1A, 253491812R, 253491877R, 253492421R, 253492552R, 253493708R, 253494552R, 253495019R, 253497049R, 253498272R, 284370324R, 284370553R, 284370724R, 284371104R, 284371230R, 284371545R, 284371818R, 284372271R, 284372678R, 284373085R, 284373419R, 284374843R, 284376511R, 284376752R, 284377268R, 284377822R, 284377896R, 284378062R, 284378448R, 284378911R, 284379088R, 284379705R, 284379918R, 284420001R, 284420165R, 284420753R, 284420965R, 284421505R, 284421698R, 284422066R, 284422363R, 284422706R, 284422916R, 284423924R, 284426077R, 284426105R, 284426296R, 284426487R, 284426491R, 284426655R, 284426753R, 284427684R, 284427894R, 284428005R, 284428574R, 284428904R, 284429124R, 284429327R; Tunnistin, Et\u00e4isyystunnistin<\/p>\n","protected":false},"excerpt":{"rendered":"<p>MAPCO Peruutustutka Anturit 88113 Tunnistin, Et\u00e4isyystunnistin NISSAN,RENAULT,QASHQAI J11, J11_,MEGANE III Grandtour KZ0\/1,SC\u00c9NIC III JZ0\/1_,CLIO IV<\/p>\n","protected":false},"featured_media":0,"template":"","meta":{"site-sidebar-layout":"default","site-content-layout":"default","ast-global-header-display":"","ast-main-header-display":"","ast-hfb-above-header-display":"","ast-hfb-below-header-display":"","ast-hfb-mobile-header-display":"","site-post-title":"","ast-breadcrumbs-content":"","ast-featured-img":"","footer-sml-layout":"","theme-transparent-header-meta":"","adv-header-id-meta":"","stick-header-meta":"","header-above-stick-meta":"","header-main-stick-meta":"","header-below-stick-meta":""},"pwb-brand":[36],"product_cat":[217],"product_tag":[],"class_list":{"0":"post-55943","1":"product","2":"type-product","3":"status-publish","5":"pwb-brand-mapco","6":"product_cat-peruutustutka-anturit","7":"desktop-align-left","8":"tablet-align-left","9":"mobile-align-left","11":"first","12":"instock","13":"product-type-external"},"brands":[{"id":36,"name":"MAPCO","slug":"mapco"}],"_links":{"self":[{"href":"https:\/\/www.autonvaraosahaku.fi\/index.php?rest_route=\/wp\/v2\/product\/55943","targetHints":{"allow":["GET"]}}],"collection":[{"href":"https:\/\/www.autonvaraosahaku.fi\/index.php?rest_route=\/wp\/v2\/product"}],"about":[{"href":"https:\/\/www.autonvaraosahaku.fi\/index.php?rest_route=\/wp\/v2\/types\/product"}],"wp:attachment":[{"href":"https:\/\/www.autonvaraosahaku.fi\/index.php?rest_route=%2Fwp%2Fv2%2Fmedia&parent=55943"}],"wp:term":[{"taxonomy":"pwb-brand","embeddable":true,"href":"https:\/\/www.autonvaraosahaku.fi\/index.php?rest_route=%2Fwp%2Fv2%2Fpwb-brand&post=55943"},{"taxonomy":"product_cat","embeddable":true,"href":"https:\/\/www.autonvaraosahaku.fi\/index.php?rest_route=%2Fwp%2Fv2%2Fproduct_cat&post=55943"},{"taxonomy":"product_tag","embeddable":true,"href":"https:\/\/www.autonvaraosahaku.fi\/index.php?rest_route=%2Fwp%2Fv2%2Fproduct_tag&post=55943"}],"curies":[{"name":"wp","href":"https:\/\/api.w.org\/{rel}","templated":true}]}}