{"id":55954,"date":"2021-02-21T17:58:39","date_gmt":"2021-02-21T17:58:39","guid":{"rendered":"https:\/\/www.autonvaraosahaku.fi\/?product=ridex-106b0054-lamput-hehkulamppu"},"modified":"2021-02-21T17:58:42","modified_gmt":"2021-02-21T17:58:42","slug":"ridex-106b0054-lamput-hehkulamppu","status":"publish","type":"product","link":"https:\/\/www.autonvaraosahaku.fi\/?product=ridex-106b0054-lamput-hehkulamppu","title":{"rendered":"RIDEX 106B0054 Lamput (hehkulamppu)"},"content":{"rendered":"<p>Lamppumalli: D1S (kaasupurkauslamppu); Kantamalli: Pk32d-2; J\u00e4nnite (V): 12, 24; Nimellisteho (W): 35; V\u00e4ril\u00e4mp\u00f6 [K]: 5000; Valmistusvuoteen: 09\/2014; VW: GOLF V 1K1,TOURAN 1T1, 1T2,GOLF VI 5K1,PASSAT Variant 3C5,GOLF PLUS 5M1, 521,PASSAT 3C2,TIGUAN 5N_,TOUAREG 7LA, 7L6, 7L7,GOLF VI Variant AJ5,GOLF V Variant 1K5,SCIROCCO 137, 138,PASSAT CC 357,PHAETON 3D_,JETTA III 1K2; AUDI: A3 8P1,A3 Sportback 8PA,A4 Avant 8ED, B7,A4 Avant 8E5, B6,A4 8E2, B6,A4 8K2, B8,A5 8T3,A4 Cabriolet 8H7, B6, 8HE, B7,A4 8EC, B7,Q7 4L,TT 8J3,TT Roadster 8J9,R8 42,R8 Spyder; MAZDA: 6 Kombi GH,CX-7 ER,6 Hatchback GG,6 GG,6 Schr\u00e4gheck GH,6 GH; NISSAN: QASHQAI \/ QASHQAI +2 J10, JJ10,QASHQAI J11, J11_; JEEP: GRAND CHEROKEE III WH, WK,GRAND CHEROKEE IV WK, WK2,CHEROKEE KK; ABARTH: 500 \/ 595 312_,500C \/ 595C 312_; SKODA: OCTAVIA Combi 1Z5,YETI 5L,SUPERB Kombi 3T5,OCTAVIA 1Z3,SUPERB 3T4; SEAT: IBIZA IV 6L1,LEON 1P1,IBIZA V 6J5, 6P5,ALTEA 5P1,ALTEA XL 5P5, 5P8,IBIZA V ST 6J8, 6P8,EXEO ST 3R5,IBIZA V SPORTCOUPE 6J1, 6P1,EXEO 3R2,CORDOBA 6L2,TOLEDO III 5P2; MERCEDES-BENZ: E-CLASS W211,C-CLASS W204,B-CLASS W245,C-CLASS T-Model S204,E-CLASS T-Model S211,E-CLASS W212,VIANO W639,B-CLASS W246, W242,M-CLASS W164,E-CLASS T-Model S212,GLK-CLASS X204,VITO Bus W639,VITO \/ MIXTO Kasten W639,SPRINTER 3,5-t Kasten 906,S-CLASS W221,SL R230,R-CLASS W251, V251,M-CLASS W166,G-CLASS W463,E-CLASS Coupe C207,C-CLASS Coupe C204,SPRINTER 3,5-t Bus 906,SPRINTER 3-t Kasten 906,SLK R172,E-CLASS Cabriolet A207,CLC-CLASS CL203,GL-CLASS X164,CLS C218,SPRINTER 3,5-t Pritsche\/Fahrgestell 906,S-CLASS Coupe C216,SPRINTER 3-t Bus 906,CLS Shooting Brake X218,SPRINTER 5-t Kasten 906,SPRINTER 5-t Pritsche\/Fahrgestell 906,SL R231,G-CLASS Cabrio W463,SPRINTER 3-t Pritsche\/Fahrgestell 906,SLS AMG C197,SPRINTER 4,6-t Pritsche\/Fahrgestell 906,SPRINTER 4,6-t Kasten 906,SLS AMG Cabriolet A197,SPRINTER 4,6-t Bus,SPRINTER 5-t Bus,ACTROS MP2 \/ MP3,ACTROS MP4 \/ MP5,ANTOS,AROCS; KIA: CEE&#8217;D JD,CEE`D Sportswagon JD,PRO CEE\u00b4D JD,OPTIMA<\/p>\n","protected":false},"excerpt":{"rendered":"<p>RIDEX Polttimo, Kaukovalo 106B0054  VW,AUDI,MAZDA,GOLF V 1K1,TOURAN 1T1, 1T2,GOLF VI 5K1,PASSAT Variant 3C5,GOLF PLUS 5M1, 521,PASSAT 3C2,TIGUAN 5N_<\/p>\n","protected":false},"featured_media":0,"template":"","meta":{"site-sidebar-layout":"default","site-content-layout":"default","ast-global-header-display":"","ast-main-header-display":"","ast-hfb-above-header-display":"","ast-hfb-below-header-display":"","ast-hfb-mobile-header-display":"","site-post-title":"","ast-breadcrumbs-content":"","ast-featured-img":"","footer-sml-layout":"","theme-transparent-header-meta":"","adv-header-id-meta":"","stick-header-meta":"","header-above-stick-meta":"","header-main-stick-meta":"","header-below-stick-meta":""},"pwb-brand":[157],"product_cat":[151],"product_tag":[],"class_list":{"0":"post-55954","1":"product","2":"type-product","3":"status-publish","5":"pwb-brand-ridex","6":"product_cat-lamput-hehkulamppu","7":"desktop-align-left","8":"tablet-align-left","9":"mobile-align-left","11":"first","12":"instock","13":"product-type-external"},"brands":[{"id":157,"name":"RIDEX","slug":"ridex"}],"_links":{"self":[{"href":"https:\/\/www.autonvaraosahaku.fi\/index.php?rest_route=\/wp\/v2\/product\/55954","targetHints":{"allow":["GET"]}}],"collection":[{"href":"https:\/\/www.autonvaraosahaku.fi\/index.php?rest_route=\/wp\/v2\/product"}],"about":[{"href":"https:\/\/www.autonvaraosahaku.fi\/index.php?rest_route=\/wp\/v2\/types\/product"}],"wp:attachment":[{"href":"https:\/\/www.autonvaraosahaku.fi\/index.php?rest_route=%2Fwp%2Fv2%2Fmedia&parent=55954"}],"wp:term":[{"taxonomy":"pwb-brand","embeddable":true,"href":"https:\/\/www.autonvaraosahaku.fi\/index.php?rest_route=%2Fwp%2Fv2%2Fpwb-brand&post=55954"},{"taxonomy":"product_cat","embeddable":true,"href":"https:\/\/www.autonvaraosahaku.fi\/index.php?rest_route=%2Fwp%2Fv2%2Fproduct_cat&post=55954"},{"taxonomy":"product_tag","embeddable":true,"href":"https:\/\/www.autonvaraosahaku.fi\/index.php?rest_route=%2Fwp%2Fv2%2Fproduct_tag&post=55954"}],"curies":[{"name":"wp","href":"https:\/\/api.w.org\/{rel}","templated":true}]}}