{"id":55963,"date":"2021-02-21T17:58:45","date_gmt":"2021-02-21T17:58:45","guid":{"rendered":"https:\/\/www.autonvaraosahaku.fi\/?product=ibras-68759-letku"},"modified":"2021-02-21T17:58:45","modified_gmt":"2021-02-21T17:58:45","slug":"ibras-68759-letku","status":"publish","type":"product","link":"https:\/\/www.autonvaraosahaku.fi\/?product=ibras-68759-letku","title":{"rendered":"IBRAS 68759 Letku"},"content":{"rendered":"<p>M\u00e4\u00e4r\u00e4yksikk\u00f6: Metri; Paino [g]: 205; Materiaali, 1. kerros: NBR (nitriili-butadi-kumi); Materiaali, 2. kerros: Polyesteri; Materiaali, 3. kerros: 182; Pituus [m]: 25; Sis\u00e4l\u00e4pimitta [mm]: 10; Ulkol\u00e4pimitta [mm]: 16<\/p>\n","protected":false},"excerpt":{"rendered":"<p>IBRAS Polttoaineletku 68759<\/p>\n","protected":false},"featured_media":0,"template":"","meta":{"site-sidebar-layout":"default","site-content-layout":"default","ast-global-header-display":"","ast-main-header-display":"","ast-hfb-above-header-display":"","ast-hfb-below-header-display":"","ast-hfb-mobile-header-display":"","site-post-title":"","ast-breadcrumbs-content":"","ast-featured-img":"","footer-sml-layout":"","theme-transparent-header-meta":"","adv-header-id-meta":"","stick-header-meta":"","header-above-stick-meta":"","header-main-stick-meta":"","header-below-stick-meta":""},"pwb-brand":[505],"product_cat":[112],"product_tag":[],"class_list":{"0":"post-55963","1":"product","2":"type-product","3":"status-publish","5":"pwb-brand-ibras","6":"product_cat-letku","7":"desktop-align-left","8":"tablet-align-left","9":"mobile-align-left","11":"first","12":"instock","13":"product-type-external"},"brands":[{"id":505,"name":"IBRAS","slug":"ibras"}],"_links":{"self":[{"href":"https:\/\/www.autonvaraosahaku.fi\/index.php?rest_route=\/wp\/v2\/product\/55963","targetHints":{"allow":["GET"]}}],"collection":[{"href":"https:\/\/www.autonvaraosahaku.fi\/index.php?rest_route=\/wp\/v2\/product"}],"about":[{"href":"https:\/\/www.autonvaraosahaku.fi\/index.php?rest_route=\/wp\/v2\/types\/product"}],"wp:attachment":[{"href":"https:\/\/www.autonvaraosahaku.fi\/index.php?rest_route=%2Fwp%2Fv2%2Fmedia&parent=55963"}],"wp:term":[{"taxonomy":"pwb-brand","embeddable":true,"href":"https:\/\/www.autonvaraosahaku.fi\/index.php?rest_route=%2Fwp%2Fv2%2Fpwb-brand&post=55963"},{"taxonomy":"product_cat","embeddable":true,"href":"https:\/\/www.autonvaraosahaku.fi\/index.php?rest_route=%2Fwp%2Fv2%2Fproduct_cat&post=55963"},{"taxonomy":"product_tag","embeddable":true,"href":"https:\/\/www.autonvaraosahaku.fi\/index.php?rest_route=%2Fwp%2Fv2%2Fproduct_tag&post=55963"}],"curies":[{"name":"wp","href":"https:\/\/api.w.org\/{rel}","templated":true}]}}