{"id":55982,"date":"2021-02-21T17:58:51","date_gmt":"2021-02-21T17:58:51","guid":{"rendered":"https:\/\/www.autonvaraosahaku.fi\/?product=topran-114-970-muut-luokat"},"modified":"2021-02-21T17:58:51","modified_gmt":"2021-02-21T17:58:51","slug":"topran-114-970-muut-luokat","status":"publish","type":"product","link":"https:\/\/www.autonvaraosahaku.fi\/?product=topran-114-970-muut-luokat","title":{"rendered":"TOPRAN 114 970 Muut luokat"},"content":{"rendered":"<p>Varusteet: ajoneuvoille k\u00e4sivaihteistolla; Pinta: tekonahka; Vaihteiden lukum\u00e4\u00e4r\u00e4: 5-vaihteinen; V\u00e4ri: Musta; V\u00e4rikoodi: HGS\/MBB; Valmistusvuosi alkaen: 05\/1996; VW: LUPO 6X1, 6E1,POLO 6N2,POLO 6N1,POLO CLASSIC 6KV2; 6N0711118B, 6X0711118F<\/p>\n","protected":false},"excerpt":{"rendered":"<p>TOPRAN Vaihdevivun Suojus 114 970  VW,LUPO 6X1, 6E1,POLO 6N2,POLO 6N1,POLO CLASSIC 6KV2<\/p>\n","protected":false},"featured_media":0,"template":"","meta":{"site-sidebar-layout":"default","site-content-layout":"default","ast-global-header-display":"","ast-main-header-display":"","ast-hfb-above-header-display":"","ast-hfb-below-header-display":"","ast-hfb-mobile-header-display":"","site-post-title":"","ast-breadcrumbs-content":"","ast-featured-img":"","footer-sml-layout":"","theme-transparent-header-meta":"","adv-header-id-meta":"","stick-header-meta":"","header-above-stick-meta":"","header-main-stick-meta":"","header-below-stick-meta":""},"pwb-brand":[18],"product_cat":[37],"product_tag":[],"class_list":{"0":"post-55982","1":"product","2":"type-product","3":"status-publish","5":"pwb-brand-topran","6":"product_cat-muut-luokat","7":"desktop-align-left","8":"tablet-align-left","9":"mobile-align-left","11":"first","12":"instock","13":"product-type-external"},"brands":[{"id":18,"name":"TOPRAN","slug":"topran"}],"_links":{"self":[{"href":"https:\/\/www.autonvaraosahaku.fi\/index.php?rest_route=\/wp\/v2\/product\/55982","targetHints":{"allow":["GET"]}}],"collection":[{"href":"https:\/\/www.autonvaraosahaku.fi\/index.php?rest_route=\/wp\/v2\/product"}],"about":[{"href":"https:\/\/www.autonvaraosahaku.fi\/index.php?rest_route=\/wp\/v2\/types\/product"}],"wp:attachment":[{"href":"https:\/\/www.autonvaraosahaku.fi\/index.php?rest_route=%2Fwp%2Fv2%2Fmedia&parent=55982"}],"wp:term":[{"taxonomy":"pwb-brand","embeddable":true,"href":"https:\/\/www.autonvaraosahaku.fi\/index.php?rest_route=%2Fwp%2Fv2%2Fpwb-brand&post=55982"},{"taxonomy":"product_cat","embeddable":true,"href":"https:\/\/www.autonvaraosahaku.fi\/index.php?rest_route=%2Fwp%2Fv2%2Fproduct_cat&post=55982"},{"taxonomy":"product_tag","embeddable":true,"href":"https:\/\/www.autonvaraosahaku.fi\/index.php?rest_route=%2Fwp%2Fv2%2Fproduct_tag&post=55982"}],"curies":[{"name":"wp","href":"https:\/\/api.w.org\/{rel}","templated":true}]}}