{"id":55992,"date":"2021-02-21T17:58:51","date_gmt":"2021-02-21T17:58:51","guid":{"rendered":"https:\/\/www.autonvaraosahaku.fi\/?product=herthbuss-jakoparts-j1311018-oljynsuodatin"},"modified":"2021-02-21T17:58:53","modified_gmt":"2021-02-21T17:58:53","slug":"herthbuss-jakoparts-j1311018-oljynsuodatin","status":"publish","type":"product","link":"https:\/\/www.autonvaraosahaku.fi\/?product=herthbuss-jakoparts-j1311018-oljynsuodatin","title":{"rendered":"HERTH+BUSS JAKOPARTS J1311018 \u00d6ljynsuodatin"},"content":{"rendered":"<p>Suodatintyyppi: Ruuvattava suodatin; Pituus (mm): 70; Ulkol\u00e4pimitta [mm]: 66; Sis\u00e4kierre (mm): M20 x 1,5; Suositellun erikoisty\u00f6kalun tuotenumero: J9131002, J9131003; Valmistusvuosi alkaen: 06\/1990; RENAULT: CLIO III BR0\/1, CR0\/1,MEGANE III Grandtour KZ0\/1,ESPACE IV JK0\/1_,SC\u00c9NIC III JZ0\/1_,LAGUNA III Grandtour KT0\/1,CLIO IV,MEGANE III Schr\u00e4gheck BZ0_,GRAND SC\u00c9NIC III JZ0\/1_,MEGANE III Coupe DZ0\/1_,KOLEOS HY_,LAGUNA III BT0\/1,MEGANE CC EZ0\/1_,VEL SATIS BJ0_,LAGUNA Coupe DT0\/1,FLUENCE L30_,LATITUDE L70_,MEGANE IV B9A\/M_,MEGANE IV Grandtour K9A\/M_,ESPACE V,TALISMAN Grandtour KP_,TALISMAN; HYUNDAI: GETZ TB,i10 PA,i30 GD,i30 CW GD,ATOS MX,SANTA F\u00c9 III DM,i30 Coupe,i20 GB,ACCENT IV Stufenheck RB,i30 PDE,i30 Kombi PDE,i20 ACTIVE GB,i20 Coupe,KONA OS,i30 FASTBACK PDE; NISSAN: QASHQAI \/ QASHQAI +2 J10, JJ10,MICRA III K12,X-TRAIL T30,NOTE E11,ALMERA TINO V10,ALMERA II Hatchback N16,JUKE F15,X-TRAIL T31,PRIMERA P11,MICRA IV K13,PRIMERA Kombi WP12,PRIMERA P12,NV200 EVALIA,PRIMERA Traveller WP11,350 Z Z33,PRIMERA Hatchback P11,MICRA C+C K12,MURANO Z50,NOTE E12,PRIMERA Hatchback P12,TIIDA Schr\u00e4gheck,NV200 Kasten,ALMERA I Hatchback N15,MURANO Z51,PICK UP D22,PATHFINDER R50,ALMERA Mk II N16,370 Z Z34,200 SX S14,350 Z Roadster Z33,CUBE Z12,TIIDA Stufenheck SC11X,370 Z Roadster Z34,QASHQAI J11, J11_,X-TRAIL T32,PULSAR Schr\u00e4gheck C13,TEANA II J32,200 SX S15,SKYLINE V35,TEANA I J31; MAZDA: 3 BK,CX-5 KE, GH,MX-5 II NB,2 DE,323 F VI BJ,PREMACY CP,3 BL,MX-5 I NA,3 BM,DEMIO DW,6 Kombi GJ, GH,RX 8 SE17,626 V Hatchback GF,3 Stufenheck BK,MPV II LW,626 V GF,626 V Station Wagon GW,6 Stufenheck GJ, GH,323 P V BA,3 Stufenheck BL,626 IV Hatchback GE,MX-3 EC,FAMILIA VI BJ,3 Stufenheck BM,XEDOS 6 CA,323 C IV BG,FAMILIA IV BF,626 IV GE,FAMILIA V BA,FAMILIA V BG8,RX 7 II FC,323 III Hatchback BF,121 II DB,RX 7 I SA,626 III GD,FAMILIA IV BG,626 III Hatchback GD,626 III Coupe GD,626 III Station Wagon GV,626 II GC,626 II Hatchback GC,929 III HC,323 III BF,RX 7 III FD,929 II Coupe HB,323 III Station Wagon BW,323 II Hatchback BD,121 I DA,323 I FA,2 DL, DJ,323 II BD,929 II HB,626 I CB,929 I LA,CX-3 DK,CX-5 KF,323 I Station Wagon FA,929 II Kombi HV,MX-5 IV ND,MX-5 RF ND; KIA: PICANTO BA,CARENS II FJ,RIO III UB,CEE&#8217;D JD,PICANTO TA,CEE`D Sportswagon JD,RIO Kombi DC,PRO CEE\u00b4D JD,RIO Stufenheck DC_,SHUMA II FB,CARENS I FC,RIO III Stufenheck UB,SHUMA FB,PRIDE DA,SHUMA II Stufenheck FB,CLARUS K9A,CLARUS Kombi GC,SEPHIA Stufenheck FA,SEPHIA FA,PRIDE Kombi,SEPHIA FB,RIO IV YB,PICANTO JA,STONIC YB; DACIA: DUSTER,LODGY,DOKKER Express; SUBARU: FORESTER SG,FORESTER SH,IMPREZA Stufenheck GD,LEGACY IV Station Wagon BL, BP, B13_,IMPREZA Schr\u00e4gheck GR, GH, G3,OUTBACK BL, BP,IMPREZA Station Wagon GG,LEGACY IV BL, BP,LIBERO Bus E10, E12,LEGACY V Station Wagon BM, BR,OUTBACK BM, BR,JUSTY I KAD,IMPREZA Stufenheck GR,VIVIO,LEGACY V BM, BR,WRX Stufenheck GJ,REX \u00a0,REX II; INFINITI: Q50,FX,EX,M Y51,G Stufenheck,G Coupe,Q70 Y51,QX70,Q60 Coupe,QX50; 1520865F00, 0B63114302, 2630002500, 2630002500AT, 2630002501, 2630002502, 2630002503, 2630003000, 2630003001, 263002Y500, KKY0114302, 0B63114302, 2630002500, 2630002501, 2630002502, 2630002503, 2630003000, 2630003001, 263002Y500, KKY0114302, KKY0114302A, 037023802, 8FG123802, B6Y014302A, B6Y114302, B6Y1143029A, B6Y114302A, FE3R14302, PE0114302, PE01143029A, PE0114302A, PE0114302A9A, PE0114302B, PE0114302B9A, 152083J400, 152081HC0A, 1520831U01, 152083J400, 152083J400XX, 1520865F00, 1520865F01, 1520865F0A, 1520865F0B, 1520865F0C, 1520865F0D, 1520865F0E, 1520865F10, 1520865F1A, 1520865F1B, 152087B000, 152089E000, 152089F600, 152089F60A, AY100KE001, AY100NS004, 152009645R, 152085758R, 1520865F00, 1520865F0A, 1520865F0B, 152088066R, 7701053054, 7701068766, 15208AA080, 15208AA100, 15208AA12A, 15208KA010, 15208KA040<\/p>\n","protected":false},"excerpt":{"rendered":"<p>HERTH+BUSS JAKOPARTS \u00d6ljynsuodatin J1311018  RENAULT,HYUNDAI,NISSAN,CLIO III BR0\/1, CR0\/1,MEGANE III Grandtour KZ0\/1,ESPACE IV JK0\/1_<\/p>\n","protected":false},"featured_media":0,"template":"","meta":{"site-sidebar-layout":"default","site-content-layout":"default","ast-global-header-display":"","ast-main-header-display":"","ast-hfb-above-header-display":"","ast-hfb-below-header-display":"","ast-hfb-mobile-header-display":"","site-post-title":"","ast-breadcrumbs-content":"","ast-featured-img":"","footer-sml-layout":"","theme-transparent-header-meta":"","adv-header-id-meta":"","stick-header-meta":"","header-above-stick-meta":"","header-main-stick-meta":"","header-below-stick-meta":""},"pwb-brand":[416],"product_cat":[30],"product_tag":[],"class_list":{"0":"post-55992","1":"product","2":"type-product","3":"status-publish","5":"pwb-brand-herthbuss-jakoparts","6":"product_cat-oljynsuodatin","7":"desktop-align-left","8":"tablet-align-left","9":"mobile-align-left","11":"first","12":"instock","13":"product-type-external"},"brands":[{"id":416,"name":"HERTH+BUSS JAKOPARTS","slug":"herthbuss-jakoparts"}],"_links":{"self":[{"href":"https:\/\/www.autonvaraosahaku.fi\/index.php?rest_route=\/wp\/v2\/product\/55992","targetHints":{"allow":["GET"]}}],"collection":[{"href":"https:\/\/www.autonvaraosahaku.fi\/index.php?rest_route=\/wp\/v2\/product"}],"about":[{"href":"https:\/\/www.autonvaraosahaku.fi\/index.php?rest_route=\/wp\/v2\/types\/product"}],"wp:attachment":[{"href":"https:\/\/www.autonvaraosahaku.fi\/index.php?rest_route=%2Fwp%2Fv2%2Fmedia&parent=55992"}],"wp:term":[{"taxonomy":"pwb-brand","embeddable":true,"href":"https:\/\/www.autonvaraosahaku.fi\/index.php?rest_route=%2Fwp%2Fv2%2Fpwb-brand&post=55992"},{"taxonomy":"product_cat","embeddable":true,"href":"https:\/\/www.autonvaraosahaku.fi\/index.php?rest_route=%2Fwp%2Fv2%2Fproduct_cat&post=55992"},{"taxonomy":"product_tag","embeddable":true,"href":"https:\/\/www.autonvaraosahaku.fi\/index.php?rest_route=%2Fwp%2Fv2%2Fproduct_tag&post=55992"}],"curies":[{"name":"wp","href":"https:\/\/api.w.org\/{rel}","templated":true}]}}