{"id":55999,"date":"2021-02-21T17:58:51","date_gmt":"2021-02-21T17:58:51","guid":{"rendered":"https:\/\/www.autonvaraosahaku.fi\/?product=elwis-royal-0215401-imusarjan-tiivisteet"},"modified":"2021-02-21T17:58:55","modified_gmt":"2021-02-21T17:58:55","slug":"elwis-royal-0215401-imusarjan-tiivisteet","status":"publish","type":"product","link":"https:\/\/www.autonvaraosahaku.fi\/?product=elwis-royal-0215401-imusarjan-tiivisteet","title":{"rendered":"ELWIS ROYAL 0215401 Imusarjan tiivisteet"},"content":{"rendered":"<p>Tarvittava kappalem\u00e4\u00e4r\u00e4: 6; Materiaali: FPM (fluori-kumi); Tiivistetyyppi: Komposiitti-tiiviste; BMW: 3 Touring E91,3 E90,5 Touring F11,5 F10, F18,X5 E70,X3 F25,3 Coupe E92,3 Touring F31,3 F30, F35, F80,3 Cabriolet E93,7 F01, F02, F03, F04,5 Gran Turismo F07,X6 E71, E72,3 Gran Turismo F34,4 Coupe F32, F82,X5 F15, F85,6 Gran Coupe F06,6 Coupe F13,4 Cabriolet F33, F83,6 Cabriolet F12,4 Gran Coupe F36,X4 F26,X6 F16, F86; 11617807480; Tiiviste, Imusarja<\/p>\n","protected":false},"excerpt":{"rendered":"<p>ELWIS ROYAL Imusarjan Tiivisteet 0215401 Tiiviste, Imusarja BMW,3 Touring E91,3 E90,5 Touring F11,5 F10, F18,X5 E70,X3 F25,3 Coupe E92,3 Touring F31<\/p>\n","protected":false},"featured_media":0,"template":"","meta":{"site-sidebar-layout":"default","site-content-layout":"default","ast-global-header-display":"","ast-main-header-display":"","ast-hfb-above-header-display":"","ast-hfb-below-header-display":"","ast-hfb-mobile-header-display":"","site-post-title":"","ast-breadcrumbs-content":"","ast-featured-img":"","footer-sml-layout":"","theme-transparent-header-meta":"","adv-header-id-meta":"","stick-header-meta":"","header-above-stick-meta":"","header-main-stick-meta":"","header-below-stick-meta":""},"pwb-brand":[120],"product_cat":[43],"product_tag":[],"class_list":{"0":"post-55999","1":"product","2":"type-product","3":"status-publish","5":"pwb-brand-elwis-royal","6":"product_cat-imusarjan-tiivisteet","7":"desktop-align-left","8":"tablet-align-left","9":"mobile-align-left","11":"first","12":"instock","13":"product-type-external"},"brands":[{"id":120,"name":"ELWIS ROYAL","slug":"elwis-royal"}],"_links":{"self":[{"href":"https:\/\/www.autonvaraosahaku.fi\/index.php?rest_route=\/wp\/v2\/product\/55999","targetHints":{"allow":["GET"]}}],"collection":[{"href":"https:\/\/www.autonvaraosahaku.fi\/index.php?rest_route=\/wp\/v2\/product"}],"about":[{"href":"https:\/\/www.autonvaraosahaku.fi\/index.php?rest_route=\/wp\/v2\/types\/product"}],"wp:attachment":[{"href":"https:\/\/www.autonvaraosahaku.fi\/index.php?rest_route=%2Fwp%2Fv2%2Fmedia&parent=55999"}],"wp:term":[{"taxonomy":"pwb-brand","embeddable":true,"href":"https:\/\/www.autonvaraosahaku.fi\/index.php?rest_route=%2Fwp%2Fv2%2Fpwb-brand&post=55999"},{"taxonomy":"product_cat","embeddable":true,"href":"https:\/\/www.autonvaraosahaku.fi\/index.php?rest_route=%2Fwp%2Fv2%2Fproduct_cat&post=55999"},{"taxonomy":"product_tag","embeddable":true,"href":"https:\/\/www.autonvaraosahaku.fi\/index.php?rest_route=%2Fwp%2Fv2%2Fproduct_tag&post=55999"}],"curies":[{"name":"wp","href":"https:\/\/api.w.org\/{rel}","templated":true}]}}