{"id":56028,"date":"2021-02-21T17:59:03","date_gmt":"2021-02-21T17:59:03","guid":{"rendered":"https:\/\/www.autonvaraosahaku.fi\/?product=elring-492-030-tiivisteet"},"modified":"2021-02-21T17:59:04","modified_gmt":"2021-02-21T17:59:04","slug":"elring-492-030-tiivisteet","status":"publish","type":"product","link":"https:\/\/www.autonvaraosahaku.fi\/?product=elring-492-030-tiivisteet","title":{"rendered":"ELRING 492.030 Tiivisteet"},"content":{"rendered":"<p>Asennuspuoli: Moottorin puoli; Tiivistetyyppi: Metalli-elastomeeri tiiviste; Valmistusvuoteen: 02\/2010; BMW: 3 Touring E91,3 E90,5 E60,1 E87,5 Touring E61,X3 E83,X1 E84,1 E81,3 Coupe E92,3 Cabriolet E93,1 Cabriolet E88,1 Coupe E82; ALPINA: D3 E90,D3 Kombi E91; 11427802114; Tiivisterengas \u00d6ljynj\u00e4\u00e4hdytin,Tiivistesarja \u00d6ljynj\u00e4\u00e4hdytin<\/p>\n","protected":false},"excerpt":{"rendered":"<p>ELRING Tiiviste \u00d6ljynj\u00e4\u00e4hdytin 492.030 Tiivisterengas \u00d6ljynj\u00e4\u00e4hdytin,Tiivistesarja \u00d6ljynj\u00e4\u00e4hdytin BMW,ALPINA,3 Touring E91,3 E90,5 E60,1 E87<\/p>\n","protected":false},"featured_media":0,"template":"","meta":{"site-sidebar-layout":"default","site-content-layout":"default","ast-global-header-display":"","ast-main-header-display":"","ast-hfb-above-header-display":"","ast-hfb-below-header-display":"","ast-hfb-mobile-header-display":"","site-post-title":"","ast-breadcrumbs-content":"","ast-featured-img":"","footer-sml-layout":"","theme-transparent-header-meta":"","adv-header-id-meta":"","stick-header-meta":"","header-above-stick-meta":"","header-main-stick-meta":"","header-below-stick-meta":""},"pwb-brand":[26],"product_cat":[27],"product_tag":[],"class_list":{"0":"post-56028","1":"product","2":"type-product","3":"status-publish","5":"pwb-brand-elring","6":"product_cat-tiivisteet","7":"desktop-align-left","8":"tablet-align-left","9":"mobile-align-left","11":"first","12":"instock","13":"product-type-external"},"brands":[{"id":26,"name":"ELRING","slug":"elring"}],"_links":{"self":[{"href":"https:\/\/www.autonvaraosahaku.fi\/index.php?rest_route=\/wp\/v2\/product\/56028","targetHints":{"allow":["GET"]}}],"collection":[{"href":"https:\/\/www.autonvaraosahaku.fi\/index.php?rest_route=\/wp\/v2\/product"}],"about":[{"href":"https:\/\/www.autonvaraosahaku.fi\/index.php?rest_route=\/wp\/v2\/types\/product"}],"wp:attachment":[{"href":"https:\/\/www.autonvaraosahaku.fi\/index.php?rest_route=%2Fwp%2Fv2%2Fmedia&parent=56028"}],"wp:term":[{"taxonomy":"pwb-brand","embeddable":true,"href":"https:\/\/www.autonvaraosahaku.fi\/index.php?rest_route=%2Fwp%2Fv2%2Fpwb-brand&post=56028"},{"taxonomy":"product_cat","embeddable":true,"href":"https:\/\/www.autonvaraosahaku.fi\/index.php?rest_route=%2Fwp%2Fv2%2Fproduct_cat&post=56028"},{"taxonomy":"product_tag","embeddable":true,"href":"https:\/\/www.autonvaraosahaku.fi\/index.php?rest_route=%2Fwp%2Fv2%2Fproduct_tag&post=56028"}],"curies":[{"name":"wp","href":"https:\/\/api.w.org\/{rel}","templated":true}]}}