{"id":56047,"date":"2021-02-21T17:59:10","date_gmt":"2021-02-21T17:59:10","guid":{"rendered":"https:\/\/www.autonvaraosahaku.fi\/?product=jp-group-1581203100-takaluukun-kaasujousi"},"modified":"2021-02-21T17:59:11","modified_gmt":"2021-02-21T17:59:11","slug":"jp-group-1581203100-takaluukun-kaasujousi","status":"publish","type":"product","link":"https:\/\/www.autonvaraosahaku.fi\/?product=jp-group-1581203100-takaluukun-kaasujousi","title":{"rendered":"JP GROUP 1581203100 Takaluukun kaasujousi"},"content":{"rendered":"<p>Kokonaispituus (mm): 535; Isku (mm): 198; Ty\u00f6nt\u00f6voima [N]: 520; Varusteet: Autoihin, joissa takalasin pyyhkij\u00e4, Ajoneuvoihin ilman sadesensoria; FORD: MONDEO III B5Y; 1117046, 1117047, 1119688, 1120611, 1219985, 1S71A406A10AB, 1S71A406A10BB, 1S71A406A10BC, 1S71A406A10AC, 1S71A406A10BB, 1S71A406A10CA; Kaasujousi, Tavaratila<\/p>\n","protected":false},"excerpt":{"rendered":"<p>JP GROUP Takaluukun Kaasujousi JP Group 1581203100 Kaasujousi, Tavaratila FORD,MONDEO III B5Y<\/p>\n","protected":false},"featured_media":0,"template":"","meta":{"site-sidebar-layout":"default","site-content-layout":"default","ast-global-header-display":"","ast-main-header-display":"","ast-hfb-above-header-display":"","ast-hfb-below-header-display":"","ast-hfb-mobile-header-display":"","site-post-title":"","ast-breadcrumbs-content":"","ast-featured-img":"","footer-sml-layout":"","theme-transparent-header-meta":"","adv-header-id-meta":"","stick-header-meta":"","header-above-stick-meta":"","header-main-stick-meta":"","header-below-stick-meta":""},"pwb-brand":[131],"product_cat":[59],"product_tag":[],"class_list":{"0":"post-56047","1":"product","2":"type-product","3":"status-publish","5":"pwb-brand-jp-group","6":"product_cat-takaluukun-kaasujousi","7":"desktop-align-left","8":"tablet-align-left","9":"mobile-align-left","11":"first","12":"instock","13":"product-type-external"},"brands":[{"id":131,"name":"JP GROUP","slug":"jp-group"}],"_links":{"self":[{"href":"https:\/\/www.autonvaraosahaku.fi\/index.php?rest_route=\/wp\/v2\/product\/56047","targetHints":{"allow":["GET"]}}],"collection":[{"href":"https:\/\/www.autonvaraosahaku.fi\/index.php?rest_route=\/wp\/v2\/product"}],"about":[{"href":"https:\/\/www.autonvaraosahaku.fi\/index.php?rest_route=\/wp\/v2\/types\/product"}],"wp:attachment":[{"href":"https:\/\/www.autonvaraosahaku.fi\/index.php?rest_route=%2Fwp%2Fv2%2Fmedia&parent=56047"}],"wp:term":[{"taxonomy":"pwb-brand","embeddable":true,"href":"https:\/\/www.autonvaraosahaku.fi\/index.php?rest_route=%2Fwp%2Fv2%2Fpwb-brand&post=56047"},{"taxonomy":"product_cat","embeddable":true,"href":"https:\/\/www.autonvaraosahaku.fi\/index.php?rest_route=%2Fwp%2Fv2%2Fproduct_cat&post=56047"},{"taxonomy":"product_tag","embeddable":true,"href":"https:\/\/www.autonvaraosahaku.fi\/index.php?rest_route=%2Fwp%2Fv2%2Fproduct_tag&post=56047"}],"curies":[{"name":"wp","href":"https:\/\/api.w.org\/{rel}","templated":true}]}}