{"id":56067,"date":"2021-02-21T17:59:16","date_gmt":"2021-02-21T17:59:16","guid":{"rendered":"https:\/\/www.autonvaraosahaku.fi\/?product=ridex-2s0057-starttimoottori"},"modified":"2021-02-21T17:59:17","modified_gmt":"2021-02-21T17:59:17","slug":"ridex-2s0057-starttimoottori","status":"publish","type":"product","link":"https:\/\/www.autonvaraosahaku.fi\/?product=ridex-2s0057-starttimoottori","title":{"rendered":"RIDEX 2S0057 Starttimoottori"},"content":{"rendered":"<p>J\u00e4nnite (V): 12; Hammasluku: 9; K\u00e4ynnistinmoottori teho (kW): 1,1; Pistokemallin tunnus: B+(M8), 50(M5), B+(M8)\/50(M5); Teho (kW): 1,1; Py\u00f6rimissuunta: Py\u00f6rimissuunta my\u00f6t\u00e4p\u00e4iv\u00e4\u00e4n; M\u00e4\u00e4r\u00e4yksikk\u00f6: Kappale; Laippa \u00d8(mm): 62; kierrereiki\u00e4 [kpl]: 3; Kiinnitysreikien lukum\u00e4\u00e4r\u00e4: 3; Valmistusvuosi alkaen: 01\/1987; LANCIA: PHEDRA 179,LYBRA SW 839BX,LYBRA 839AX,ZETA 220; FIAT: DUCATO Pritsche\/Fahrgestell 230,DUCATO Bus 230,DUCATO Kasten 244,DUCATO Pritsche\/Fahrgestell 244,DUCATO Kasten 230L,ULYSSE 179AX,DUCATO Bus 244, Z_,MULTIPLA 186,BRAVO I 182,ULYSSE 220,BRAVA 182,SCUDO Kasten 220L,MAREA Weekend 185,SCUDO Combinato 220P,PALIO Weekend 178DX,TIPO 160,MAREA 185; CITRO\u00cbN: BERLINGO MF,XSARA PICASSO N68,C5 III Break TD_,C4 Grand Picasso I UA_,C8 EA_, EB_,C4 I LC_,BERLINGO Kasten M_,C5 II Break RE_,C5 I DC_,C5 I Break DE_,C5 III RD_,XSARA N1,C4 Coupe LA_,C5 II RC_,XSARA Break N2,JUMPY,JUMPER Kasten 244,JUMPY Kasten,XM Y4,XSARA Coupe N0,XANTIA X1,EVASION 22, U6,ZX N2,BX XB-_,JUMPY U6U,JUMPY Kasten BS_, BT_, BY_, BZ_,JUMPER Kasten 230L,JUMPER Bus 244, Z_,XM Y3,XANTIA Break X1,JUMPER Bus 230P,ZX Break N2,XM Break Y4,JUMPER Pritsche\/Fahrgestell 230,BX Break XB-_,JUMPY Pritsche\/Fahrgestell BU_, BV_, BW_, BX_,XM Break Y3; PEUGEOT: 206 Schr\u00e4gheck 2A\/C,206 CC 2D,307 SW 3H,307 CC 3B,407 SW 6E_,307 3A\/C,308 SW,206 SW 2E\/K,807 E,307 Break 3E,508 SW,306 Schr\u00e4gheck 7A, 7C, N3, N5,607 9D, 9U,306 Cabriolet 7D, N3, N5,407 6D_,406 Break 8E\/F,PARTNER Combispace 5F,205 II 20A\/C,PARTNER Kasten 5,406 Coupe 8C,306 Break 7E, N3, N5,406 8B,806 221,508,407 Coupe 6C_,EXPERT Tepee VF3V_,BOXER Kasten 230L,EXPERT Kasten VF3A_, VF3U_, VF3X_,BOXER Kasten 244,306 7B, N3, N5,205 I Cabriolet 741B, 20D,EXPERT Kasten 222,309 II 3C, 3A,205 I 741A\/C,405 I 15B,BOXER Bus 230P,BOXER Bus 244, Z_,BOXER Pritsche\/Fahrgestell ZCT_,605 6B,EXPERT 224,405 II 4B,309 I 10C, 10A,405 II Break 4E,405 I Break 15E,305 II 581M,305 II Break 581E; 58020000, 580288, 5802J0, 5802L6, 5802P9, 5802Q2, 69155198, 91507477, 91508523, 91508524, 91508525, 91508644, 95607229, 95607229R, 95656487, 95667754, 95667754R, 95667758, 95667758R, 96014184, 96035033, 96035033R, 96035034, 9603503480, 96102058, 96102058R, 96155198, 1319121080, 71716554, 9613015980, 961323028, 9613230280, 9619310280, 9624291380, 9625168680, M000T82081, M000T82081ZE, M000T85381, M0T82081, M0T82081ZE, M0T85381, 555838, 580238, 580279, 580288, 5802E1, 5802E4, 5802F4, 5802F5, 5802L0, 5802L6, 5802T6, 9656317680, 150864480; Startti,K\u00e4ynnistinmoottori<\/p>\n","protected":false},"excerpt":{"rendered":"<p>RIDEX Starttimoottori 2S0057 Startti,K\u00e4ynnistinmoottori LANCIA,FIAT,CITRO\u00cbN,PHEDRA 179,LYBRA SW 839BX,LYBRA 839AX,ZETA 220<\/p>\n","protected":false},"featured_media":0,"template":"","meta":{"site-sidebar-layout":"default","site-content-layout":"default","ast-global-header-display":"","ast-main-header-display":"","ast-hfb-above-header-display":"","ast-hfb-below-header-display":"","ast-hfb-mobile-header-display":"","site-post-title":"","ast-breadcrumbs-content":"","ast-featured-img":"","footer-sml-layout":"","theme-transparent-header-meta":"","adv-header-id-meta":"","stick-header-meta":"","header-above-stick-meta":"","header-main-stick-meta":"","header-below-stick-meta":""},"pwb-brand":[157],"product_cat":[295],"product_tag":[],"class_list":{"0":"post-56067","1":"product","2":"type-product","3":"status-publish","5":"pwb-brand-ridex","6":"product_cat-starttimoottori","7":"desktop-align-left","8":"tablet-align-left","9":"mobile-align-left","11":"first","12":"instock","13":"product-type-external"},"brands":[{"id":157,"name":"RIDEX","slug":"ridex"}],"_links":{"self":[{"href":"https:\/\/www.autonvaraosahaku.fi\/index.php?rest_route=\/wp\/v2\/product\/56067","targetHints":{"allow":["GET"]}}],"collection":[{"href":"https:\/\/www.autonvaraosahaku.fi\/index.php?rest_route=\/wp\/v2\/product"}],"about":[{"href":"https:\/\/www.autonvaraosahaku.fi\/index.php?rest_route=\/wp\/v2\/types\/product"}],"wp:attachment":[{"href":"https:\/\/www.autonvaraosahaku.fi\/index.php?rest_route=%2Fwp%2Fv2%2Fmedia&parent=56067"}],"wp:term":[{"taxonomy":"pwb-brand","embeddable":true,"href":"https:\/\/www.autonvaraosahaku.fi\/index.php?rest_route=%2Fwp%2Fv2%2Fpwb-brand&post=56067"},{"taxonomy":"product_cat","embeddable":true,"href":"https:\/\/www.autonvaraosahaku.fi\/index.php?rest_route=%2Fwp%2Fv2%2Fproduct_cat&post=56067"},{"taxonomy":"product_tag","embeddable":true,"href":"https:\/\/www.autonvaraosahaku.fi\/index.php?rest_route=%2Fwp%2Fv2%2Fproduct_tag&post=56067"}],"curies":[{"name":"wp","href":"https:\/\/api.w.org\/{rel}","templated":true}]}}