{"id":56103,"date":"2021-02-21T17:59:28","date_gmt":"2021-02-21T17:59:28","guid":{"rendered":"https:\/\/www.autonvaraosahaku.fi\/?product=lemforder-33503-01-iskunvaimentimen-tukilaakeri"},"modified":"2021-02-21T17:59:28","modified_gmt":"2021-02-21T17:59:28","slug":"lemforder-33503-01-iskunvaimentimen-tukilaakeri","status":"publish","type":"product","link":"https:\/\/www.autonvaraosahaku.fi\/?product=lemforder-33503-01-iskunvaimentimen-tukilaakeri","title":{"rendered":"LEMF\u00d6RDER 33503 01 Iskunvaimentimen tukilaakeri"},"content":{"rendered":"<p>Asennuspuoli: Etuakseli, Molemminpuolin; Lukum\u00e4\u00e4r\u00e4 akselille: 2; Alustarakenne: f\u00fcr Fahrzeuge ohne elektr. D\u00e4mpferregulierung; MERCEDES-BENZ: C-CLASS W204,C-CLASS T-Model S204,E-CLASS W212,B-CLASS W246, W242,E-CLASS T-Model S212,GLK-CLASS X204,A-CLASS W176,E-CLASS Coupe C207,CLA Coupe C117,C-CLASS Coupe C204,SLK R172,E-CLASS Cabriolet A207,CLS C218,CLS Shooting Brake X218,GLA-CLASS X156,CLA Shooting Brake X117,SLC R172; 2049810025, A2049810025<\/p>\n","protected":false},"excerpt":{"rendered":"<p>LEMF\u00d6RDER Rullalaakeri, Jousijalkalaakeri 33503 01  MERCEDES-BENZ,C-CLASS W204,C-CLASS T-Model S204,E-CLASS W212,B-CLASS W246, W242<\/p>\n","protected":false},"featured_media":0,"template":"","meta":{"site-sidebar-layout":"default","site-content-layout":"default","ast-global-header-display":"","ast-main-header-display":"","ast-hfb-above-header-display":"","ast-hfb-below-header-display":"","ast-hfb-mobile-header-display":"","site-post-title":"","ast-breadcrumbs-content":"","ast-featured-img":"","footer-sml-layout":"","theme-transparent-header-meta":"","adv-header-id-meta":"","stick-header-meta":"","header-above-stick-meta":"","header-main-stick-meta":"","header-below-stick-meta":""},"pwb-brand":[77],"product_cat":[106],"product_tag":[],"class_list":{"0":"post-56103","1":"product","2":"type-product","3":"status-publish","5":"pwb-brand-lemforder","6":"product_cat-iskunvaimentimen-tukilaakeri","7":"desktop-align-left","8":"tablet-align-left","9":"mobile-align-left","11":"first","12":"instock","13":"product-type-external"},"brands":[{"id":77,"name":"LEMF\u00d6RDER","slug":"lemforder"}],"_links":{"self":[{"href":"https:\/\/www.autonvaraosahaku.fi\/index.php?rest_route=\/wp\/v2\/product\/56103","targetHints":{"allow":["GET"]}}],"collection":[{"href":"https:\/\/www.autonvaraosahaku.fi\/index.php?rest_route=\/wp\/v2\/product"}],"about":[{"href":"https:\/\/www.autonvaraosahaku.fi\/index.php?rest_route=\/wp\/v2\/types\/product"}],"wp:attachment":[{"href":"https:\/\/www.autonvaraosahaku.fi\/index.php?rest_route=%2Fwp%2Fv2%2Fmedia&parent=56103"}],"wp:term":[{"taxonomy":"pwb-brand","embeddable":true,"href":"https:\/\/www.autonvaraosahaku.fi\/index.php?rest_route=%2Fwp%2Fv2%2Fpwb-brand&post=56103"},{"taxonomy":"product_cat","embeddable":true,"href":"https:\/\/www.autonvaraosahaku.fi\/index.php?rest_route=%2Fwp%2Fv2%2Fproduct_cat&post=56103"},{"taxonomy":"product_tag","embeddable":true,"href":"https:\/\/www.autonvaraosahaku.fi\/index.php?rest_route=%2Fwp%2Fv2%2Fproduct_tag&post=56103"}],"curies":[{"name":"wp","href":"https:\/\/api.w.org\/{rel}","templated":true}]}}