{"id":56150,"date":"2021-02-21T17:59:40","date_gmt":"2021-02-21T17:59:40","guid":{"rendered":"https:\/\/www.autonvaraosahaku.fi\/?product=valeo-801976-kytkinpaketti"},"modified":"2021-02-21T17:59:42","modified_gmt":"2021-02-21T17:59:42","slug":"valeo-801976-kytkinpaketti","status":"publish","type":"product","link":"https:\/\/www.autonvaraosahaku.fi\/?product=valeo-801976-kytkinpaketti","title":{"rendered":"VALEO 801976 Kytkinpaketti"},"content":{"rendered":"<p>Uusi osa: ; Lis\u00e4tarvike\/lis\u00e4tieto: Painelevyll\u00e4; Ulkol\u00e4pimitta [mm]: 200; Ty\u00f6nt\u00f6voima [N]: 3600; Korvaava tuote\/korvaava tiedote 2: Kytkinlevyll\u00e4, irroitinlaakerilla; Ulkol\u00e4pimitta 1 [mm]: 200; Hammasluku: 20; Napaprofiili: 22,2 x 20; K\u00e4ytt\u00f6tapa: Painekytkin; Paino [kg]: 4,71; Tuotelinja: KIT3P; Valmistusvuosi alkaen: 04\/1991; HONDA: LOGO GA3,CRX II ED, EE,CIVIC IV Hatchback EC, ED, EE,CONCERTO HW,CIVIC IV Stufenheck ED,CONCERTO Stufenheck HWW,CIVIC II Shuttle EE; ROVER: CABRIOLET XW,200 Hatchback XW,200 Coupe XW,400 Tourer XW,400 XW; 22105P02305, 22105P7A305, 22105PM7515, 22105PM7585, GCK354AF, GCU90117AF, GCU90117AG, GCU90118AF, GCU90118AG; Kytkinsarja<\/p>\n","protected":false},"excerpt":{"rendered":"<p>VALEO Kytkinpaketti 801976 Kytkinsarja HONDA,ROVER,LOGO GA3,CRX II ED, EE,CIVIC IV Hatchback EC, ED, EE,CONCERTO HW,CIVIC IV Stufenheck ED<\/p>\n","protected":false},"featured_media":0,"template":"","meta":{"site-sidebar-layout":"default","site-content-layout":"default","ast-global-header-display":"","ast-main-header-display":"","ast-hfb-above-header-display":"","ast-hfb-below-header-display":"","ast-hfb-mobile-header-display":"","site-post-title":"","ast-breadcrumbs-content":"","ast-featured-img":"","footer-sml-layout":"","theme-transparent-header-meta":"","adv-header-id-meta":"","stick-header-meta":"","header-above-stick-meta":"","header-main-stick-meta":"","header-below-stick-meta":""},"pwb-brand":[28],"product_cat":[21],"product_tag":[],"class_list":{"0":"post-56150","1":"product","2":"type-product","3":"status-publish","5":"pwb-brand-valeo","6":"product_cat-kytkinpaketti","7":"desktop-align-left","8":"tablet-align-left","9":"mobile-align-left","11":"first","12":"instock","13":"product-type-external"},"brands":[{"id":28,"name":"VALEO","slug":"valeo"}],"_links":{"self":[{"href":"https:\/\/www.autonvaraosahaku.fi\/index.php?rest_route=\/wp\/v2\/product\/56150","targetHints":{"allow":["GET"]}}],"collection":[{"href":"https:\/\/www.autonvaraosahaku.fi\/index.php?rest_route=\/wp\/v2\/product"}],"about":[{"href":"https:\/\/www.autonvaraosahaku.fi\/index.php?rest_route=\/wp\/v2\/types\/product"}],"wp:attachment":[{"href":"https:\/\/www.autonvaraosahaku.fi\/index.php?rest_route=%2Fwp%2Fv2%2Fmedia&parent=56150"}],"wp:term":[{"taxonomy":"pwb-brand","embeddable":true,"href":"https:\/\/www.autonvaraosahaku.fi\/index.php?rest_route=%2Fwp%2Fv2%2Fpwb-brand&post=56150"},{"taxonomy":"product_cat","embeddable":true,"href":"https:\/\/www.autonvaraosahaku.fi\/index.php?rest_route=%2Fwp%2Fv2%2Fproduct_cat&post=56150"},{"taxonomy":"product_tag","embeddable":true,"href":"https:\/\/www.autonvaraosahaku.fi\/index.php?rest_route=%2Fwp%2Fv2%2Fproduct_tag&post=56150"}],"curies":[{"name":"wp","href":"https:\/\/api.w.org\/{rel}","templated":true}]}}