{"id":56152,"date":"2021-02-21T17:59:40","date_gmt":"2021-02-21T17:59:40","guid":{"rendered":"https:\/\/www.autonvaraosahaku.fi\/?product=valeo-786025-kytkinpaketti"},"modified":"2021-02-21T17:59:42","modified_gmt":"2021-02-21T17:59:42","slug":"valeo-786025-kytkinpaketti","status":"publish","type":"product","link":"https:\/\/www.autonvaraosahaku.fi\/?product=valeo-786025-kytkinpaketti","title":{"rendered":"VALEO 786025 Kytkinpaketti"},"content":{"rendered":"<p>Uusi osa: ; Lis\u00e4tarvike\/lis\u00e4tieto: Painelevyll\u00e4; Ulkol\u00e4pimitta [mm]: 200; Versio: CPO; Ty\u00f6nt\u00f6voima [N]: 4725; Korvaava tuote\/korvaava tiedote 2: Kytkinlevyll\u00e4, irroitinlaakerilla; Ulkol\u00e4pimitta 1 [mm]: 200; Hammasluku: 18; K\u00e4ytt\u00f6tapa: Painekytkin; Paino [kg]: 5,21; Tuotelinja: CLASSIC KIT3P; Moottorinumero: DW8,DW8B; CITRO\u00cbN: BERLINGO MF,BERLINGO Kasten M_,XSARA N1,XSARA Break N2,XSARA Coupe N0; PEUGEOT: 206 Schr\u00e4gheck 2A\/C,PARTNER Combispace 5F,PARTNER Kasten 5,206 Van,PARTNER Pritsche\/Fahrgestell; 1611267380, 2050G9, 2050X1, 2052E7, 2052T9, 1611267380, 205068, 205098, 205254, 205291, 2052E6, 2052T9; Kytkinsarja<\/p>\n","protected":false},"excerpt":{"rendered":"<p>VALEO Kytkinpaketti 786025 Kytkinsarja CITRO\u00cbN,PEUGEOT,BERLINGO MF,BERLINGO Kasten M_,XSARA N1,XSARA Break N2,XSARA Coupe N0,206 Schr\u00e4gheck 2A\/C<\/p>\n","protected":false},"featured_media":0,"template":"","meta":{"site-sidebar-layout":"default","site-content-layout":"default","ast-global-header-display":"","ast-main-header-display":"","ast-hfb-above-header-display":"","ast-hfb-below-header-display":"","ast-hfb-mobile-header-display":"","site-post-title":"","ast-breadcrumbs-content":"","ast-featured-img":"","footer-sml-layout":"","theme-transparent-header-meta":"","adv-header-id-meta":"","stick-header-meta":"","header-above-stick-meta":"","header-main-stick-meta":"","header-below-stick-meta":""},"pwb-brand":[28],"product_cat":[21],"product_tag":[],"class_list":{"0":"post-56152","1":"product","2":"type-product","3":"status-publish","5":"pwb-brand-valeo","6":"product_cat-kytkinpaketti","7":"desktop-align-left","8":"tablet-align-left","9":"mobile-align-left","11":"first","12":"instock","13":"product-type-external"},"brands":[{"id":28,"name":"VALEO","slug":"valeo"}],"_links":{"self":[{"href":"https:\/\/www.autonvaraosahaku.fi\/index.php?rest_route=\/wp\/v2\/product\/56152","targetHints":{"allow":["GET"]}}],"collection":[{"href":"https:\/\/www.autonvaraosahaku.fi\/index.php?rest_route=\/wp\/v2\/product"}],"about":[{"href":"https:\/\/www.autonvaraosahaku.fi\/index.php?rest_route=\/wp\/v2\/types\/product"}],"wp:attachment":[{"href":"https:\/\/www.autonvaraosahaku.fi\/index.php?rest_route=%2Fwp%2Fv2%2Fmedia&parent=56152"}],"wp:term":[{"taxonomy":"pwb-brand","embeddable":true,"href":"https:\/\/www.autonvaraosahaku.fi\/index.php?rest_route=%2Fwp%2Fv2%2Fpwb-brand&post=56152"},{"taxonomy":"product_cat","embeddable":true,"href":"https:\/\/www.autonvaraosahaku.fi\/index.php?rest_route=%2Fwp%2Fv2%2Fproduct_cat&post=56152"},{"taxonomy":"product_tag","embeddable":true,"href":"https:\/\/www.autonvaraosahaku.fi\/index.php?rest_route=%2Fwp%2Fv2%2Fproduct_tag&post=56152"}],"curies":[{"name":"wp","href":"https:\/\/api.w.org\/{rel}","templated":true}]}}